{"id":816,"date":"2017-08-29T14:55:17","date_gmt":"2017-08-29T12:55:17","guid":{"rendered":"https:\/\/pavillon-adc.ch\/wp\/?page_id=816"},"modified":"2020-06-16T16:59:28","modified_gmt":"2020-06-16T14:59:28","slug":"recevoir-le-journal","status":"publish","type":"page","link":"https:\/\/archives.adc-geneve.ch\/2021\/recevoir-le-journal\/","title":{"rendered":"Recevoir le Journal de l&#8217;ADC"},"content":{"rendered":"\n<div class=\"wp-container-69d66106a8783 wp-block-columns\">\n<div class=\"wp-block-column\">\n<h2>Recevoir le Journal de l&#8217;ADC<\/h2>\n\n\n\n<p>D\u00e8s la sortie du prochain num\u00e9ro, vous pouvez recevoir gratuitement le journal de l&#8217;ADC dans votre bo\u00eete aux lettres, ou bien acc\u00e9der \u00e0 sa version num\u00e9rique.<\/p>\n\n\n<div class=\"frm_forms  with_frm_style frm_style_formidable-style\" id=\"frm_form_13_container\" >\n<form enctype=\"multipart\/form-data\" method=\"post\" class=\"frm-show-form  frm_js_validate  frm_pro_form  frm_ajax_submit \" id=\"form_contact4\"  >\n<div class=\"frm_form_fields \">\n<fieldset>\n<legend class=\"frm_hidden\">Abonnement au journal<\/legend>\r\n\r\n<div class=\"frm_fields_container\">\n<input type=\"hidden\" name=\"frm_action\" value=\"create\" \/>\n<input type=\"hidden\" name=\"form_id\" value=\"13\" \/>\n<input type=\"hidden\" name=\"frm_hide_fields_13\" id=\"frm_hide_fields_13\" value=\"\" \/>\n<input type=\"hidden\" name=\"form_key\" value=\"contact4\" \/>\n<input type=\"hidden\" name=\"item_meta[0]\" value=\"\" \/>\n<input type=\"hidden\" id=\"frm_submit_entry_13\" name=\"frm_submit_entry_13\" value=\"1f3f281bc9\" \/><input type=\"hidden\" name=\"_wp_http_referer\" value=\"\/2021\/wp-json\/wp\/v2\/pages\/816\" \/><div id=\"frm_field_446_container\" class=\"frm_form_field form-field  frm_required_field frm_top_container vertical_radio\">\r\n    <label for=\"field_ovebv\" class=\"frm_primary_label\">Je souhaite recevoir :\r\n        <span class=\"frm_required\">*<\/span>\r\n    <\/label>\r\n    <div class=\"frm_opt_container\">\t\t<div class=\"frm_radio\" id=\"frm_radio_446-0\"><label for=\"field_ovebv-0\">\t\t<input type=\"radio\" name=\"item_meta[446]\" id=\"field_ovebv-0\" value=\"la version papier du journal par courrier\"\n\t\t   data-reqmsg=\"Ce champ ne peut pas \u00eatre vide\" data-invmsg=\"Je souhaite recevoir : est non valide\" aria-invalid=\"false\"  \/> la version papier du journal par courrier<\/label><\/div>\n\t\t<div class=\"frm_radio\" id=\"frm_radio_446-1\"><label for=\"field_ovebv-1\">\t\t<input type=\"radio\" name=\"item_meta[446]\" id=\"field_ovebv-1\" value=\"un mail pour lire le journal en version num\u00e9rique\"\n\t\t   data-reqmsg=\"Ce champ ne peut pas \u00eatre vide\" data-invmsg=\"Je souhaite recevoir : est non valide\" aria-invalid=\"false\"  \/> un mail pour lire le journal en version num\u00e9rique<\/label><\/div>\n<\/div>\r\n    \r\n    \r\n<\/div>\n<div id=\"frm_field_133_container\" class=\"frm_form_field form-field  frm_required_field frm_top_container frm_first frm_half\">\r\n    <label for=\"field_qh4icy4\" class=\"frm_primary_label\">Nom\r\n        <span class=\"frm_required\">*<\/span>\r\n    <\/label>\r\n    <input type=\"text\" id=\"field_qh4icy4\" name=\"item_meta[133]\" value=\"\"  data-reqmsg=\"Ce champ ne peut pas \u00eatre vide\" aria-required=\"true\" data-invmsg=\"Nom est non valide\" aria-invalid=\"false\"  \/>\r\n    \r\n    \r\n<\/div>\n<div id=\"frm_field_437_container\" class=\"frm_form_field form-field  frm_required_field frm_top_container frm_half\">\r\n    <label for=\"field_20w3j\" class=\"frm_primary_label\">Pr\u00e9nom\r\n        <span class=\"frm_required\">*<\/span>\r\n    <\/label>\r\n    <input type=\"text\" id=\"field_20w3j\" name=\"item_meta[437]\" value=\"\"  data-reqmsg=\"Ce champ ne peut pas \u00eatre vide\" aria-required=\"true\" data-invmsg=\"texte est non valide\" aria-invalid=\"false\"  \/>\r\n    \r\n    \r\n<\/div>\n<div id=\"frm_field_140_container\" class=\"frm_form_field form-field  frm_required_field frm_top_container\">\r\n    <label for=\"field_jmp6f\" class=\"frm_primary_label\">Rue\r\n        <span class=\"frm_required\">*<\/span>\r\n    <\/label>\r\n    <input type=\"text\" id=\"field_jmp6f\" name=\"item_meta[140]\" value=\"\"  data-reqmsg=\"Ce champ ne peut pas \u00eatre vide\" aria-required=\"true\" data-invmsg=\"Rue est non valide\" aria-invalid=\"false\"  \/>\r\n    \r\n    \r\n<\/div>\n<div id=\"frm_field_141_container\" class=\"frm_form_field form-field  frm_required_field frm_top_container frm_first frm_half\">\r\n    <label for=\"field_t2kr9\" class=\"frm_primary_label\">Code postal\r\n        <span class=\"frm_required\">*<\/span>\r\n    <\/label>\r\n    <input type=\"text\" id=\"field_t2kr9\" name=\"item_meta[141]\" value=\"\"  data-reqmsg=\"Ce champ ne peut pas \u00eatre vide\" aria-required=\"true\" data-invmsg=\"Code postal est non valide\" aria-invalid=\"false\"  \/>\r\n    \r\n    \r\n<\/div>\n<div id=\"frm_field_142_container\" class=\"frm_form_field form-field  frm_required_field frm_top_container frm_half\">\r\n    <label for=\"field_p5cl4\" class=\"frm_primary_label\">Ville\r\n        <span class=\"frm_required\">*<\/span>\r\n    <\/label>\r\n    <input type=\"text\" id=\"field_p5cl4\" name=\"item_meta[142]\" value=\"\"  data-reqmsg=\"Ce champ ne peut pas \u00eatre vide\" aria-required=\"true\" data-invmsg=\"Ville est non valide\" aria-invalid=\"false\"  \/>\r\n    \r\n    \r\n<\/div>\n<div id=\"frm_field_143_container\" class=\"frm_form_field form-field  frm_required_field frm_top_container frm_first frm_half\">\r\n    <label for=\"field_vahqa\" class=\"frm_primary_label\">Pays\r\n        <span class=\"frm_required\">*<\/span>\r\n    <\/label>\r\n    <input type=\"text\" id=\"field_vahqa\" name=\"item_meta[143]\" value=\"\"  data-reqmsg=\"Ce champ ne peut pas \u00eatre vide\" aria-required=\"true\" data-invmsg=\"Pays est non valide\" aria-invalid=\"false\"  \/>\r\n    \r\n    \r\n<\/div>\n<div id=\"frm_field_445_container\" class=\"frm_form_field form-field  frm_required_field frm_top_container frm_half\">\r\n    <label for=\"field_qka1\" class=\"frm_primary_label\">Email\r\n        <span class=\"frm_required\">*<\/span>\r\n    <\/label>\r\n    <input type=\"email\" id=\"field_qka1\" name=\"item_meta[445]\" value=\"\"  data-reqmsg=\"Ce champ ne peut pas \u00eatre vide\" aria-required=\"true\" data-invmsg=\"Please enter a valid email address\" aria-invalid=\"false\"  \/>\r\n    \r\n    \r\n<\/div>\n<div id=\"frm_field_444_container\" class=\"frm_form_field form-field  frm_required_field frm_top_container frm_first frm_half\">\r\n    <label for=\"field_a1owh\" class=\"frm_primary_label\">Nom\r\n        <span class=\"frm_required\">*<\/span>\r\n    <\/label>\r\n    <input type=\"text\" id=\"field_a1owh\" name=\"item_meta[444]\" value=\"\"  data-reqmsg=\"Ce champ ne peut pas \u00eatre vide\" aria-required=\"true\" data-invmsg=\"Nom est non valide\" aria-invalid=\"false\"  \/>\r\n    \r\n    \r\n<\/div>\n<div id=\"frm_field_447_container\" class=\"frm_form_field form-field  frm_required_field frm_top_container frm_half\">\r\n    <label for=\"field_gctop\" class=\"frm_primary_label\">Pr\u00e9nom\r\n        <span class=\"frm_required\">*<\/span>\r\n    <\/label>\r\n    <input type=\"text\" id=\"field_gctop\" name=\"item_meta[447]\" value=\"\"  data-reqmsg=\"Ce champ ne peut pas \u00eatre vide\" aria-required=\"true\" data-invmsg=\"texte est non valide\" aria-invalid=\"false\"  \/>\r\n    \r\n    \r\n<\/div>\n<div id=\"frm_field_135_container\" class=\"frm_form_field form-field  frm_required_field frm_top_container frm_half\">\r\n    <label for=\"field_29yf4d4\" class=\"frm_primary_label\">Email\r\n        <span class=\"frm_required\">*<\/span>\r\n    <\/label>\r\n    <input type=\"email\" id=\"field_29yf4d4\" name=\"item_meta[135]\" value=\"\"  data-reqmsg=\"Ce champ ne peut pas \u00eatre vide\" aria-required=\"true\" data-invmsg=\"Please enter a valid email address\" aria-invalid=\"false\"  \/>\r\n    \r\n    \r\n<\/div>\n<div id=\"frm_field_443_container\" class=\"frm_form_field form-field  frm_top_container vertical_radio\">\r\n    <label for=\"field_5jpl0\" class=\"frm_primary_label\">Je souhaite aussi recevoir les flyers de l'ADC par courrier\r\n        <span class=\"frm_required\"><\/span>\r\n    <\/label>\r\n    <div class=\"frm_opt_container\">\t\t<div class=\"frm_checkbox\" id=\"frm_checkbox_443-0\"><label for=\"field_5jpl0-0\"><input type=\"checkbox\" name=\"item_meta[443][]\" id=\"field_5jpl0-0\" value=\"OUI\"  data-invmsg=\"Je souhaite aussi recevoir les flyers de l&#039;ADC par courrier est non valide\" aria-invalid=\"false\"   \/> OUI<\/label><\/div>\n<\/div>\r\n    \r\n    \r\n<\/div>\n<div id=\"frm_field_442_container\" class=\"frm_form_field form-field  frm_none_container\">\r\n    <label  class=\"frm_primary_label\">reCAPTCHA\r\n        <span class=\"frm_required\"><\/span>\r\n    <\/label>\r\n    <div id=\"field_1h1gq\" class=\"g-recaptcha\" data-sitekey=\"6LfrVKwZAAAAACJNq0tOHgnZypyX2pz3joIYvrT6\" data-size=\"invisible\" data-theme=\"light\" data-callback=\"frmAfterRecaptcha\"><\/div>\r\n    \r\n    \r\n<\/div>\n\t<input type=\"hidden\" name=\"item_key\" value=\"\" \/>\n\t<div class=\"frm_submit\">\r\n\r\n<button class=\"frm_button_submit frm_final_submit\" type=\"submit\"   formnovalidate=\"formnovalidate\">Envoyer<\/button>\r\n\r\n<\/div><\/div>\n<\/fieldset>\n<\/div>\n<\/form>\n<\/div>\n\n<\/div>\n\n\n\n<div class=\"wp-block-column\"><\/div>\n<\/div>\n\n\n\n<p><\/p>\n","protected":false},"excerpt":{"rendered":"<p>Recevoir le Journal de l&#8217;ADC D\u00e8s la sortie du prochain num\u00e9ro, vous pouvez recevoir gratuitement le journal de l&#8217;ADC dans votre bo\u00eete aux lettres, ou bien acc\u00e9der \u00e0 sa version num\u00e9rique.<\/p>\n","protected":false},"author":2,"featured_media":0,"parent":0,"menu_order":0,"comment_status":"closed","ping_status":"closed","template":"","meta":[],"_links":{"self":[{"href":"https:\/\/archives.adc-geneve.ch\/2021\/wp-json\/wp\/v2\/pages\/816"}],"collection":[{"href":"https:\/\/archives.adc-geneve.ch\/2021\/wp-json\/wp\/v2\/pages"}],"about":[{"href":"https:\/\/archives.adc-geneve.ch\/2021\/wp-json\/wp\/v2\/types\/page"}],"author":[{"embeddable":true,"href":"https:\/\/archives.adc-geneve.ch\/2021\/wp-json\/wp\/v2\/users\/2"}],"replies":[{"embeddable":true,"href":"https:\/\/archives.adc-geneve.ch\/2021\/wp-json\/wp\/v2\/comments?post=816"}],"version-history":[{"count":0,"href":"https:\/\/archives.adc-geneve.ch\/2021\/wp-json\/wp\/v2\/pages\/816\/revisions"}],"wp:attachment":[{"href":"https:\/\/archives.adc-geneve.ch\/2021\/wp-json\/wp\/v2\/media?parent=816"}],"curies":[{"name":"wp","href":"https:\/\/api.w.org\/{rel}","templated":true}]}}