{"id":6807,"date":"2019-06-07T11:59:11","date_gmt":"2019-06-07T09:59:11","guid":{"rendered":"https:\/\/pavillon-adc.ch\/?page_id=6807"},"modified":"2020-06-26T12:06:14","modified_gmt":"2020-06-26T10:06:14","slug":"boite-a-outils","status":"publish","type":"page","link":"https:\/\/archives.adc-geneve.ch\/2021\/mediation\/boite-a-outils\/","title":{"rendered":"Bo\u00eete \u00e0 outils"},"content":{"rendered":"\n<div class=\"wp-container-6a05c0bdbc936 wp-block-columns\">\n<div class=\"wp-block-column\">\n<h1>Bo\u00eete \u00e0 outils<\/h1>\n\n\n\n<p>Spectatrices, spectateurs, enseignantes, enseignants,<br>Vous \u00eates d\u00e9sar\u00e7onn\u00e9s ? Vous voulez en savoir plus ou chercher des mani\u00e8res d&#8217;approcher la danse contemporaine.<br>Nous vous proposons ici diff\u00e9rents sites, ouvrages, bande-dessin\u00e9e, set de cartes, &#8230;<\/p>\n\n\n\n<ul><li><a rel=\"noreferrer noopener\" href=\"https:\/\/www.youtube.com\/watch?v=4aeBhLakp3c&amp;feature=youtu.be\" data-rel=\"lightbox-video-0\" target=\"_blank\">Une introduction anim\u00e9e \u00e0 la danse contemporaine<\/a><br><\/li><li><a rel=\"noreferrer noopener\" href=\"https:\/\/www.tanzist.ch\/fr\/\" target=\"_blank\">Un set de cartes<\/a> color\u00e9 pour revenir sur les spectacles avec des questions simples et pertinentes<br>que vous pouvez commander en ligne<\/li><li><a rel=\"noreferrer noopener\" href=\"https:\/\/www.numeridanse.tv\/accueil\" target=\"_blank\">Plus de 3\u2019000 vid\u00e9os sur toutes les danses<\/a>&nbsp;: jazz, contemporain, classique, danses urbaines, danses traditionnelles, danses de soci\u00e9t\u00e9.<br>Archives, extraits de pi\u00e8ces, interviews. Une mine d\u2019or&nbsp;!<\/li><li>Des fanzines pour approcher la danse contemporaine:<br><a rel=\"noreferrer noopener\" href=\"https:\/\/www.reso.ch\/fr\/tools\/danzine-no-1-charles-felix-s-initient-a-la-danse-contemporaine\" target=\"_blank\">\u00ab&nbsp;Charles &amp; Louis s\u2019initient \u00e0 la danse contemporaine (pour des raisons sentimentales)&nbsp;\u00bb<\/a><br><a rel=\"noreferrer noopener\" href=\"https:\/\/www.reso.ch\/fr\/tools\/danzine-no-2-jeannette-participe-a-la-creation-d-un-spectacle-de-danse\" target=\"_blank\">\u00ab&nbsp;Jeannette participe \u00e0 la cr\u00e9ation d\u2019un spectacle de danse&nbsp;\u00bb<\/a><\/li><\/ul>\n\n\n\n<ul><li>Bibliographie s\u00e9lective pour apprivoiser la danse contemporaine (ces ouvrages et vid\u00e9os sont disponibles dans notre centre de doc)<\/li><\/ul>\n\n\n\n<p><\/p>\n\n\n\n<p><strong>Ouvrages g\u00e9n\u00e9raux<\/strong><\/p>\n\n\n\n<p>&#8211; Marcelle Michel et Isabelle Ginot (1995). <em>La Danse au XXe si\u00e8cle.<\/em> Paris&nbsp;: Bordas<\/p>\n\n\n\n<p>&#8211; <em>Danser sa vie. Art et danse de 1900 \u00e0 nos jours.<\/em> (Catalogue d\u2019exposition), (2011) Paris : Centre Pompidou<\/p>\n\n\n\n<p>&#8211; Rosita Boisseau (2006), <em>Panorama de la danse contemporaine : 90 chor\u00e9graphes<\/em>, Paris : Textuel<\/p>\n\n\n\n<p>&#8211; Anne Davier et Annie Suquet (2016), <em>La danse contemporaine en Suisse. 1960 \u2013 2010 Les d\u00e9buts d\u2019une histoire<\/em>, Gen\u00e8ve&nbsp;: Zo\u00e9<\/p>\n\n\n\n<p>&#8211; Annie Suquet (2012), <em>L&#8217;Eveil des modernit\u00e9s, Une histoire culturelle de la danse (1870-1945)<\/em>, Paris : Centre national de la danse<\/p>\n\n\n\n<p><strong>Bande-dessin\u00e9e<\/strong><\/p>\n\n\n\n<p>&#8211; Mathilde Monnier et Fran\u00e7ois Olislaeger (2013), <em>Mathilde danser apr\u00e8s tout<\/em>, Deno\u00ebl\/Centre national de la danse<\/p>\n\n\n\n<p><strong>Documentaires<\/strong><\/p>\n\n\n\n<p><em>Let\u2019s dance \u2013 c\u2019est mon corps<\/em> (2014), ARTE<br><em>Let\u2019s dance \u2013 \u00e0 poil<\/em> (2014), ARTE<br><em>Let\u2019s dance \u2013 c\u2019est le pied<\/em> (2014), ARTE<\/p>\n<\/div>\n\n\n\n<div class=\"wp-block-column\">\n<div style=\"height:66px\" aria-hidden=\"true\" class=\"wp-block-spacer\"><\/div>\n\n\n\n<figure class=\"wp-block-gallery columns-1 is-cropped\"><ul class=\"blocks-gallery-grid\"><li class=\"blocks-gallery-item\"><figure><img loading=\"lazy\" width=\"600\" height=\"424\" src=\"https:\/\/archives.adc-geneve.ch\/2021\/wp-content\/uploads\/2020\/06\/mathilde-p114-115-600x424-1.jpg\" alt=\"\" data-id=\"9878\" data-full-url=\"https:\/\/archives.adc-geneve.ch\/2021\/wp-content\/uploads\/2020\/06\/mathilde-p114-115-600x424-1.jpg\" data-link=\"https:\/\/archives.adc-geneve.ch\/2021\/mediation\/boite-a-outils\/mathilde-p114-115-600x424-1\/\" class=\"wp-image-9878\" srcset=\"https:\/\/archives.adc-geneve.ch\/2021\/wp-content\/uploads\/2020\/06\/mathilde-p114-115-600x424-1.jpg 600w, https:\/\/archives.adc-geneve.ch\/2021\/wp-content\/uploads\/2020\/06\/mathilde-p114-115-600x424-1-300x212.jpg 300w\" sizes=\"(max-width: 600px) 100vw, 600px\" \/><figcaption class=\"blocks-gallery-item__caption\">\u00a9 <em>Mathilde,<\/em> <em>Danser apr\u00e8s tout<\/em>, Mathilde Monnier et Fran\u00e7ois Olislaeger<\/figcaption><\/figure><\/li><\/ul><\/figure>\n<\/div>\n<\/div>\n","protected":false},"excerpt":{"rendered":"<p>Bo\u00eete \u00e0 outils Spectatrices, spectateurs, enseignantes, enseignants,Vous \u00eates d\u00e9sar\u00e7onn\u00e9s ? Vous voulez en savoir plus ou chercher des mani\u00e8res d&#8217;approcher la danse contemporaine.Nous vous proposons ici diff\u00e9rents sites, ouvrages, bande-dessin\u00e9e, set de cartes, &#8230; Une introduction anim\u00e9e \u00e0 la danse contemporaine Un set de cartes color\u00e9 pour revenir sur les spectacles avec des questions simples &hellip; <a href=\"https:\/\/archives.adc-geneve.ch\/2021\/mediation\/boite-a-outils\/\">Continued<\/a><\/p>\n","protected":false},"author":4,"featured_media":0,"parent":4119,"menu_order":0,"comment_status":"closed","ping_status":"closed","template":"","meta":[],"_links":{"self":[{"href":"https:\/\/archives.adc-geneve.ch\/2021\/wp-json\/wp\/v2\/pages\/6807"}],"collection":[{"href":"https:\/\/archives.adc-geneve.ch\/2021\/wp-json\/wp\/v2\/pages"}],"about":[{"href":"https:\/\/archives.adc-geneve.ch\/2021\/wp-json\/wp\/v2\/types\/page"}],"author":[{"embeddable":true,"href":"https:\/\/archives.adc-geneve.ch\/2021\/wp-json\/wp\/v2\/users\/4"}],"replies":[{"embeddable":true,"href":"https:\/\/archives.adc-geneve.ch\/2021\/wp-json\/wp\/v2\/comments?post=6807"}],"version-history":[{"count":0,"href":"https:\/\/archives.adc-geneve.ch\/2021\/wp-json\/wp\/v2\/pages\/6807\/revisions"}],"up":[{"embeddable":true,"href":"https:\/\/archives.adc-geneve.ch\/2021\/wp-json\/wp\/v2\/pages\/4119"}],"wp:attachment":[{"href":"https:\/\/archives.adc-geneve.ch\/2021\/wp-json\/wp\/v2\/media?parent=6807"}],"curies":[{"name":"wp","href":"https:\/\/api.w.org\/{rel}","templated":true}]}}