{"id":6805,"date":"2019-06-09T21:36:37","date_gmt":"2019-06-09T19:36:37","guid":{"rendered":"https:\/\/pavillon-adc.ch\/?page_id=6805"},"modified":"2020-08-28T11:29:49","modified_gmt":"2020-08-28T09:29:49","slug":"special-ecoles","status":"publish","type":"page","link":"https:\/\/archives.adc-geneve.ch\/2021\/mediation\/special-ecoles\/","title":{"rendered":"Sp\u00e9cial \u00e9coles"},"content":{"rendered":"\n<div class=\"wp-container-6a05b09c7611c wp-block-columns\">\n<div class=\"wp-block-column\">\n<h1>Sp\u00e9cial Ecoles<\/h1>\n\n\n\n<p><strong>Pour le Secondaire I et II<\/strong><\/p>\n\n\n\n<ul><li><strong>Une s\u00e9lection de 5 spectacles<\/strong><\/li><\/ul>\n\n\n\n<p>Louis Vanhaverbeke \u2013&nbsp;<em>Mikado Remix<\/em><br>Laurence Yadi, Nicolas Cantillon I Compagnie 7273 \u2013&nbsp;<em>Cr\u00e9ation 2021<\/em><br>Daya Jones \u2013 Amour Grenade<br>Boris Charmatz \u2013&nbsp;<em>infini<\/em><br>Le Ballet Junior &amp; Olivier Dubois \u2013&nbsp;<em>Audition<\/em><\/p>\n\n\n\n<p>Pour chacun des spectacles, nous vous proposons&nbsp;:<br>\u2013 un dossier avec des pistes \u00e0 d\u00e9velopper en classe<br>\u2013 des r\u00e9p\u00e9titions ouvertes aux studios du Gr\u00fctli ou sur le plateau des Eaux-Vives<br>\u2013 des introductions en classe \u00e0 la danse et aux spectacles<br>\u2013 des rencontres-discussions avec l\u2019\u00e9quipe artistique au th\u00e9\u00e2tre ou en classe<\/p>\n\n\n\n<ul><li><strong>Scolaires<\/strong><br><\/li><li><strong>Discussions philosophiques<br><\/strong>possibilit\u00e9 d\u2019organiser des discussions anim\u00e9es par l\u2019association Prophilo<br><\/li><li><strong>Ateliers corporels ( pour les classes primaires)<br><\/strong>anim\u00e9s par Catherine Egger, professeure de danse contemporaine et Mathieu Richter, artiste, performeur et vid\u00e9aste. Le stage consiste en une rencontre entre l\u2019enfant, l\u2019\u00e9quipe du th\u00e9\u00e2tre et un chor\u00e9graphe ; un travail corporel qui se nourrit de ces rencontres, qui donne des cl\u00e9s pour s\u2019impr\u00e9gner de l\u2019univers de la danse d\u2019aujourd\u2019hui, et explore le mouvement cr\u00e9atif par une approche des fondamentaux de la danse contemporaine.<br>En partenariat avec Ecole &amp; Culture<\/li><\/ul>\n\n\n\n<p>&#8212;<\/p>\n\n\n\n<p><strong>Pour les enseignant.e.s<\/strong><\/p>\n\n\n\n<ul><li><strong>Formation continue<\/strong><br>en deux sessions anim\u00e9e par Anne Davier et C\u00e9cile Simonet<\/li><li><strong>Les aventuri\u00e8r.e.s vont au th\u00e9\u00e2tre<\/strong> <strong>&#8211; <a href=\"https:\/\/archives.adc-geneve.ch\/2021\/wp-content\/uploads\/2020\/08\/LAST_aventuriers_20-21_4.pdf\">programme 2020-2021<\/a><\/strong><br><strong>Une sortie culturelle privil\u00e9gi\u00e9e le jeudi soir pour les enseignant.e.s<\/strong>\u00a0\u00e0 la d\u00e9couverte des sc\u00e8nes qui font la richesse de Gen\u00e8ve.Le soir-m\u00eame, vous \u00eates re\u00e7u.e.s 30 minutes avant la repr\u00e9sentation par un.e repr\u00e9sentant.e e du lieu qui vous pr\u00e9sente son histoire et son projet artistique<br>et culturel. A l\u2019issue de la repr\u00e9sentation, vous pouvez rester pour boire un verre, \u00e9changer vos sensations et impressions et parfois rencontrer les artistes.<\/li><\/ul>\n\n\n\n<p><\/p>\n<\/div>\n\n\n\n<div class=\"wp-block-column\">\n<figure class=\"wp-block-embed is-type-video is-provider-vimeo wp-block-embed-vimeo wp-embed-aspect-16-9 wp-has-aspect-ratio\"><div class=\"wp-block-embed__wrapper\">\n<iframe loading=\"lazy\" title=\"Pr&amp;eacute;sentation des 5 spectacles\" src=\"https:\/\/player.vimeo.com\/video\/435019482?dnt=1&amp;app_id=122963\" width=\"500\" height=\"281\" frameborder=\"0\" allow=\"autoplay; fullscreen\" allowfullscreen><\/iframe>\n<\/div><\/figure>\n\n\n\n<figure class=\"wp-block-gallery columns-1 is-cropped\"><ul class=\"blocks-gallery-grid\"><li class=\"blocks-gallery-item\"><figure><img loading=\"lazy\" width=\"1024\" height=\"1024\" src=\"https:\/\/archives.adc-geneve.ch\/2021\/wp-content\/uploads\/2020\/06\/IMG_E2131-1024x1024.jpg\" alt=\"\" data-id=\"9881\" data-full-url=\"https:\/\/archives.adc-geneve.ch\/2021\/wp-content\/uploads\/2020\/06\/IMG_E2131.jpg\" data-link=\"https:\/\/archives.adc-geneve.ch\/2021\/mediation\/special-ecoles\/img_e2131\/\" class=\"wp-image-9881\" srcset=\"https:\/\/archives.adc-geneve.ch\/2021\/wp-content\/uploads\/2020\/06\/IMG_E2131-1024x1024.jpg 1024w, https:\/\/archives.adc-geneve.ch\/2021\/wp-content\/uploads\/2020\/06\/IMG_E2131-300x300.jpg 300w, https:\/\/archives.adc-geneve.ch\/2021\/wp-content\/uploads\/2020\/06\/IMG_E2131-150x150.jpg 150w, https:\/\/archives.adc-geneve.ch\/2021\/wp-content\/uploads\/2020\/06\/IMG_E2131-768x768.jpg 768w, https:\/\/archives.adc-geneve.ch\/2021\/wp-content\/uploads\/2020\/06\/IMG_E2131-1536x1536.jpg 1536w, https:\/\/archives.adc-geneve.ch\/2021\/wp-content\/uploads\/2020\/06\/IMG_E2131-2048x2048.jpg 2048w, https:\/\/archives.adc-geneve.ch\/2021\/wp-content\/uploads\/2020\/06\/IMG_E2131-1320x1320.jpg 1320w\" sizes=\"(max-width: 1024px) 100vw, 1024px\" \/><\/figure><\/li><\/ul><\/figure>\n<\/div>\n<\/div>\n","protected":false},"excerpt":{"rendered":"<p>Sp\u00e9cial Ecoles Pour le Secondaire I et II Une s\u00e9lection de 5 spectacles Louis Vanhaverbeke \u2013&nbsp;Mikado RemixLaurence Yadi, Nicolas Cantillon I Compagnie 7273 \u2013&nbsp;Cr\u00e9ation 2021Daya Jones \u2013 Amour GrenadeBoris Charmatz \u2013&nbsp;infiniLe Ballet Junior &amp; Olivier Dubois \u2013&nbsp;Audition Pour chacun des spectacles, nous vous proposons&nbsp;:\u2013 un dossier avec des pistes \u00e0 d\u00e9velopper en classe\u2013 des r\u00e9p\u00e9titions &hellip; <a href=\"https:\/\/archives.adc-geneve.ch\/2021\/mediation\/special-ecoles\/\">Continued<\/a><\/p>\n","protected":false},"author":4,"featured_media":0,"parent":4119,"menu_order":0,"comment_status":"closed","ping_status":"closed","template":"","meta":[],"_links":{"self":[{"href":"https:\/\/archives.adc-geneve.ch\/2021\/wp-json\/wp\/v2\/pages\/6805"}],"collection":[{"href":"https:\/\/archives.adc-geneve.ch\/2021\/wp-json\/wp\/v2\/pages"}],"about":[{"href":"https:\/\/archives.adc-geneve.ch\/2021\/wp-json\/wp\/v2\/types\/page"}],"author":[{"embeddable":true,"href":"https:\/\/archives.adc-geneve.ch\/2021\/wp-json\/wp\/v2\/users\/4"}],"replies":[{"embeddable":true,"href":"https:\/\/archives.adc-geneve.ch\/2021\/wp-json\/wp\/v2\/comments?post=6805"}],"version-history":[{"count":3,"href":"https:\/\/archives.adc-geneve.ch\/2021\/wp-json\/wp\/v2\/pages\/6805\/revisions"}],"predecessor-version":[{"id":14231,"href":"https:\/\/archives.adc-geneve.ch\/2021\/wp-json\/wp\/v2\/pages\/6805\/revisions\/14231"}],"up":[{"embeddable":true,"href":"https:\/\/archives.adc-geneve.ch\/2021\/wp-json\/wp\/v2\/pages\/4119"}],"wp:attachment":[{"href":"https:\/\/archives.adc-geneve.ch\/2021\/wp-json\/wp\/v2\/media?parent=6805"}],"curies":[{"name":"wp","href":"https:\/\/api.w.org\/{rel}","templated":true}]}}