{"id":6771,"date":"2019-06-09T21:38:07","date_gmt":"2019-06-09T19:38:07","guid":{"rendered":"https:\/\/pavillon-adc.ch\/?page_id=6771"},"modified":"2021-06-04T16:02:06","modified_gmt":"2021-06-04T14:02:06","slug":"par-le-regard-et-lecoute","status":"publish","type":"page","link":"https:\/\/archives.adc-geneve.ch\/2021\/mediation\/par-le-regard-et-lecoute\/","title":{"rendered":"Repr\u00e9sentations RELAX"},"content":{"rendered":"\n<div class=\"wp-container-69e25760e3920 wp-block-columns\">\n<div class=\"wp-block-column\"><\/div>\n<\/div>\n\n\n\n<div class=\"wp-container-69e25760e44f6 wp-block-columns\">\n<div class=\"wp-block-column\">\n<p><meta charset=\"utf-8\"><strong>Une sortie Relax c&#8217;est quoi ?<\/strong><\/p>\n\n\n\n<p><br><strong>Une sortie Relax c&#8217;est un \u00e9v\u00e9nement culturel inclusif.<br><\/strong><\/p>\n\n\n\n<p><strong>Inclusif \u00e7a veut dire adapt\u00e9 \u00e0 tout le monde.<\/strong><\/p>\n\n\n\n<p><strong>Tout le monde \u00e7a veut dire par exemple<\/strong>\u00a0<strong>:<\/strong><\/p>\n\n\n\n<p>Pour les personnes en situation de handicap.<\/p>\n\n\n\n<p>Pour les mamans avec leurs b\u00e9b\u00e9s.<\/p>\n\n\n\n<p>Pour les personnes \u00e2g\u00e9es.<\/p>\n\n\n\n<p>Pour les personnes mal \u00e0 l\u2019aise dans les espaces publics ferm\u00e9s.<\/p>\n\n\n\n<p>En cas de doute, appelez-nous, nous sommes relax.<\/p>\n\n\n\n<div style=\"height:25px\" aria-hidden=\"true\" class=\"wp-block-spacer\"><\/div>\n\n\n\n<p><strong>Une sortie Relax c&#8217;est :<\/strong><\/p>\n\n\n\n<p>Un spectacle de <strong>th\u00e9\u00e2tre<\/strong> inclusif<\/p>\n\n\n\n<p>Un spectacle de <strong>danse<\/strong> inclusif<\/p>\n\n\n\n<p>Un film au <strong>cin\u00e9ma<\/strong> inclusif<\/p>\n\n\n\n<div style=\"height:25px\" aria-hidden=\"true\" class=\"wp-block-spacer\"><\/div>\n\n\n\n<p><strong>Par exemple, vous choisissez une sortie relax au th\u00e9\u00e2tre<\/strong><strong>.<\/strong><strong>&nbsp;<\/strong><\/p>\n\n\n\n<p><strong>Comment \u00e7a se passe ?<\/strong><\/p>\n\n\n\n<p><strong>Avant le spectacle&nbsp;:&nbsp;<\/strong><\/p>\n\n\n\n<p>1. Une personne du th\u00e9\u00e2tre vous accueille pour acheter votre billet.<\/p>\n\n\n\n<p>2. Une personne du th\u00e9\u00e2tre donne des infos sur le spectacle.<\/p>\n\n\n\n<p>3. Vous entrez dans la salle.<\/p>\n\n\n\n<p>4. La lumi\u00e8re baisse un peu.<\/p>\n\n\n\n<p>5. Le spectacle commence.<br><\/p>\n\n\n\n<div style=\"height:25px\" aria-hidden=\"true\" class=\"wp-block-spacer\"><\/div>\n\n\n\n<p><strong>Pendant le spectacle&nbsp;:&nbsp;<\/strong><\/p>\n\n\n\n<p>1. La porte de la salle reste ouverte.<br>Comme \u00e7a vous pouvez entrer et sortir quand vous voulez.<\/p>\n\n\n\n<p>2. Les sons du spectacle sont doux.<\/p>\n\n\n\n<p>3. Toutes les mani\u00e8res de r\u00e9agir sont ok.<\/p>\n\n\n\n<p>Par exemple, vous pouvez rire tr\u00e8s fort.<\/p>\n\n\n\n<p>4. Une personne du th\u00e9\u00e2tre reste l\u00e0 si vous avez besoin votre disposition.<\/p>\n\n\n\n<div style=\"height:25px\" aria-hidden=\"true\" class=\"wp-block-spacer\"><\/div>\n\n\n\n<p><strong>A la fin du spectacle vous pouvez&nbsp;:<\/strong><\/p>\n\n\n\n<p>Partager un verre avec vos amis.<\/p>\n\n\n\n<p>Parler du spectacle.<\/p>\n\n\n\n<p>Demander de l\u2019aide \u00e0 la personne du th\u00e9\u00e2tre pour rentrer chez vous.<br><\/p>\n\n\n\n<p>Par exemple pour\u00a0:<\/p>\n\n\n\n<p>Conna\u00eetre les horaires des <strong>TPG<\/strong>&nbsp;<\/p>\n\n\n\n<p>Appeler un<strong> taxi<\/strong><\/p>\n\n\n\n<div style=\"height:25px\" aria-hidden=\"true\" class=\"wp-block-spacer\"><\/div>\n\n\n\n<p>Venez, vous \u00eates les bienvenus.<\/p>\n\n\n\n<p>Il y a toujours une solution relax.<\/p>\n<\/div>\n\n\n\n<div class=\"wp-block-column\">\n<figure class=\"wp-block-image size-large\"><img loading=\"lazy\" width=\"1024\" height=\"480\" src=\"https:\/\/archives.adc-geneve.ch\/2021\/wp-content\/uploads\/2020\/06\/SortiesRelax_logo_RVB-1024x480.jpg\" alt=\"\" class=\"wp-image-10014\" srcset=\"https:\/\/archives.adc-geneve.ch\/2021\/wp-content\/uploads\/2020\/06\/SortiesRelax_logo_RVB-1024x480.jpg 1024w, https:\/\/archives.adc-geneve.ch\/2021\/wp-content\/uploads\/2020\/06\/SortiesRelax_logo_RVB-300x141.jpg 300w, https:\/\/archives.adc-geneve.ch\/2021\/wp-content\/uploads\/2020\/06\/SortiesRelax_logo_RVB-768x360.jpg 768w, https:\/\/archives.adc-geneve.ch\/2021\/wp-content\/uploads\/2020\/06\/SortiesRelax_logo_RVB-1536x720.jpg 1536w, https:\/\/archives.adc-geneve.ch\/2021\/wp-content\/uploads\/2020\/06\/SortiesRelax_logo_RVB-2048x960.jpg 2048w, https:\/\/archives.adc-geneve.ch\/2021\/wp-content\/uploads\/2020\/06\/SortiesRelax_logo_RVB-1320x619.jpg 1320w\" sizes=\"(max-width: 1024px) 100vw, 1024px\" \/><\/figure>\n<\/div>\n<\/div>\n","protected":false},"excerpt":{"rendered":"<p>Une sortie Relax c&#8217;est quoi ? Une sortie Relax c&#8217;est un \u00e9v\u00e9nement culturel inclusif. Inclusif \u00e7a veut dire adapt\u00e9 \u00e0 tout le monde. Tout le monde \u00e7a veut dire par exemple\u00a0: Pour les personnes en situation de handicap. Pour les mamans avec leurs b\u00e9b\u00e9s. Pour les personnes \u00e2g\u00e9es. Pour les personnes mal \u00e0 l\u2019aise dans &hellip; <a href=\"https:\/\/archives.adc-geneve.ch\/2021\/mediation\/par-le-regard-et-lecoute\/\">Continued<\/a><\/p>\n","protected":false},"author":4,"featured_media":0,"parent":4119,"menu_order":0,"comment_status":"closed","ping_status":"closed","template":"","meta":[],"_links":{"self":[{"href":"https:\/\/archives.adc-geneve.ch\/2021\/wp-json\/wp\/v2\/pages\/6771"}],"collection":[{"href":"https:\/\/archives.adc-geneve.ch\/2021\/wp-json\/wp\/v2\/pages"}],"about":[{"href":"https:\/\/archives.adc-geneve.ch\/2021\/wp-json\/wp\/v2\/types\/page"}],"author":[{"embeddable":true,"href":"https:\/\/archives.adc-geneve.ch\/2021\/wp-json\/wp\/v2\/users\/4"}],"replies":[{"embeddable":true,"href":"https:\/\/archives.adc-geneve.ch\/2021\/wp-json\/wp\/v2\/comments?post=6771"}],"version-history":[{"count":11,"href":"https:\/\/archives.adc-geneve.ch\/2021\/wp-json\/wp\/v2\/pages\/6771\/revisions"}],"predecessor-version":[{"id":17869,"href":"https:\/\/archives.adc-geneve.ch\/2021\/wp-json\/wp\/v2\/pages\/6771\/revisions\/17869"}],"up":[{"embeddable":true,"href":"https:\/\/archives.adc-geneve.ch\/2021\/wp-json\/wp\/v2\/pages\/4119"}],"wp:attachment":[{"href":"https:\/\/archives.adc-geneve.ch\/2021\/wp-json\/wp\/v2\/media?parent=6771"}],"curies":[{"name":"wp","href":"https:\/\/api.w.org\/{rel}","templated":true}]}}