{"id":4119,"date":"2018-08-27T16:03:28","date_gmt":"2018-08-27T14:03:28","guid":{"rendered":"https:\/\/pavillon-adc.ch\/?page_id=4119"},"modified":"2020-06-29T18:20:00","modified_gmt":"2020-06-29T16:20:00","slug":"mediation","status":"publish","type":"page","link":"https:\/\/archives.adc-geneve.ch\/2021\/mediation\/","title":{"rendered":"M\u00e9diation"},"content":{"rendered":"\n<div class=\"wp-container-6a0589cc20c34 wp-block-columns\">\n<div class=\"wp-block-column\">\n<h1>M\u00e9diation<\/h1>\n\n\n\n<p>Le lien et le partage, l\u2019ouverture et la transversalit\u00e9 sont les ma\u00eetres mots de la m\u00e9diation \u00e0 l\u2019ADC. Ponctuels ou \u00e0 l\u2019ann\u00e9e, des projets se tissent sur mesure en lien avec diff\u00e9rents groupes (scolaires, associations, structures sociales, spectateurs, -trices curieux-euses, \u2026).<\/p>\n\n\n\n<p>Ces diverses activit\u00e9s, br\u00e8ves ou au long cours, int\u00e8grent des ateliers corporels, la d\u00e9couverte des m\u00e9tiers, des \u00e9changes avec les \u00e9quipes artistiques, des projets hors-les murs, des marches, des formations, \u2026<\/p>\n\n\n\n<p>Cette ann\u00e9e, nous allons migrer dans un nouveau b\u00e2timent, con\u00e7u sp\u00e9cifiquement pour la danse. Investissons-le ensemble\u00a0!<\/p>\n\n\n\n<p>Pour toute question concernant les actions de m\u00e9diation, contactez :<br><a rel=\"noreferrer noopener\" href=\"mailto:cecile.simonet@adc-geneve.ch\" target=\"_blank\">cecile.simonet@adc-geneve.ch<\/a><\/p>\n\n\n\n<p><\/p>\n\n\n\n<p><\/p>\n\n\n<section data-block_5edfacb23df5c class=\"c-block c-block-page-list page-list align\">\n  <div class=\"flex flex-col\">\n                                          <a href=\"https:\/\/archives.adc-geneve.ch\/2021\/mediation\/par-la-pratique\/\" class=\"border-b border-black w-full flex flex-wrap b-acc__button\">\n    <span class=\"b-acc__titre\">\n      Ateliers corporels<i><\/i> \n    <\/span>\n<\/a>                            <a href=\"https:\/\/archives.adc-geneve.ch\/2021\/mediation\/par-le-regard-et-lecoute\/\" class=\"border-b border-black w-full flex flex-wrap b-acc__button\">\n    <span class=\"b-acc__titre\">\n      Repr\u00e9sentations RELAX<i><\/i> \n    <\/span>\n<\/a>                            <a href=\"https:\/\/archives.adc-geneve.ch\/2021\/mediation\/special-ecoles\/\" class=\"border-b border-black w-full flex flex-wrap b-acc__button\">\n    <span class=\"b-acc__titre\">\n      Sp\u00e9cial \u00e9coles<i><\/i> \n    <\/span>\n<\/a>                            <a href=\"https:\/\/archives.adc-geneve.ch\/2021\/mediation\/boite-a-outils\/\" class=\"border-b border-black w-full flex flex-wrap b-acc__button\">\n    <span class=\"b-acc__titre\">\n      Bo\u00eete \u00e0 outils<i><\/i> \n    <\/span>\n<\/a>                        <\/div>\n<\/section><\/div>\n\n\n\n<div class=\"wp-block-column\">\n<figure class=\"wp-block-gallery columns-1 is-cropped\"><ul class=\"blocks-gallery-grid\"><li class=\"blocks-gallery-item\"><figure><img loading=\"lazy\" width=\"841\" height=\"1024\" src=\"https:\/\/archives.adc-geneve.ch\/2021\/wp-content\/uploads\/2020\/06\/DETAIL_infini_alain_scherer_20190703_005-841x1024.jpg\" alt=\"\" data-id=\"12928\" data-full-url=\"https:\/\/archives.adc-geneve.ch\/2021\/wp-content\/uploads\/2020\/06\/DETAIL_infini_alain_scherer_20190703_005-scaled.jpg\" data-link=\"https:\/\/archives.adc-geneve.ch\/2021\/detail_infini_alain_scherer_20190703_005\/\" class=\"wp-image-12928\" srcset=\"https:\/\/archives.adc-geneve.ch\/2021\/wp-content\/uploads\/2020\/06\/DETAIL_infini_alain_scherer_20190703_005-841x1024.jpg 841w, https:\/\/archives.adc-geneve.ch\/2021\/wp-content\/uploads\/2020\/06\/DETAIL_infini_alain_scherer_20190703_005-246x300.jpg 246w, https:\/\/archives.adc-geneve.ch\/2021\/wp-content\/uploads\/2020\/06\/DETAIL_infini_alain_scherer_20190703_005-768x935.jpg 768w, https:\/\/archives.adc-geneve.ch\/2021\/wp-content\/uploads\/2020\/06\/DETAIL_infini_alain_scherer_20190703_005-1262x1536.jpg 1262w, https:\/\/archives.adc-geneve.ch\/2021\/wp-content\/uploads\/2020\/06\/DETAIL_infini_alain_scherer_20190703_005-1682x2048.jpg 1682w, https:\/\/archives.adc-geneve.ch\/2021\/wp-content\/uploads\/2020\/06\/DETAIL_infini_alain_scherer_20190703_005-1320x1607.jpg 1320w\" sizes=\"(max-width: 841px) 100vw, 841px\" \/><figcaption class=\"blocks-gallery-item__caption\">infini \u00a9 alain scherer<\/figcaption><\/figure><\/li><\/ul><\/figure>\n<\/div>\n<\/div>\n","protected":false},"excerpt":{"rendered":"<p>M\u00e9diation Le lien et le partage, l\u2019ouverture et la transversalit\u00e9 sont les ma\u00eetres mots de la m\u00e9diation \u00e0 l\u2019ADC. Ponctuels ou \u00e0 l\u2019ann\u00e9e, des projets se tissent sur mesure en lien avec diff\u00e9rents groupes (scolaires, associations, structures sociales, spectateurs, -trices curieux-euses, \u2026). Ces diverses activit\u00e9s, br\u00e8ves ou au long cours, int\u00e8grent des ateliers corporels, la &hellip; <a href=\"https:\/\/archives.adc-geneve.ch\/2021\/mediation\/\">Continued<\/a><\/p>\n","protected":false},"author":2,"featured_media":0,"parent":0,"menu_order":0,"comment_status":"closed","ping_status":"closed","template":"","meta":[],"_links":{"self":[{"href":"https:\/\/archives.adc-geneve.ch\/2021\/wp-json\/wp\/v2\/pages\/4119"}],"collection":[{"href":"https:\/\/archives.adc-geneve.ch\/2021\/wp-json\/wp\/v2\/pages"}],"about":[{"href":"https:\/\/archives.adc-geneve.ch\/2021\/wp-json\/wp\/v2\/types\/page"}],"author":[{"embeddable":true,"href":"https:\/\/archives.adc-geneve.ch\/2021\/wp-json\/wp\/v2\/users\/2"}],"replies":[{"embeddable":true,"href":"https:\/\/archives.adc-geneve.ch\/2021\/wp-json\/wp\/v2\/comments?post=4119"}],"version-history":[{"count":0,"href":"https:\/\/archives.adc-geneve.ch\/2021\/wp-json\/wp\/v2\/pages\/4119\/revisions"}],"wp:attachment":[{"href":"https:\/\/archives.adc-geneve.ch\/2021\/wp-json\/wp\/v2\/media?parent=4119"}],"curies":[{"name":"wp","href":"https:\/\/api.w.org\/{rel}","templated":true}]}}