{"id":4113,"date":"2018-08-27T15:45:36","date_gmt":"2018-08-27T13:45:36","guid":{"rendered":"https:\/\/pavillon-adc.ch\/?page_id=4113"},"modified":"2021-06-28T10:56:10","modified_gmt":"2021-06-28T08:56:10","slug":"ladc-cest","status":"publish","type":"page","link":"https:\/\/archives.adc-geneve.ch\/2021\/ladc-cest\/","title":{"rendered":"L&#8217;ADC c&#8217;est"},"content":{"rendered":"\n<div class=\"wp-container-69e9c003c43fb wp-block-columns\">\n<div class=\"wp-block-column\">\n<h1>L&#8217;ADC c&#8217;est <\/h1>\n\n\n\n<h2>une association<\/h2>\n\n\n\n<p>L&#8217;ADC est l&#8217;Association pour la Danse Contemporaine, constitu\u00e9e en 1986, dont le but est de promouvoir la danse contemporaine et de lui donner une place cons\u00e9quente dans le paysage culturel genevois. Depuis 2004, l\u2019ADC \u00e9tait provisoirement install\u00e9e \u00e0 la Salle des Eaux-Vives. Elle a d\u00e9m\u00e9nag\u00e9 en mars 2021 au <a href=\"https:\/\/archives.adc-geneve.ch\/2021\/pavillon-de-la-danse\/\">Pavillon de la danse<\/a>, \u00e0 la place Sturm.<\/p>\n\n\n\n<div style=\"height:20px\" aria-hidden=\"true\" class=\"wp-block-spacer\"><\/div>\n\n\n\n<div style=\"height:20px\" aria-hidden=\"true\" class=\"wp-block-spacer\"><\/div>\n\n\n\n<h1>activit\u00e9s de l&#8217;ADC <\/h1>\n\n\n\n<p>&#8211; une <a href=\"https:\/\/archives.adc-geneve.ch\/2021\/\">programmation<\/a> d\u2019une saison de spectacles de danse contemporaine<br>&#8211; un travail de <a href=\"https:\/\/archives.adc-geneve.ch\/2021\/mediation\/\">m\u00e9diation<\/a> destin\u00e9 \u00e0 tous les spectateurs et au milieu scolaire, qui facilite l&#8217;acc\u00e8s aux \u0153uvres et enrichit leur r\u00e9ception<br>&#8211; l\u2019\u00e9dition deux fois par ann\u00e9e du <a href=\"https:\/\/archives.adc-geneve.ch\/2021\/services\/journal\/\">Journal de l\u2019ADC<\/a><br>&#8211; la gestion d\u2019un <a href=\"https:\/\/adc-geneve.docressources.org\/index.php\">centre de documentation de danse<\/a>, ouvert au public, avec quelques 500 ouvrages, autant de vid\u00e9os et DVD et une dizaine de collections de revues<br>&#8211; la mise en place de la radio <a href=\"https:\/\/archives.adc-geneve.ch\/2021\/radio\/\">STATION DEBOUT<\/a><br>&#8211; un travail en <a href=\"https:\/\/archives.adc-geneve.ch\/2021\/adc\/partenaires\/\">r\u00e9seau<\/a> avec des partenaires locaux, nationaux et internationaux<br>&#8211; la gestion de trois <a href=\"https:\/\/archives.adc-geneve.ch\/2021\/espace-pro\/studios\/\">studios<\/a> pour la cr\u00e9ation, la recherche et la pratique de la danse.<\/p>\n\n\n\n<p>L\u2019ADC b\u00e9n\u00e9ficie d\u2019une convention de subventionnement avec la Ville de Gen\u00e8ve.<\/p>\n\n\n<section data-block_5eee137864ba0 class=\"c-block c-block-page-list page-list align\">\n  <div class=\"flex flex-col\">\n        <\/div>\n<\/section>\n\n\n<div style=\"height:20px\" aria-hidden=\"true\" class=\"wp-block-spacer\"><\/div>\n\n\n<div data-block_5eece93355be8 class=\"c-block c-block-acc has_color b-accordeon-en-savoir-plus b-accordeon accordion align\">\n  <button id=\"accordeon-block_5eece93355be8\" class=\"b-acc__button js-accordeon-button\" >\n    <span class=\"b-acc__titre\">En savoir plus<i><\/i><\/span>\n  <\/button>\n  <div class=\"b-acc__panel\">\n      <p>&#8211; 15 \u00e0 18 spectacles, dont 5 \u00e0 7 cr\u00e9ations genevoises, 7 \u00e0 9 accueils<br data-rich-text-line-break=\"true\" \/>&#8211; environ 90 repr\u00e9sentations par saison<br data-rich-text-line-break=\"true\" \/>&#8211; 340 jours d\u2019occupation du plateau par saison<br data-rich-text-line-break=\"true\" \/>&#8211; sc\u00e8ne de la danse lors de la F\u00eate de la musique en juin avec une trentaine de compagnies invit\u00e9es<br data-rich-text-line-break=\"true\" \/>&#8211; une vingtaine d\u2019intermittents par saison<br data-rich-text-line-break=\"true\" \/>&#8211; 1 plateau de 11m x 9,40m \u00e0 la Salle des Eaux-Vives<br data-rich-text-line-break=\"true\" \/>&#8211; 1 salle frontale de 145 places \u00e0 la Salle des Eaux-Vives<br data-rich-text-line-break=\"true\" \/>&#8211; 3 studios de cr\u00e9ations \u00e0 la Maison des Arts du Gr\u00fctli<br data-rich-text-line-break=\"true\" \/>&#8211; 1 Journal gratuit<br data-rich-text-line-break=\"true\" \/>&#8211; 1 centre de documentation ouvert au public<br data-rich-text-line-break=\"true\" \/>&#8211; des ateliers du spectateur<br data-rich-text-line-break=\"true\" \/>&#8211; des rencontres public-artistes<br data-rich-text-line-break=\"true\" \/>&#8211; collaboration dans le passedanse et inscription dans les principaux r\u00e9seaux de danse suisses et internationaux<br data-rich-text-line-break=\"true\" \/>&#8211; collaborations avec le CFC (certifical f\u00e9d\u00e9ral de capacit\u00e9s) des Arts Appliqu\u00e9s, danseur\/euse interpr\u00e8te orientation contemporain, le Ballet Junior de Gen\u00e8ve, le Bachelor danse de la Manufacture de Lausanne, La B\u00e2tie-Festival de Gen\u00e8ve, le Festival Antigel.<\/p>\n\n  <\/div>\n<\/div>\n\n\n<div data-block_5eece43e19c80 class=\"c-block c-block-acc has_color b-accordeon-reseau b-accordeon accordion align\">\n  <button id=\"accordeon-block_5eece43e19c80\" class=\"b-acc__button js-accordeon-button\" >\n    <span class=\"b-acc__titre\">R\u00e9seau<i><\/i><\/span>\n  <\/button>\n  <div class=\"b-acc__panel\">\n      <p>L&#8217;ADC est membre&#8230;<\/p>\n<p>\u2013 du\u00a0<a href=\"http:\/\/www.passedanse.com\/\">Passedanse\u00a0<\/a>\u2013 R\u00e9seau du Grand Gen\u00e8ve<br \/>\n\u2013 de\u00a0<a href=\"http:\/\/www.reso.ch\/\">Reso<\/a>\u00a0\u2013 R\u00e9seau danse suisse<br \/>\n\u2013 du\u00a0<a href=\"http:\/\/www.theatresromands.ch\/index.php\">Pool<\/a>\u00a0des th\u00e9\u00e2tres romands<br \/>\n\u2013 de la\u00a0<a href=\"https:\/\/www.lafederation.ch\/\">FRAS<\/a>\u00a0\u2013 F\u00e9d\u00e9ration romande des arts de la sc\u00e8ne<br \/>\n\u2013 de\u00a0<a href=\"http:\/\/lepacifique-grenoble.com\/podium\">Podium<\/a><br \/>\n\u2013\u00a0de\u00a0<a href=\"http:\/\/ednetwork.eu\/\">EDN<\/a>\u00a0\u2013 European Dancehouse Network.<\/p>\n<p>L\u2019ADC re\u00e7oit le soutien de la\u00a0Ville de Gen\u00e8ve.<\/p>\n\n  <\/div>\n<\/div>\n\n\n<div data-block_5eece665113c3 class=\"c-block c-block-acc has_color b-accordeon-statuts-rapports-dactivite-convention b-accordeon accordion align\">\n  <button id=\"accordeon-block_5eece665113c3\" class=\"b-acc__button js-accordeon-button\" >\n    <span class=\"b-acc__titre\">Statuts &#8211; rapports d&#8217;activit\u00e9 &#8211; convention<i><\/i><\/span>\n  <\/button>\n  <div class=\"b-acc__panel\">\n      <p>&nbsp;<\/p>\n<p><a href=\"https:\/\/adc-geneve.ch\/wp-content\/uploads\/2017\/09\/STATUTS.pdf\">Statuts de l\u2019ADC<\/a><br \/>\n<a href=\"https:\/\/pavillon-adc.ch\/wp-content\/uploads\/2020\/06\/RA19_basseDEF.pdf\">Rapport d\u2019activit\u00e9s 2019<\/a><br \/>\n<a href=\"https:\/\/adc-geneve.ch\/wp-content\/uploads\/2019\/06\/convention-18-21.pdf\">Convention 18-21 avec la Ville de Gen\u00e8ve<\/a><br \/>\n<a href=\"https:\/\/adc-geneve.ch\/wp-content\/uploads\/2017\/09\/ADC_ProjetCulturel_pavillon.pdf\">Projet culturel et artistique sur le Pavillon de la danse<\/a><\/p>\n\n  <\/div>\n<\/div>\n\n\n<div data-block_5eea66e7a1157 class=\"c-block c-block-acc has_color b-accordeon-equipe-comite-collaborateurs b-accordeon accordion align\">\n  <button id=\"accordeon-block_5eea66e7a1157\" class=\"b-acc__button js-accordeon-button\" >\n    <span class=\"b-acc__titre\">Equipe \/ Comit\u00e9 \/ Collaborateurs <i><\/i><\/span>\n  <\/button>\n  <div class=\"b-acc__panel\">\n      <p class=\"p2\"><span class=\"s1\"><b><br \/>\nAnne Davier <\/b><br \/>\nDirectrice<br \/>\n<a href=\"mailto:anne.davier@adc-geneve.ch\">anne.davier@adc-geneve.ch<\/a><\/span><\/p>\n<p class=\"p2\"><span class=\"s1\"><b>Cindy Van Acker<br \/>\n<\/b>Artiste associ\u00e9e \u00e0 la programmation<br \/>\n<a href=\"mailto:cindy.vanacker@adc-geneve.ch\">cindy.vanacker@adc-geneve.ch<\/a><\/span><\/p>\n<p class=\"p2\"><span class=\"s1\"><b>Nicole Simon-Vermot<br \/>\n<\/b>Administratrice<br \/>\n<a href=\"mailto:nsimonvermot@adc-geneve.ch\">nsimonvermot@adc-geneve.ch<\/a><\/span><\/p>\n<p class=\"p2\"><span class=\"s1\"><b>Lydia Pilatrino<br \/>\n<\/b>Assistante administrative<br \/>\nResponsable billetterie<br \/>\n<\/span><a href=\"mailto:lydia.pilatrino@adc-geneve.ch\"><span class=\"s1\">lydia.pilatrino@adc-geneve.ch<\/span><\/a><\/p>\n<p class=\"p2\"><span class=\"s1\"><b>C\u00e9cile Simonet<br \/>\n<\/b><\/span><span class=\"s1\">M\u00e9diatrice culturelle<br \/>\n<\/span><span class=\"s1\">Attach\u00e9e de presse<br \/>\n<a href=\"mailto:cecile.simonet@adc-geneve.ch\">cecile.simonet@adc-geneve.ch<\/a><\/span><\/p>\n<p class=\"p2\"><span class=\"s1\"><b>Anne de Preux<br \/>\n<\/b>Charg\u00e9e de la communication<br \/>\n<a href=\"mailto:anne.depreux@adc-geneve.ch\">anne.depreux@adc-geneve.ch<\/a><\/span><strong><br \/>\n<\/strong><\/p>\n<p class=\"p2\"><span class=\"s1\"><b>L\u00e9o Chavaz<br \/>\n<\/b>Assistant programmation<br \/>\n<a href=\"mailto:leo.chavaz@adc-geneve.ch\">leo.chavaz@adc-geneve.ch<\/a><\/span><\/p>\n<p>&nbsp;<\/p>\n<p><strong>Technique:<br \/>\n<\/strong><span class=\"s1\"><b>Christophe Bollondi et <\/b><\/span><span class=\"s1\"><b>Jos\u00e9 Manuel Rodriguez<br \/>\n<\/b>Direction technique<br \/>\n<a href=\"mailto:technique@adc-geneve.ch\">technique@adc-geneve.ch<\/a><\/span><\/p>\n<p>&nbsp;<\/p>\n<p>&nbsp;<\/p>\n<p class=\"p2\"><span class=\"s1\"><b>Carla Argenzio<br \/>\n<\/b>Centre de documentation<b><\/b><\/span><\/p>\n<p><span class=\"s1\"><b>Laura Perri\u00e8re<br \/>\n<\/b>Responsable du bar<\/span><\/p>\n<p><b>Yasmina Sidi Ali<br \/>\n<\/b>Billetterie<\/p>\n<p><b>Saadia Battola<br \/>\n<\/b>Entretien salle des Eaux-Vives<\/p>\n<p><b>Fatima Ribeiro<br \/>\n<\/b>entretien studios de l&#8217;ADC Maison des arts du Gr\u00fctli<\/p>\n<p>&nbsp;<\/p>\n<p class=\"p1\"><span class=\"s1\"><strong>Collaboratrices.eurs <\/strong><b><br \/>\n<\/b>Radio Station Debout et Journal de l&#8217;ADC:<b> Mich\u00e8le Pralong<br \/>\n<\/b>R\u00e9alisation des carnets de cr\u00e9ation des spectacles 20-21 &#8211; assistant Journal de l\u2019ADC: <b>Jonas Parson <\/b>: journal@adc-geneve.ch<b><br \/>\n<\/b><\/span><span class=\"s1\">Textes des spectacles: <strong>Jonas Parson, C\u00e9cile Dalla Torre, Mich\u00e8le Pralong et Anne Davier<\/strong><br \/>\nGraphisme : <b>Pablo Lavalley<\/b> \u2014 <a href=\"http:\/\/www.oficio.ch\/\"><span class=\"s2\">oficio<\/span><\/a><br \/>\n<\/span><span class=\"s1\">Vid\u00e9o : <b>St\u00e9phane Darioly<\/b>\u00a0\u2014 <a href=\"http:\/\/www.videocraft.ch\/\"><span class=\"s2\">Videocraft<\/span><\/a><br \/>\nD\u00e9veloppement web : <b>Emmanuel Piguet, Fabrice Cortat<\/b>\u00a0\u2014 <a href=\"https:\/\/www.wonderweb.ch\/\"><span class=\"s2\">Wonderweb<\/span><\/a><\/span><\/p>\n<p>&nbsp;<\/p>\n<p class=\"p1\"><span class=\"s1\"><b>Comit\u00e9<br \/>\n<\/b><\/span><span class=\"s1\">Tamara Bacci, V\u00e9ronique Ferrero Delacoste, Paul Girard, Jean-Pierre Greff, Prisca Harsch,\u00a0 Dominique Perruchoud (pr\u00e9sidente), Jeanne Pont, Lina Rodriguez, Marie-Pierre Theubet, Anne Von\u00e8che, Sean Wood<\/span><\/p>\n<p>&nbsp;<\/p>\n\n  <\/div>\n<\/div>\n<\/div>\n\n\n\n<div class=\"wp-block-column\">\n<div style=\"height:25px\" aria-hidden=\"true\" class=\"wp-block-spacer\"><\/div>\n\n\n\n<h4><strong>Vous appr\u00e9ciez nos activit\u00e9s<br>Vous appr\u00e9ciez notre journal<br>Vous attendez avec impatience le Pavillon de la danse<\/strong><\/h4>\n\n\n\n<h4><strong>Soutenez-nous, devenez membre !<\/strong><\/h4>\n\n\n\n<div style=\"height:20px\" aria-hidden=\"true\" class=\"wp-block-spacer\"><\/div>\n\n\n<div class=\"frm_forms  with_frm_style frm_style_formidable-style\" id=\"frm_form_11_container\" >\n<form enctype=\"multipart\/form-data\" method=\"post\" class=\"frm-show-form  frm_js_validate  frm_pro_form  frm_ajax_submit \" id=\"form_contact3\"  >\n<div class=\"frm_form_fields \">\n<fieldset>\n<legend class=\"frm_hidden\">Devenir membre \/ Soutenir<\/legend>\r\n\r\n<div class=\"frm_fields_container\">\n<input type=\"hidden\" name=\"frm_action\" value=\"create\" \/>\n<input type=\"hidden\" name=\"form_id\" value=\"11\" \/>\n<input type=\"hidden\" name=\"frm_hide_fields_11\" id=\"frm_hide_fields_11\" value=\"\" \/>\n<input type=\"hidden\" name=\"form_key\" value=\"contact3\" \/>\n<input type=\"hidden\" name=\"item_meta[0]\" value=\"\" \/>\n<input type=\"hidden\" id=\"frm_submit_entry_11\" name=\"frm_submit_entry_11\" value=\"01d88ab167\" \/><input type=\"hidden\" name=\"_wp_http_referer\" value=\"\/2021\/wp-json\/wp\/v2\/pages\/4113\" \/><div id=\"frm_field_119_container\" class=\"frm_form_field form-field  frm_required_field frm_top_container vertical_radio\">\r\n    <label for=\"field_nkdrb\" class=\"frm_primary_label\">Cotisations\r\n        <span class=\"frm_required\">*<\/span>\r\n    <\/label>\r\n    \t\t<div class=\"frm_checkbox\" id=\"frm_checkbox_119-0\"><label for=\"field_nkdrb-0\"><input type=\"checkbox\" name=\"item_meta[119][]\" id=\"field_nkdrb-0\" value=\"Je d\u00e9sire \u00eatre membre de l&#039;adc avec une cotisation de 50 CHF par ann\u00e9e\"  data-reqmsg=\"Ce champ ne peut pas \u00eatre vide\" data-invmsg=\"Cotisations est non valide\" aria-invalid=\"false\"   \/> Je d\u00e9sire \u00eatre membre de l&#8217;adc avec une cotisation de 50 CHF par ann\u00e9e<\/label><\/div>\n\t\t<div class=\"frm_checkbox\" id=\"frm_checkbox_119-1\"><label for=\"field_nkdrb-1\"><input type=\"checkbox\" name=\"item_meta[119][]\" id=\"field_nkdrb-1\" value=\"Je d\u00e9sire soutenir l&#039;adc avec un montant de mon choix (tous les gestes, petits et grands, sont bienvenus) \"  data-reqmsg=\"Ce champ ne peut pas \u00eatre vide\" data-invmsg=\"Cotisations est non valide\" aria-invalid=\"false\"   \/> Je d\u00e9sire soutenir l&#8217;adc avec un montant de mon choix (tous les gestes, petits et grands, sont bienvenus) <\/label><\/div>\n\r\n    \r\n    \r\n<\/div>\n<div id=\"frm_field_122_container\" class=\"frm_form_field form-field  frm_required_field frm_none_container vertical_radio\">\r\n    <label for=\"field_j3n40\" class=\"frm_primary_label\">Option de paiement\r\n        <span class=\"frm_required\">*<\/span>\r\n    <\/label>\r\n    \t\t<div class=\"frm_checkbox\" id=\"frm_checkbox_122-0\"><label for=\"field_j3n40-0\"><input type=\"checkbox\" name=\"item_meta[122][]\" id=\"field_j3n40-0\" value=\"Versement sur le ccp de l&#039;ADC 12-14064-4\u2028ou IBAN CH44 0900 0000 1201 4064 4 - BIC POFICHBEXXX\"  data-reqmsg=\"Ce champ ne peut pas \u00eatre vide\" data-invmsg=\"Option de paiement est non valide\" aria-invalid=\"false\"   \/> Versement sur le ccp de l&#8217;ADC 12-14064-4\u2028ou IBAN CH44 0900 0000 1201 4064 4 &#8211; BIC POFICHBEXXX<\/label><\/div>\n\t\t<div class=\"frm_checkbox\" id=\"frm_checkbox_122-1\"><label for=\"field_j3n40-1\"><input type=\"checkbox\" name=\"item_meta[122][]\" id=\"field_j3n40-1\" value=\"Je pr\u00e9f\u00e8re recevoir un bulletin de versement\"  data-reqmsg=\"Ce champ ne peut pas \u00eatre vide\" data-invmsg=\"Option de paiement est non valide\" aria-invalid=\"false\"   \/> Je pr\u00e9f\u00e8re recevoir un bulletin de versement<\/label><\/div>\n\r\n    <div id=\"frm_desc_field_j3n40\" class=\"frm_description\">Mention &#8220;Membre&#8221; ou &#8220;Soutien&#8221;<\/div>\r\n    \r\n<\/div>\n<div id=\"frm_field_112_container\" class=\"frm_form_field form-field  frm_required_field frm_top_container frm_first frm_half\">\r\n    <label for=\"field_qh4icy3\" class=\"frm_primary_label\">Nom\r\n        <span class=\"frm_required\">*<\/span>\r\n    <\/label>\r\n    <input type=\"text\" id=\"field_qh4icy3\" name=\"item_meta[112]\" value=\"\"  data-reqmsg=\"Ce champ ne peut pas \u00eatre vide\" aria-required=\"true\" data-invmsg=\"Nom est non valide\" aria-invalid=\"false\"   aria-describedby=\"frm_desc_field_qh4icy3\"\/>\r\n    <div id=\"frm_desc_field_qh4icy3\" class=\"frm_description\">Nom<\/div>\r\n    \r\n<\/div>\n<div id=\"frm_field_124_container\" class=\"frm_form_field form-field  frm_required_field frm_top_container frm_half\">\r\n    <label for=\"field_v78cu\" class=\"frm_primary_label\">Pr\u00e9nom\r\n        <span class=\"frm_required\">*<\/span>\r\n    <\/label>\r\n    <input type=\"text\" id=\"field_v78cu\" name=\"item_meta[124]\" value=\"\"  data-reqmsg=\"Ce champ ne peut pas \u00eatre vide\" aria-required=\"true\" data-invmsg=\"Pr\u00e9nom est non valide\" aria-invalid=\"false\"   aria-describedby=\"frm_desc_field_v78cu\"\/>\r\n    <div id=\"frm_desc_field_v78cu\" class=\"frm_description\">pr\u00e9nom<\/div>\r\n    \r\n<\/div>\n<div id=\"frm_field_114_container\" class=\"frm_form_field form-field  frm_required_field frm_top_container frm_first frm_half\">\r\n    <label for=\"field_29yf4d3\" class=\"frm_primary_label\">Email\r\n        <span class=\"frm_required\">*<\/span>\r\n    <\/label>\r\n    <input type=\"email\" id=\"field_29yf4d3\" name=\"item_meta[114]\" value=\"\"  data-reqmsg=\"Ce champ ne peut pas \u00eatre vide\" aria-required=\"true\" data-invmsg=\"Please enter a valid email address\" aria-invalid=\"false\"  \/>\r\n    \r\n    \r\n<\/div>\n<div id=\"frm_field_125_container\" class=\"frm_form_field form-field  frm_top_container frm_half\">\r\n    <label for=\"field_kuam3\" class=\"frm_primary_label\">Num\u00e9ro de t\u00e9l\u00e9phone\r\n        <span class=\"frm_required\"><\/span>\r\n    <\/label>\r\n    <input type=\"tel\" id=\"field_kuam3\" name=\"item_meta[125]\" value=\"\"  data-invmsg=\"T\u00e9l\u00e9phone est non valide\" aria-invalid=\"false\" pattern=\"((\\+\\d{1,3}(-|.| )?\\(?\\d\\)?(-| |.)?\\d{1,5})|(\\(?\\d{2,6}\\)?))(-|.| )?(\\d{3,4})(-|.| )?(\\d{4})(( x| ext)\\d{1,5}){0,1}$\"  \/>\r\n    \r\n    \r\n<\/div>\n<div id=\"frm_field_130_container\" class=\"frm_form_field form-field  frm_required_field frm_top_container\">\r\n    <label for=\"field_wchye\" class=\"frm_primary_label\">Adresse\r\n        <span class=\"frm_required\">*<\/span>\r\n    <\/label>\r\n    <input type=\"text\" id=\"field_wchye\" name=\"item_meta[130]\" value=\"\"  data-reqmsg=\"Ce champ ne peut pas \u00eatre vide\" aria-required=\"true\" data-invmsg=\"Adresse est non valide\" aria-invalid=\"false\"  \/>\r\n    \r\n    \r\n<\/div>\n<div id=\"frm_field_131_container\" class=\"frm_form_field form-field  frm_required_field frm_top_container frm_first frm_half\">\r\n    <label for=\"field_1bpnt\" class=\"frm_primary_label\">Code postal\r\n        <span class=\"frm_required\">*<\/span>\r\n    <\/label>\r\n    <input type=\"text\" id=\"field_1bpnt\" name=\"item_meta[131]\" value=\"\"  data-reqmsg=\"Ce champ ne peut pas \u00eatre vide\" aria-required=\"true\" data-invmsg=\"Code postal est non valide\" aria-invalid=\"false\"  \/>\r\n    \r\n    \r\n<\/div>\n<div id=\"frm_field_132_container\" class=\"frm_form_field form-field  frm_required_field frm_top_container frm_half\">\r\n    <label for=\"field_zr31l\" class=\"frm_primary_label\">Ville\r\n        <span class=\"frm_required\">*<\/span>\r\n    <\/label>\r\n    <input type=\"text\" id=\"field_zr31l\" name=\"item_meta[132]\" value=\"\"  data-reqmsg=\"Ce champ ne peut pas \u00eatre vide\" aria-required=\"true\" data-invmsg=\"Ville est non valide\" aria-invalid=\"false\"  \/>\r\n    \r\n    \r\n<\/div>\n<div id=\"frm_field_118_container\" class=\"frm_form_field form-field  frm_none_container\">\r\n    <label for=\"g-recaptcha-response\" class=\"frm_primary_label\">Captcha\r\n        <span class=\"frm_required\"><\/span>\r\n    <\/label>\r\n    <div id=\"field_62n6q32\" class=\"g-recaptcha\" data-sitekey=\"6LfrVKwZAAAAACJNq0tOHgnZypyX2pz3joIYvrT6\" data-size=\"invisible\" data-theme=\"light\" data-callback=\"frmAfterRecaptcha\"><\/div>\r\n    \r\n    \r\n<\/div>\n\t<input type=\"hidden\" name=\"item_key\" value=\"\" \/>\n\t<div class=\"frm_submit\">\r\n\r\n<button class=\"frm_button_submit frm_final_submit\" type=\"submit\"   formnovalidate=\"formnovalidate\">Envoyer<\/button>\r\n\r\n<\/div><\/div>\n<\/fieldset>\n<\/div>\n<\/form>\n<\/div>\n<\/div>\n<\/div>\n","protected":false},"excerpt":{"rendered":"<p>L&#8217;ADC c&#8217;est une association L&#8217;ADC est l&#8217;Association pour la Danse Contemporaine, constitu\u00e9e en 1986, dont le but est de promouvoir la danse contemporaine et de lui donner une place cons\u00e9quente dans le paysage culturel genevois. Depuis 2004, l\u2019ADC \u00e9tait provisoirement install\u00e9e \u00e0 la Salle des Eaux-Vives. Elle a d\u00e9m\u00e9nag\u00e9 en mars 2021 au Pavillon de &hellip; <a href=\"https:\/\/archives.adc-geneve.ch\/2021\/ladc-cest\/\">Continued<\/a><\/p>\n","protected":false},"author":2,"featured_media":0,"parent":0,"menu_order":0,"comment_status":"closed","ping_status":"closed","template":"","meta":[],"_links":{"self":[{"href":"https:\/\/archives.adc-geneve.ch\/2021\/wp-json\/wp\/v2\/pages\/4113"}],"collection":[{"href":"https:\/\/archives.adc-geneve.ch\/2021\/wp-json\/wp\/v2\/pages"}],"about":[{"href":"https:\/\/archives.adc-geneve.ch\/2021\/wp-json\/wp\/v2\/types\/page"}],"author":[{"embeddable":true,"href":"https:\/\/archives.adc-geneve.ch\/2021\/wp-json\/wp\/v2\/users\/2"}],"replies":[{"embeddable":true,"href":"https:\/\/archives.adc-geneve.ch\/2021\/wp-json\/wp\/v2\/comments?post=4113"}],"version-history":[{"count":5,"href":"https:\/\/archives.adc-geneve.ch\/2021\/wp-json\/wp\/v2\/pages\/4113\/revisions"}],"predecessor-version":[{"id":17924,"href":"https:\/\/archives.adc-geneve.ch\/2021\/wp-json\/wp\/v2\/pages\/4113\/revisions\/17924"}],"wp:attachment":[{"href":"https:\/\/archives.adc-geneve.ch\/2021\/wp-json\/wp\/v2\/media?parent=4113"}],"curies":[{"name":"wp","href":"https:\/\/api.w.org\/{rel}","templated":true}]}}