{"id":241,"date":"2017-07-14T15:52:16","date_gmt":"2017-07-14T13:52:16","guid":{"rendered":"http:\/\/adc-geneve.ch\/v2\/?page_id=241"},"modified":"2021-06-29T12:49:36","modified_gmt":"2021-06-29T10:49:36","slug":"billetterie","status":"publish","type":"page","link":"https:\/\/archives.adc-geneve.ch\/2021\/billetterie\/","title":{"rendered":"Billetterie"},"content":{"rendered":"\n<div class=\"wp-container-69d48d56c32de wp-block-columns\">\n<div class=\"wp-block-column\">\n<h1>infos pratiques<\/h1>\n\n\n\n<div style=\"height:20px\" aria-hidden=\"true\" class=\"wp-block-spacer\"><\/div>\n\n\n\n<p><span class=\"has-inline-color has-black-color\">Suite \u00e0 l&#8217;annonce du Conseil f\u00e9d\u00e9ral mercredi 26 mai, l&#8217;ouverture des th\u00e9\u00e2tres est possible sous certaines conditions :<\/span><br>&#8211; jauge limit\u00e9e \u00e0 96 personnes au Pavillon<br>&#8211; port du masque obligatoire<br>&#8211; maintien de la distance de 1,5 m\u00e8tres entre les personnes<br><br><meta charset=\"utf-8\">En raison de la capacit\u00e9 r\u00e9duite, l&#8217;ouverture de la billetterie sera ouverte en priorit\u00e9 aux d\u00e9tenteurs d&#8217;un abonnement M\u00e9l\u00e8ze et\/ou Sapin.<\/p>\n\n\n\n<p>Pour toute question, merci de nous contacter via l&#8217;email <a href=\"mailto:resa@adc-geneve.ch\">resa@adc-geneve.ch<\/a><\/p>\n\n\n\n<div style=\"height:20px\" aria-hidden=\"true\" class=\"wp-block-spacer\"><\/div>\n\n\n<div data-block_5f621566f6bda class=\"c-block c-block-acc has_color b-accordeon-acces b-accordeon accordion align\">\n  <button id=\"accordeon-block_5f621566f6bda\" class=\"b-acc__button js-accordeon-button\" >\n    <span class=\"b-acc__titre\">Acc\u00e8s<i><\/i><\/span>\n  <\/button>\n  <div class=\"b-acc__panel\">\n      <p><strong>Pavillon de la danse<\/strong><br \/>\nPlace Sturm 1 \u2014 1206 Gen\u00e8ve<br \/>\nAcc\u00e8s : bus n\u00b036, arr\u00eat Eglise russe \u2014 bus n\u00b01 et n\u00b08, arr\u00eat Tranch\u00e9es \u2014 bus n\u00b05 et n\u00b025, arr\u00eat Museum \u2014<br \/>\nbus n\u00b02, n\u00b06, n\u00b07 et n\u00b010, arr\u00eat Rive \u2014trams n\u00b012 et n\u00b017, arr\u00eat Terrassi\u00e8re \u2014 L\u00e9man Express, arr\u00eat Gen\u00e8ve-Eaux-Vives ou Gen\u00e8ve-Champel<br \/>\nParking : Saint-Antoine<\/p>\n\n  <\/div>\n<\/div>\n\n\n<div data-block_5ef363d18e88e class=\"c-block c-block-acc has_color b-accordeon-horaires-spectacles b-accordeon accordion align\">\n  <button id=\"accordeon-block_5ef363d18e88e\" class=\"b-acc__button js-accordeon-button\" >\n    <span class=\"b-acc__titre\">Horaires spectacles<i><\/i><\/span>\n  <\/button>\n  <div class=\"b-acc__panel\">\n      <p>lundi au vendredi \u2014 20h<br \/>\nsamedi \u2014 19h<br \/>\ndimanche \u2014 18h<\/p>\n<p><em>* sauf exceptions : Thomas Hauert, Cindy Van Acker, Christodoulos Panayiotou, Anne Teresa De Keersmaeker, et Emergentia.<br \/>\nSe r\u00e9f\u00e9rer \u00e0 la page des spectacles.<\/em><\/p>\n\n  <\/div>\n<\/div>\n\n\n<div data-block_5eea633e8f620 class=\"c-block c-block-acc has_color b-accordeon-tarifs b-accordeon accordion align\">\n  <button id=\"accordeon-block_5eea633e8f620\" class=\"b-acc__button js-accordeon-button\" >\n    <span class=\"b-acc__titre\">Tarifs<i><\/i><\/span>\n  <\/button>\n  <div class=\"b-acc__panel\">\n      <p class=\"p2\"><span class=\"s1\"><strong><br \/>\nPavillon de la danse<\/strong><br \/>\nplein : 25 chf<\/span><span class=\"s2\"><br \/>\n<\/span><span class=\"s1\">r\u00e9duit : 20 chf <i>(Passedanse, C\u00f4t\u00e9 Courrier, Th\u00e9\u00e2tres partenaires*)<\/i><\/span><span class=\"s2\"><br \/>\n<\/span><span class=\"s1\">mini : 15 chf <i>(Passedanse r\u00e9duit, AVS, AI, ch\u00f4meur, \u00e9tudiants, apprentis, moins de 20 ans, membre de l\u2019avdc)<\/i><\/span><span class=\"s2\"><br \/>\n<\/span><span class=\"s1\">carte 20ans\/20frs : 10 chf<br \/>\nsp\u00e9cial temps fort Emergentia : 8.-<\/span><\/p>\n<p class=\"p2\"><span class=\"s1\">\u2014 Les ch\u00e8ques culture sont accept\u00e9s.<span class=\"s3\"><br \/>\n<\/span>\u2014 Un justificatif doit \u00eatre pr\u00e9sent\u00e9 pour tout achat de place \u00e0 tarif r\u00e9duit.<\/span><\/p>\n<p><i>* La B\u00e2tie-Festival de Gen\u00e8ve | Poche\/GVE | Les Ateliers d\u2019Ethnomusicologie\u00a0 (sur une s\u00e9lection de spectacles) | Festival Antigel (sur une s\u00e9lection de spectacles) | La Com\u00e9die de Gen\u00e8ve | Le Th\u00e9\u00e2tre de Carouge | Le Th\u00e9\u00e2tre des Marionnettes de Gen\u00e8ve | Le Th\u00e9\u00e2tre Forum Meyrin | Le Th\u00e9\u00e2tre du Loup | Le Galpon | Le Gr\u00fctli, Centre de production et de diffusion des arts vivants | Le Th\u00e9\u00e2tre de la Parfumerie | Le Th\u00e9\u00e2tre de l\u2019Orangerie | Le Th\u00e9\u00e2tre Pito\u00ebff | Le Th\u00e9\u00e2tre Saint-Gervais | le TU-Th\u00e9\u00e2tre de l\u2019Usine<\/i><\/p>\n<p><strong>La B\u00e2tie-Festival \u00e0 la Salle des Eaux-Vives<br \/>\n<\/strong>Thomas Hauert, Cindy Van Acker : plein : 30.- | r\u00e9duit : 20.- | sp\u00e9cial : 15.- | festivalier : 7.-<br \/>\nChristodoulos Panayiotou :\u00a0<span class=\"s1\">plein : 20.- | r\u00e9duit : 13.- | sp\u00e9cial : 10.- | festivalier : 7.-<\/span><span class=\"s1\"><br \/>\n<\/span><strong><br \/>\nB\u00e2timent des Forces Motrices<br \/>\n<\/strong>plein : 65.- (cat\u00e9gorie A)<br \/>\nplein : 58.- (cat\u00e9gorie B)<\/p>\n\n  <\/div>\n<\/div>\n\n\n\n<div style=\"height:40px\" aria-hidden=\"true\" class=\"wp-block-spacer\"><\/div>\n\n\n<div data-block_5f52490b833ac class=\"c-block c-block-acc has_color b-accordeon-comment-acheter-des-billets b-accordeon accordion align\">\n  <button id=\"accordeon-block_5f52490b833ac\" class=\"b-acc__button js-accordeon-button\" >\n    <span class=\"b-acc__titre\">Comment acheter des billets<i><\/i><\/span>\n  <\/button>\n  <div class=\"b-acc__panel\">\n      <p><strong data-rich-text-format-boundary=\"true\"><br \/>\n3 possibilit\u00e9s pour acheter ses billets, d\u00e8s le 17 septembre<br \/>\n<\/strong>&#8211; pages de pr\u00e9sentation des spectacles<br \/>\n&#8211; page <a href=\"https:\/\/pavillon-adc.ch\/billetterie\/achat-abonnes\/\">Achat en ligne<\/a><br \/>\n&#8211; sur place, 1h avant le d\u00e9but du spectacle dans la mesure des places disponibles<\/p>\n<p><span class=\"s1\">Les billets achet\u00e9s ne sont ni \u00e9chang\u00e9s, ni rembours\u00e9s.<br \/>\n<\/span>Apr\u00e8s le d\u00e9but du spectacle, l\u2019acc\u00e8s \u00e0 la salle ne sera plus possible.<br \/>\nAucun remboursement de billet ne sera effectu\u00e9 en cas de retard.<\/p>\n<p><strong>Billets uniquement en vente aupr\u00e8s de<\/strong><br \/>\n&#8211; <a href=\"http:\/\/www.batie.ch\">La B\u00e2tie<\/a> pour Thomas Hauert, Cindy Van Acker, Christodoulos Panayiotou<br \/>\n&#8211; Le <a href=\"https:\/\/www.gtg.ch\/saison-20-21\/\">Grand Th\u00e9\u00e2tre de Gen\u00e8ve<\/a> pour Anne Teresa De Keersmaeker<br \/>\nr\u00e9servations ouvertes uniquement pour les abonn\u00e9.e.s de l&#8217;ADC<\/p>\n\n  <\/div>\n<\/div>\n\n\n<div data-block_5f524b6e833ad class=\"c-block c-block-acc has_color b-accordeon-pass-vous-etes-ici-republique-ephemere b-accordeon accordion align\">\n  <button id=\"accordeon-block_5f524b6e833ad\" class=\"b-acc__button js-accordeon-button\" >\n    <span class=\"b-acc__titre\">PASS Vous \u00eates ici \/ R\u00e9publique \u00e9ph\u00e9m\u00e8re<i><\/i><\/span>\n  <\/button>\n  <div class=\"b-acc__panel\">\n      <p>plein : 180.-<br \/>\nr\u00e9duit : 130.-<br \/>\n\u00e9tudiant\/jeune : 80.-\u00a0<br data-rich-text-line-break=\"true\" \/><br \/>\nLe PASS est vendu uniquement aupr\u00e8s du <a href=\"https:\/\/etickets.infomaniak.com\/shop\/fJ7ocCEAAc\/\" target=\"_blank\" rel=\"noreferrer noopener\" aria-label=\"undefined (s\u2019ouvre dans un nouvel onglet)\">Th\u00e9\u00e2tre de l&#8217;Orangerie<\/a>, du <a href=\"https:\/\/poche---gve.ch\/\" target=\"_blank\" rel=\"noreferrer noopener\" aria-label=\"undefined (s\u2019ouvre dans un nouvel onglet)\">POCHE\/GVE<\/a> et du <a href=\"https:\/\/saintgervais.ch\/\" target=\"_blank\" rel=\"noreferrer noopener\" aria-label=\"undefined (s\u2019ouvre dans un nouvel onglet)\">Th\u00e9\u00e2tre Saint-Gervais<\/a> \u00e0 partir du 3 ao\u00fbt jusqu\u2019au 26 septembre.<\/p>\n\n  <\/div>\n<\/div>\n\n\n\n<div style=\"height:40px\" aria-hidden=\"true\" class=\"wp-block-spacer\"><\/div>\n<\/div>\n\n\n\n<div class=\"wp-block-column\">\n<div style=\"height:40px\" aria-hidden=\"true\" class=\"wp-block-spacer\"><\/div>\n\n\n\n<figure class=\"wp-block-image size-large\"><img loading=\"lazy\" width=\"1024\" height=\"768\" src=\"https:\/\/archives.adc-geneve.ch\/2021\/wp-content\/uploads\/2021\/03\/IMG_0414-1-1024x768.jpg\" alt=\"Le chantier en image 113\" class=\"wp-image-17185\" srcset=\"https:\/\/archives.adc-geneve.ch\/2021\/wp-content\/uploads\/2021\/03\/IMG_0414-1-1024x768.jpg 1024w, https:\/\/archives.adc-geneve.ch\/2021\/wp-content\/uploads\/2021\/03\/IMG_0414-1-300x225.jpg 300w, https:\/\/archives.adc-geneve.ch\/2021\/wp-content\/uploads\/2021\/03\/IMG_0414-1-768x576.jpg 768w, https:\/\/archives.adc-geneve.ch\/2021\/wp-content\/uploads\/2021\/03\/IMG_0414-1-1536x1152.jpg 1536w, https:\/\/archives.adc-geneve.ch\/2021\/wp-content\/uploads\/2021\/03\/IMG_0414-1-2048x1536.jpg 2048w, https:\/\/archives.adc-geneve.ch\/2021\/wp-content\/uploads\/2021\/03\/IMG_0414-1-1320x990.jpg 1320w\" sizes=\"(max-width: 1024px) 100vw, 1024px\" \/><\/figure>\n<\/div>\n<\/div>\n\n\n\n<p><\/p>\n","protected":false},"excerpt":{"rendered":"<p>infos pratiques Suite \u00e0 l&#8217;annonce du Conseil f\u00e9d\u00e9ral mercredi 26 mai, l&#8217;ouverture des th\u00e9\u00e2tres est possible sous certaines conditions :&#8211; jauge limit\u00e9e \u00e0 96 personnes au Pavillon&#8211; port du masque obligatoire&#8211; maintien de la distance de 1,5 m\u00e8tres entre les personnes En raison de la capacit\u00e9 r\u00e9duite, l&#8217;ouverture de la billetterie sera ouverte en priorit\u00e9 &hellip; <a href=\"https:\/\/archives.adc-geneve.ch\/2021\/billetterie\/\">Continued<\/a><\/p>\n","protected":false},"author":1,"featured_media":0,"parent":0,"menu_order":0,"comment_status":"closed","ping_status":"closed","template":"","meta":[],"_links":{"self":[{"href":"https:\/\/archives.adc-geneve.ch\/2021\/wp-json\/wp\/v2\/pages\/241"}],"collection":[{"href":"https:\/\/archives.adc-geneve.ch\/2021\/wp-json\/wp\/v2\/pages"}],"about":[{"href":"https:\/\/archives.adc-geneve.ch\/2021\/wp-json\/wp\/v2\/types\/page"}],"author":[{"embeddable":true,"href":"https:\/\/archives.adc-geneve.ch\/2021\/wp-json\/wp\/v2\/users\/1"}],"replies":[{"embeddable":true,"href":"https:\/\/archives.adc-geneve.ch\/2021\/wp-json\/wp\/v2\/comments?post=241"}],"version-history":[{"count":17,"href":"https:\/\/archives.adc-geneve.ch\/2021\/wp-json\/wp\/v2\/pages\/241\/revisions"}],"predecessor-version":[{"id":17926,"href":"https:\/\/archives.adc-geneve.ch\/2021\/wp-json\/wp\/v2\/pages\/241\/revisions\/17926"}],"wp:attachment":[{"href":"https:\/\/archives.adc-geneve.ch\/2021\/wp-json\/wp\/v2\/media?parent=241"}],"curies":[{"name":"wp","href":"https:\/\/api.w.org\/{rel}","templated":true}]}}