{"id":230,"date":"2017-07-14T15:43:20","date_gmt":"2017-07-14T13:43:20","guid":{"rendered":"http:\/\/adc-geneve.ch\/v2\/?page_id=230"},"modified":"2021-03-26T14:21:22","modified_gmt":"2021-03-26T13:21:22","slug":"studios","status":"publish","type":"page","link":"https:\/\/archives.adc-geneve.ch\/2021\/espace-pro\/studios\/","title":{"rendered":"Studios"},"content":{"rendered":"\n<div class=\"wp-container-6a05985da67d2 wp-block-columns\">\n<div class=\"wp-block-column\">\n<h2>Studios<\/h2>\n\n\n\n<h2>L&#8217;ADC g\u00e8re trois studios d\u00e9di\u00e9s au travail de cr\u00e9ation \u00e0 la Maison des Arts du Gr\u00fctli<\/h2>\n\n\n\n<p>16 rue G\u00e9n\u00e9ral Dufour \u2014 1205 Gen\u00e8ve.<\/p>\n\n\n\n<p>Le principe fondateur est le suivant : mettre \u00e0 la disposition des professionnels de la danse contemporaine des espaces de cr\u00e9ation et de travail.<br>La fa\u00e7on dont ce principe va s\u2019appliquer reste autant que possible communautaire : il n\u2019y a pas d\u2019appropriation individuelle de ces espaces.<br>Les attributions suivent des <strong>crit\u00e8res de priorit\u00e9<\/strong> :<br>est prioritaire le travail de cr\u00e9ation d\u2019une compagnie programm\u00e9e par l\u2019ADC, par un partenaire du passedanse, puis par une autre infrastructure, et\/ou subventionn\u00e9e par la Ville de Gen\u00e8ve.<\/p>\n\n\n\n<h2><strong>Utilisation des espaces de travail<\/strong><\/h2>\n\n\n\n<p>Pour la demande d&#8217;un espace de travail, merci de remplir le <a href=\"https:\/\/archives.adc-geneve.ch\/2021\/espace-pro\/studios\/formulaire-utilisation-studios\/\">FORMULAIRE EN LIGNE<\/a> et prendre connaissance du <a href=\"https:\/\/archives.adc-geneve.ch\/2021\/wp-content\/uploads\/2019\/09\/Reglement_aout2019.pdf\">R\u00e8glement int\u00e9rieur d&#8217;utilisation des studios<\/a>.<br>Les plannings sont affich\u00e9s mensuellement au Gr\u00fctli.<br>Merci de nous contacter pour disposer des codes d&#8217;acc\u00e8s.<br>Demande d&#8217;informations : <a href=\"mailto:studios@adc-geneve.ch\">studios@adc-geneve.ch<\/a><\/p>\n\n\n\n<h2>Cours hebdomadaires<\/h2>\n\n\n\n<p>L\u2019ADC met \u00e0 disposition une plage de 18h \u00e0 20h chaque semaine \u00e0 4 enseignants p\u00e9dagogues pour des cours de danse contemporaine.<br><a href=\"https:\/\/archives.adc-geneve.ch\/2021\/espace-pro\/studios\/cours\/\">Voir le descriptif des cours.<\/a><br>Aucun autre cours hebdomadaire ne peut \u00eatre mis en place.<\/p>\n\n\n\n<h2>Capacit\u00e9 d\u2019accueil<\/h2>\n\n\n\n<p>&#8211; 50 personnes : aile ADC 2\u00e8me \u00e9tage (grand studio + studio du fond compris)<br>&#8211; 50 personnes : studio du haut (3\u00e8me \u00e9tage)<\/p>\n<\/div>\n\n\n\n<div class=\"wp-block-column\">\n\n\n<figure class=\"wp-block-image size-large\"><img loading=\"lazy\" width=\"1024\" height=\"644\" src=\"https:\/\/archives.adc-geneve.ch\/2021\/wp-content\/uploads\/2017\/07\/adc_studio_A1-1024x644.jpg\" alt=\"Studios 2\" class=\"wp-image-586\" srcset=\"https:\/\/archives.adc-geneve.ch\/2021\/wp-content\/uploads\/2017\/07\/adc_studio_A1-1024x644.jpg 1024w, https:\/\/archives.adc-geneve.ch\/2021\/wp-content\/uploads\/2017\/07\/adc_studio_A1-300x189.jpg 300w, https:\/\/archives.adc-geneve.ch\/2021\/wp-content\/uploads\/2017\/07\/adc_studio_A1-768x483.jpg 768w, https:\/\/archives.adc-geneve.ch\/2021\/wp-content\/uploads\/2017\/07\/adc_studio_A1-120x75.jpg 120w, https:\/\/archives.adc-geneve.ch\/2021\/wp-content\/uploads\/2017\/07\/adc_studio_A1-1320x830.jpg 1320w\" sizes=\"(max-width: 1024px) 100vw, 1024px\" \/><figcaption>Studio Noemi Lapzeson : 190 m2 (19m x10m, yc vestiaire) \/ 2e \u00e9tage<\/figcaption><\/figure>\n\n\n\n<figure class=\"wp-block-image size-large\"><img loading=\"lazy\" width=\"1024\" height=\"652\" src=\"https:\/\/archives.adc-geneve.ch\/2021\/wp-content\/uploads\/2017\/07\/adc_studio_B1-1024x652.jpg\" alt=\"Studios 1\" class=\"wp-image-587\" srcset=\"https:\/\/archives.adc-geneve.ch\/2021\/wp-content\/uploads\/2017\/07\/adc_studio_B1-1024x652.jpg 1024w, https:\/\/archives.adc-geneve.ch\/2021\/wp-content\/uploads\/2017\/07\/adc_studio_B1-300x191.jpg 300w, https:\/\/archives.adc-geneve.ch\/2021\/wp-content\/uploads\/2017\/07\/adc_studio_B1-768x489.jpg 768w, https:\/\/archives.adc-geneve.ch\/2021\/wp-content\/uploads\/2017\/07\/adc_studio_B1-120x76.jpg 120w, https:\/\/archives.adc-geneve.ch\/2021\/wp-content\/uploads\/2017\/07\/adc_studio_B1-1320x840.jpg 1320w\" sizes=\"(max-width: 1024px) 100vw, 1024px\" \/><figcaption>Studio du fond : 110 m2 (11m x 10m) \/ 2e \u00e9tage<\/figcaption><\/figure>\n\n\n\n<figure class=\"wp-block-image size-large\"><img loading=\"lazy\" width=\"1024\" height=\"648\" src=\"https:\/\/archives.adc-geneve.ch\/2021\/wp-content\/uploads\/2017\/07\/adc_studio_C3-1024x648.jpg\" alt=\"Studios\" class=\"wp-image-588\" srcset=\"https:\/\/archives.adc-geneve.ch\/2021\/wp-content\/uploads\/2017\/07\/adc_studio_C3-1024x648.jpg 1024w, https:\/\/archives.adc-geneve.ch\/2021\/wp-content\/uploads\/2017\/07\/adc_studio_C3-300x190.jpg 300w, https:\/\/archives.adc-geneve.ch\/2021\/wp-content\/uploads\/2017\/07\/adc_studio_C3-768x486.jpg 768w, https:\/\/archives.adc-geneve.ch\/2021\/wp-content\/uploads\/2017\/07\/adc_studio_C3-120x76.jpg 120w, https:\/\/archives.adc-geneve.ch\/2021\/wp-content\/uploads\/2017\/07\/adc_studio_C3-1320x835.jpg 1320w\" sizes=\"(max-width: 1024px) 100vw, 1024px\" \/><figcaption>Studio du haut : 150 m2 (15m x 10m) \/ 3e \u00e9tage<\/figcaption><\/figure>\n<\/div>\n<\/div>\n","protected":false},"excerpt":{"rendered":"<p>Studios L&#8217;ADC g\u00e8re trois studios d\u00e9di\u00e9s au travail de cr\u00e9ation \u00e0 la Maison des Arts du Gr\u00fctli 16 rue G\u00e9n\u00e9ral Dufour \u2014 1205 Gen\u00e8ve. Le principe fondateur est le suivant : mettre \u00e0 la disposition des professionnels de la danse contemporaine des espaces de cr\u00e9ation et de travail.La fa\u00e7on dont ce principe va s\u2019appliquer reste &hellip; <a href=\"https:\/\/archives.adc-geneve.ch\/2021\/espace-pro\/studios\/\">Continued<\/a><\/p>\n","protected":false},"author":1,"featured_media":0,"parent":1356,"menu_order":0,"comment_status":"closed","ping_status":"closed","template":"","meta":[],"_links":{"self":[{"href":"https:\/\/archives.adc-geneve.ch\/2021\/wp-json\/wp\/v2\/pages\/230"}],"collection":[{"href":"https:\/\/archives.adc-geneve.ch\/2021\/wp-json\/wp\/v2\/pages"}],"about":[{"href":"https:\/\/archives.adc-geneve.ch\/2021\/wp-json\/wp\/v2\/types\/page"}],"author":[{"embeddable":true,"href":"https:\/\/archives.adc-geneve.ch\/2021\/wp-json\/wp\/v2\/users\/1"}],"replies":[{"embeddable":true,"href":"https:\/\/archives.adc-geneve.ch\/2021\/wp-json\/wp\/v2\/comments?post=230"}],"version-history":[{"count":2,"href":"https:\/\/archives.adc-geneve.ch\/2021\/wp-json\/wp\/v2\/pages\/230\/revisions"}],"predecessor-version":[{"id":17206,"href":"https:\/\/archives.adc-geneve.ch\/2021\/wp-json\/wp\/v2\/pages\/230\/revisions\/17206"}],"up":[{"embeddable":true,"href":"https:\/\/archives.adc-geneve.ch\/2021\/wp-json\/wp\/v2\/pages\/1356"}],"wp:attachment":[{"href":"https:\/\/archives.adc-geneve.ch\/2021\/wp-json\/wp\/v2\/media?parent=230"}],"curies":[{"name":"wp","href":"https:\/\/api.w.org\/{rel}","templated":true}]}}