{"id":17128,"date":"2021-03-18T11:43:10","date_gmt":"2021-03-18T10:43:10","guid":{"rendered":"https:\/\/pavillon-adc.ch\/?page_id=17128"},"modified":"2021-06-22T10:14:04","modified_gmt":"2021-06-22T08:14:04","slug":"centre-de-documentation","status":"publish","type":"page","link":"https:\/\/archives.adc-geneve.ch\/2021\/centre-de-documentation\/","title":{"rendered":"Centre de documentation"},"content":{"rendered":"\n<div class=\"wp-container-69e09c02ea915 wp-block-columns\">\n<div class=\"wp-block-column\">\n<h2>Centre de documentation<\/h2>\n\n\n\n<div style=\"height:25px\" aria-hidden=\"true\" class=\"wp-block-spacer\"><\/div>\n\n\n\n<p><strong>Le centre de documentation au Pavillon ADC <br>vous propose plus de 1&#8217;000 ouvrages sur la danse<\/strong><\/p>\n\n\n\n<p><br>autant de vid\u00e9os et DVD et une dizaine de revues <br>\u00e0 consulter sur place ou \u00e0 emprunter<br>Tous les ouvrages sont r\u00e9f\u00e9renc\u00e9s dans le <a href=\"https:\/\/adc-geneve.docressources.org\/index.php\" target=\"_blank\" rel=\"noreferrer noopener\">catalogue en ligne<\/a>.<br><br>Le centre de documentation est ouvert le\u00a0<strong>mercredi de 14h \u00e0 17h<\/strong><br>ou sur rendez-vous en semaine de 9h \u00e0 18h.<br>Merci de bien vouloir nous contacter par email \u00e0 <a href=\"mailto:cdd@adc-geneve.ch\">cdd@adc-geneve.ch<\/a><br>ou par t\u00e9l\u00e9phone au +41 (0)22 329 44 00.<\/p>\n\n\n\n<p><br><\/p>\n<\/div>\n\n\n\n<div class=\"wp-block-column\">\n<figure class=\"wp-block-gallery columns-2 is-cropped\"><ul class=\"blocks-gallery-grid\"><li class=\"blocks-gallery-item\"><figure><a href=\"https:\/\/archives.adc-geneve.ch\/2021\/wp-content\/uploads\/2021\/03\/centre-de-documentation-3.jpeg\" data-rel=\"lightbox-gallery-xgPzrr2o\" data-rl_title=\"Centre de documentation 1\" data-rl_caption=\"\" title=\"Centre de documentation 1\"><img loading=\"lazy\" width=\"1024\" height=\"1024\" src=\"https:\/\/archives.adc-geneve.ch\/2021\/wp-content\/uploads\/2021\/03\/centre-de-documentation-3-1024x1024.jpeg\" alt=\"Centre de documentation 1\" data-id=\"17148\" data-full-url=\"https:\/\/archives.adc-geneve.ch\/2021\/wp-content\/uploads\/2021\/03\/centre-de-documentation-3.jpeg\" data-link=\"https:\/\/archives.adc-geneve.ch\/2021\/centre-de-documentation\/centre-de-documentation-3\/\" class=\"wp-image-17148\" srcset=\"https:\/\/archives.adc-geneve.ch\/2021\/wp-content\/uploads\/2021\/03\/centre-de-documentation-3-1024x1024.jpeg 1024w, https:\/\/archives.adc-geneve.ch\/2021\/wp-content\/uploads\/2021\/03\/centre-de-documentation-3-300x300.jpeg 300w, https:\/\/archives.adc-geneve.ch\/2021\/wp-content\/uploads\/2021\/03\/centre-de-documentation-3-150x150.jpeg 150w, https:\/\/archives.adc-geneve.ch\/2021\/wp-content\/uploads\/2021\/03\/centre-de-documentation-3-768x768.jpeg 768w, https:\/\/archives.adc-geneve.ch\/2021\/wp-content\/uploads\/2021\/03\/centre-de-documentation-3-1536x1536.jpeg 1536w, https:\/\/archives.adc-geneve.ch\/2021\/wp-content\/uploads\/2021\/03\/centre-de-documentation-3.jpeg 2048w, https:\/\/archives.adc-geneve.ch\/2021\/wp-content\/uploads\/2021\/03\/centre-de-documentation-3-1320x1320.jpeg 1320w\" sizes=\"(max-width: 1024px) 100vw, 1024px\" \/><\/a><\/figure><\/li><li class=\"blocks-gallery-item\"><figure><a href=\"https:\/\/archives.adc-geneve.ch\/2021\/wp-content\/uploads\/2021\/04\/20210414_105736-scaled.jpg\" data-rel=\"lightbox-gallery-xgPzrr2o\" data-rl_title=\"Centre de documentation 3\" data-rl_caption=\"\" title=\"Centre de documentation 3\"><img loading=\"lazy\" width=\"768\" height=\"1024\" src=\"https:\/\/archives.adc-geneve.ch\/2021\/wp-content\/uploads\/2021\/04\/20210414_105736-768x1024.jpg\" alt=\"\" data-id=\"17294\" data-full-url=\"https:\/\/archives.adc-geneve.ch\/2021\/wp-content\/uploads\/2021\/04\/20210414_105736-scaled.jpg\" data-link=\"https:\/\/archives.adc-geneve.ch\/2021\/centre-de-documentation\/20210414_105736\/\" class=\"wp-image-17294\" srcset=\"https:\/\/archives.adc-geneve.ch\/2021\/wp-content\/uploads\/2021\/04\/20210414_105736-768x1024.jpg 768w, https:\/\/archives.adc-geneve.ch\/2021\/wp-content\/uploads\/2021\/04\/20210414_105736-225x300.jpg 225w, https:\/\/archives.adc-geneve.ch\/2021\/wp-content\/uploads\/2021\/04\/20210414_105736-1152x1536.jpg 1152w, https:\/\/archives.adc-geneve.ch\/2021\/wp-content\/uploads\/2021\/04\/20210414_105736-1536x2048.jpg 1536w, https:\/\/archives.adc-geneve.ch\/2021\/wp-content\/uploads\/2021\/04\/20210414_105736-1320x1760.jpg 1320w, https:\/\/archives.adc-geneve.ch\/2021\/wp-content\/uploads\/2021\/04\/20210414_105736-scaled.jpg 1920w\" sizes=\"(max-width: 768px) 100vw, 768px\" \/><\/a><\/figure><\/li><\/ul><\/figure>\n<\/div>\n<\/div>\n","protected":false},"excerpt":{"rendered":"<p>Centre de documentation Le centre de documentation au Pavillon ADC vous propose plus de 1&#8217;000 ouvrages sur la danse autant de vid\u00e9os et DVD et une dizaine de revues \u00e0 consulter sur place ou \u00e0 emprunterTous les ouvrages sont r\u00e9f\u00e9renc\u00e9s dans le catalogue en ligne. Le centre de documentation est ouvert le\u00a0mercredi de 14h \u00e0 &hellip; <a href=\"https:\/\/archives.adc-geneve.ch\/2021\/centre-de-documentation\/\">Continued<\/a><\/p>\n","protected":false},"author":3,"featured_media":17148,"parent":0,"menu_order":0,"comment_status":"closed","ping_status":"closed","template":"","meta":[],"_links":{"self":[{"href":"https:\/\/archives.adc-geneve.ch\/2021\/wp-json\/wp\/v2\/pages\/17128"}],"collection":[{"href":"https:\/\/archives.adc-geneve.ch\/2021\/wp-json\/wp\/v2\/pages"}],"about":[{"href":"https:\/\/archives.adc-geneve.ch\/2021\/wp-json\/wp\/v2\/types\/page"}],"author":[{"embeddable":true,"href":"https:\/\/archives.adc-geneve.ch\/2021\/wp-json\/wp\/v2\/users\/3"}],"replies":[{"embeddable":true,"href":"https:\/\/archives.adc-geneve.ch\/2021\/wp-json\/wp\/v2\/comments?post=17128"}],"version-history":[{"count":17,"href":"https:\/\/archives.adc-geneve.ch\/2021\/wp-json\/wp\/v2\/pages\/17128\/revisions"}],"predecessor-version":[{"id":17919,"href":"https:\/\/archives.adc-geneve.ch\/2021\/wp-json\/wp\/v2\/pages\/17128\/revisions\/17919"}],"wp:featuredmedia":[{"embeddable":true,"href":"https:\/\/archives.adc-geneve.ch\/2021\/wp-json\/wp\/v2\/media\/17148"}],"wp:attachment":[{"href":"https:\/\/archives.adc-geneve.ch\/2021\/wp-json\/wp\/v2\/media?parent=17128"}],"curies":[{"name":"wp","href":"https:\/\/api.w.org\/{rel}","templated":true}]}}