{"id":15796,"date":"2020-12-16T11:55:44","date_gmt":"2020-12-16T10:55:44","guid":{"rendered":"https:\/\/pavillon-adc.ch\/?page_id=15796"},"modified":"2020-12-16T12:13:37","modified_gmt":"2020-12-16T11:13:37","slug":"emissions-saison-20-21-thematique-passons","status":"publish","type":"page","link":"https:\/\/archives.adc-geneve.ch\/2021\/emissions-saison-20-21-thematique-passons\/","title":{"rendered":"Emissions saison 20-21 | th\u00e9matique Passons !"},"content":{"rendered":"\n<h2>Emissions <a href=\"https:\/\/archives.adc-geneve.ch\/2021\/radio\/\">Radio STATION DEBOUT<\/a> | saison 20\u201421<\/h2>\n\n\n\n<p>Sur le th\u00e8me <em>Passons ! Ce que le virus fait aux arts vivants.<\/em> , la dramaturge Mich\u00e8le Pralong a accueilli deux personnes de disciplines diff\u00e9rentes pour r\u00e9fl\u00e9chir, \u00e9changer et discuter autour de ce sujet.<\/p>\n\n\n\n<div style=\"height:40px\" aria-hidden=\"true\" class=\"wp-block-spacer\"><\/div>\n\n\n\n<p class=\"has-medium-font-size\"><strong>Cinq \u00e9missions enregistr\u00e9es en novembre 2020<\/strong><\/p>\n\n\n\n<div class=\"wp-container-69d65f034a377 wp-block-columns\">\n<div class=\"wp-block-column\">\n<figure class=\"wp-block-image size-large is-style-default\"><img loading=\"lazy\" width=\"1024\" height=\"479\" src=\"https:\/\/archives.adc-geneve.ch\/2021\/wp-content\/uploads\/2020\/12\/radio-station-debout-cinq-emissions-en-decembre-passons-ce-que-le-virus-fait-aux-arts-vivants-laurent-pichaud-frederic-plazy-laurence-perez-yan-duyvendak-matthieu-1024x479.jpg\" alt=\"Radio STATION DEBOUT \u2014 cinq \u00e9missions en d\u00e9cembre \u2014 Passons! ce que le virus fait aux arts vivants \u2014 Laurent Pichaud, Fr\u00e9d\u00e9ric Plazy \/ Laurence Perez, Yan Duyvendak \/ Matthieu Jaccard, Nathalie Tacchella \/ Prisca Harsch, Maud Blandel \/ Alexandre Demidoff, Luca Pattaroni\" class=\"wp-image-15885\" srcset=\"https:\/\/archives.adc-geneve.ch\/2021\/wp-content\/uploads\/2020\/12\/radio-station-debout-cinq-emissions-en-decembre-passons-ce-que-le-virus-fait-aux-arts-vivants-laurent-pichaud-frederic-plazy-laurence-perez-yan-duyvendak-matthieu-1024x479.jpg 1024w, https:\/\/archives.adc-geneve.ch\/2021\/wp-content\/uploads\/2020\/12\/radio-station-debout-cinq-emissions-en-decembre-passons-ce-que-le-virus-fait-aux-arts-vivants-laurent-pichaud-frederic-plazy-laurence-perez-yan-duyvendak-matthieu-300x140.jpg 300w, https:\/\/archives.adc-geneve.ch\/2021\/wp-content\/uploads\/2020\/12\/radio-station-debout-cinq-emissions-en-decembre-passons-ce-que-le-virus-fait-aux-arts-vivants-laurent-pichaud-frederic-plazy-laurence-perez-yan-duyvendak-matthieu-768x359.jpg 768w, https:\/\/archives.adc-geneve.ch\/2021\/wp-content\/uploads\/2020\/12\/radio-station-debout-cinq-emissions-en-decembre-passons-ce-que-le-virus-fait-aux-arts-vivants-laurent-pichaud-frederic-plazy-laurence-perez-yan-duyvendak-matthieu-1536x719.jpg 1536w, https:\/\/archives.adc-geneve.ch\/2021\/wp-content\/uploads\/2020\/12\/radio-station-debout-cinq-emissions-en-decembre-passons-ce-que-le-virus-fait-aux-arts-vivants-laurent-pichaud-frederic-plazy-laurence-perez-yan-duyvendak-matthieu-2048x958.jpg 2048w, https:\/\/archives.adc-geneve.ch\/2021\/wp-content\/uploads\/2020\/12\/radio-station-debout-cinq-emissions-en-decembre-passons-ce-que-le-virus-fait-aux-arts-vivants-laurent-pichaud-frederic-plazy-laurence-perez-yan-duyvendak-matthieu-1320x618.jpg 1320w\" sizes=\"(max-width: 1024px) 100vw, 1024px\" \/><\/figure>\n<\/div>\n\n\n\n<div class=\"wp-block-column\">\n<figure class=\"wp-block-image size-large\"><img loading=\"lazy\" width=\"1024\" height=\"479\" src=\"https:\/\/archives.adc-geneve.ch\/2021\/wp-content\/uploads\/2020\/12\/Pralong_Perez_Duyvendak-1024x479.jpg\" alt=\"\" class=\"wp-image-15884\" srcset=\"https:\/\/archives.adc-geneve.ch\/2021\/wp-content\/uploads\/2020\/12\/Pralong_Perez_Duyvendak-1024x479.jpg 1024w, https:\/\/archives.adc-geneve.ch\/2021\/wp-content\/uploads\/2020\/12\/Pralong_Perez_Duyvendak-300x140.jpg 300w, https:\/\/archives.adc-geneve.ch\/2021\/wp-content\/uploads\/2020\/12\/Pralong_Perez_Duyvendak-768x359.jpg 768w, https:\/\/archives.adc-geneve.ch\/2021\/wp-content\/uploads\/2020\/12\/Pralong_Perez_Duyvendak-1536x719.jpg 1536w, https:\/\/archives.adc-geneve.ch\/2021\/wp-content\/uploads\/2020\/12\/Pralong_Perez_Duyvendak-2048x958.jpg 2048w, https:\/\/archives.adc-geneve.ch\/2021\/wp-content\/uploads\/2020\/12\/Pralong_Perez_Duyvendak-1320x618.jpg 1320w\" sizes=\"(max-width: 1024px) 100vw, 1024px\" \/><\/figure>\n<\/div>\n\n\n\n<div class=\"wp-block-column\">\n<figure class=\"wp-block-image size-large\"><img loading=\"lazy\" width=\"1024\" height=\"479\" src=\"https:\/\/archives.adc-geneve.ch\/2021\/wp-content\/uploads\/2020\/12\/Pralong_Jaccard_Tacchella-1024x479.jpg\" alt=\"\" class=\"wp-image-15883\" srcset=\"https:\/\/archives.adc-geneve.ch\/2021\/wp-content\/uploads\/2020\/12\/Pralong_Jaccard_Tacchella-1024x479.jpg 1024w, https:\/\/archives.adc-geneve.ch\/2021\/wp-content\/uploads\/2020\/12\/Pralong_Jaccard_Tacchella-300x140.jpg 300w, https:\/\/archives.adc-geneve.ch\/2021\/wp-content\/uploads\/2020\/12\/Pralong_Jaccard_Tacchella-768x359.jpg 768w, https:\/\/archives.adc-geneve.ch\/2021\/wp-content\/uploads\/2020\/12\/Pralong_Jaccard_Tacchella-1536x719.jpg 1536w, https:\/\/archives.adc-geneve.ch\/2021\/wp-content\/uploads\/2020\/12\/Pralong_Jaccard_Tacchella-2048x958.jpg 2048w, https:\/\/archives.adc-geneve.ch\/2021\/wp-content\/uploads\/2020\/12\/Pralong_Jaccard_Tacchella-1320x618.jpg 1320w\" sizes=\"(max-width: 1024px) 100vw, 1024px\" \/><\/figure>\n<\/div>\n<\/div>\n\n\n\n<div class=\"wp-container-69d65f034ad68 wp-block-columns\">\n<div class=\"wp-block-column\">\n<p><strong>Emission du 24 novembre<\/strong><br><strong>avec Laurent Pichaud et Fr\u00e9d\u00e9ric Plazy<\/strong><\/p>\n\n\n\n<iframe loading=\"lazy\" width=\"60%\" height=\"60\" src=\"https:\/\/www.mixcloud.com\/widget\/iframe\/?hide_cover=1&amp;mini=1&amp;light=1&amp;feed=%2FRadioVostok%2Fstation-debout-s03-1-avec-fr%C3%A9d%C3%A9ric-plazy-laurent-pichaud%2F\" frameborder=\"0\"><\/iframe>\n<\/div>\n\n\n\n<div class=\"wp-block-column\">\n<p><strong>Emission du 25 novembre<\/strong><br><strong>avec Laurence Perez et Yan Duyvendak<\/strong><\/p>\n\n\n\n<iframe loading=\"lazy\" width=\"60%\" height=\"60\" src=\"https:\/\/www.mixcloud.com\/widget\/iframe\/?hide_cover=1&amp;mini=1&amp;light=1&amp;feed=%2FRadioVostok%2Fstation-debout-s03-2-avec-laurence-perez-yan-duyvendak%2F\" frameborder=\"0\"><\/iframe>\n<\/div>\n\n\n\n<div class=\"wp-block-column\">\n<p><strong>Emission du 25 novembre<\/strong><br><strong>avec Matthieu Jaccard et Nathalie Tacchella<\/strong><\/p>\n\n\n\n<iframe loading=\"lazy\" width=\"60%\" height=\"60\" src=\"https:\/\/www.mixcloud.com\/widget\/iframe\/?hide_cover=1&amp;mini=1&amp;light=1&amp;feed=%2FRadioVostok%2Fstation-debout-s03-3-avec-n-tacchella-m-jaccard%2F\" frameborder=\"0\"><\/iframe>\n<\/div>\n<\/div>\n\n\n\n<div style=\"height:30px\" aria-hidden=\"true\" class=\"wp-block-spacer\"><\/div>\n\n\n\n<div class=\"wp-container-69d65f034b745 wp-block-columns\">\n<div class=\"wp-block-column\">\n<figure class=\"wp-block-image size-large\"><img loading=\"lazy\" width=\"1024\" height=\"479\" src=\"https:\/\/archives.adc-geneve.ch\/2021\/wp-content\/uploads\/2020\/11\/Pralong_Harsch_Blandel-1-1024x479.jpg\" alt=\"\" class=\"wp-image-15792\" srcset=\"https:\/\/archives.adc-geneve.ch\/2021\/wp-content\/uploads\/2020\/11\/Pralong_Harsch_Blandel-1-1024x479.jpg 1024w, https:\/\/archives.adc-geneve.ch\/2021\/wp-content\/uploads\/2020\/11\/Pralong_Harsch_Blandel-1-300x140.jpg 300w, https:\/\/archives.adc-geneve.ch\/2021\/wp-content\/uploads\/2020\/11\/Pralong_Harsch_Blandel-1-768x359.jpg 768w, https:\/\/archives.adc-geneve.ch\/2021\/wp-content\/uploads\/2020\/11\/Pralong_Harsch_Blandel-1-1536x719.jpg 1536w, https:\/\/archives.adc-geneve.ch\/2021\/wp-content\/uploads\/2020\/11\/Pralong_Harsch_Blandel-1-2048x958.jpg 2048w, https:\/\/archives.adc-geneve.ch\/2021\/wp-content\/uploads\/2020\/11\/Pralong_Harsch_Blandel-1-1320x618.jpg 1320w\" sizes=\"(max-width: 1024px) 100vw, 1024px\" \/><\/figure>\n\n\n\n<p><strong>Emission du 26 novembre<\/strong><br><strong>avec Prisca Harsch et Maud Blandel<\/strong><\/p>\n\n\n\n<iframe loading=\"lazy\" width=\"60%\" height=\"60\" src=\"https:\/\/www.mixcloud.com\/widget\/iframe\/?hide_cover=1&amp;mini=1&amp;light=1&amp;feed=%2FRadioVostok%2Fstation-debout-s03-4-avec-prisca-harsch-maud-blandel%2F\" frameborder=\"0\"><\/iframe>\n<\/div>\n\n\n\n<div class=\"wp-block-column\">\n<figure class=\"wp-block-image size-large\"><img loading=\"lazy\" width=\"1024\" height=\"479\" src=\"https:\/\/archives.adc-geneve.ch\/2021\/wp-content\/uploads\/2020\/11\/radio-station-debout-4-1024x479.jpg\" alt=\"Radio STATION DEBOUT 5\" class=\"wp-image-15821\" srcset=\"https:\/\/archives.adc-geneve.ch\/2021\/wp-content\/uploads\/2020\/11\/radio-station-debout-4-1024x479.jpg 1024w, https:\/\/archives.adc-geneve.ch\/2021\/wp-content\/uploads\/2020\/11\/radio-station-debout-4-300x140.jpg 300w, https:\/\/archives.adc-geneve.ch\/2021\/wp-content\/uploads\/2020\/11\/radio-station-debout-4-768x359.jpg 768w, https:\/\/archives.adc-geneve.ch\/2021\/wp-content\/uploads\/2020\/11\/radio-station-debout-4-1536x719.jpg 1536w, https:\/\/archives.adc-geneve.ch\/2021\/wp-content\/uploads\/2020\/11\/radio-station-debout-4-2048x958.jpg 2048w, https:\/\/archives.adc-geneve.ch\/2021\/wp-content\/uploads\/2020\/11\/radio-station-debout-4-1320x618.jpg 1320w\" sizes=\"(max-width: 1024px) 100vw, 1024px\" \/><\/figure>\n\n\n\n<p><strong>Emission du 26 novembre<\/strong><br><strong>avec Alexandre Demidoff et Luca Pattaroni<\/strong><br><\/p>\n\n\n\n<iframe loading=\"lazy\" width=\"60%\" height=\"60\" src=\"https:\/\/www.mixcloud.com\/widget\/iframe\/?hide_cover=1&amp;mini=1&amp;light=1&amp;feed=%2FRadioVostok%2Fstation-debout-s03-5-avec-a-demidoff-l-pattaroni%2F\" frameborder=\"0\"><\/iframe>\n<\/div>\n\n\n\n<div class=\"wp-block-column\"><\/div>\n<\/div>\n\n\n\n<div class=\"wp-container-69d65f034bf88 wp-block-columns\"><\/div>\n\n\n\n<div class=\"wp-container-69d65f034c777 wp-block-columns\">\n<div class=\"wp-block-column\"><\/div>\n\n\n\n<div class=\"wp-block-column\"><\/div>\n\n\n\n<div class=\"wp-block-column\"><\/div>\n<\/div>\n\n\n\n<div class=\"wp-container-69d65f034cf60 wp-block-columns\">\n<div class=\"wp-block-column\"><\/div>\n<\/div>\n\n\n\n<p><\/p>\n","protected":false},"excerpt":{"rendered":"<p>Emissions Radio STATION DEBOUT | saison 20\u201421 Sur le th\u00e8me Passons ! Ce que le virus fait aux arts vivants. , la dramaturge Mich\u00e8le Pralong a accueilli deux personnes de disciplines diff\u00e9rentes pour r\u00e9fl\u00e9chir, \u00e9changer et discuter autour de ce sujet. Cinq \u00e9missions enregistr\u00e9es en novembre 2020 Emission du 24 novembreavec Laurent Pichaud et Fr\u00e9d\u00e9ric &hellip; <a href=\"https:\/\/archives.adc-geneve.ch\/2021\/emissions-saison-20-21-thematique-passons\/\">Continued<\/a><\/p>\n","protected":false},"author":3,"featured_media":0,"parent":0,"menu_order":0,"comment_status":"closed","ping_status":"closed","template":"","meta":[],"_links":{"self":[{"href":"https:\/\/archives.adc-geneve.ch\/2021\/wp-json\/wp\/v2\/pages\/15796"}],"collection":[{"href":"https:\/\/archives.adc-geneve.ch\/2021\/wp-json\/wp\/v2\/pages"}],"about":[{"href":"https:\/\/archives.adc-geneve.ch\/2021\/wp-json\/wp\/v2\/types\/page"}],"author":[{"embeddable":true,"href":"https:\/\/archives.adc-geneve.ch\/2021\/wp-json\/wp\/v2\/users\/3"}],"replies":[{"embeddable":true,"href":"https:\/\/archives.adc-geneve.ch\/2021\/wp-json\/wp\/v2\/comments?post=15796"}],"version-history":[{"count":3,"href":"https:\/\/archives.adc-geneve.ch\/2021\/wp-json\/wp\/v2\/pages\/15796\/revisions"}],"predecessor-version":[{"id":16237,"href":"https:\/\/archives.adc-geneve.ch\/2021\/wp-json\/wp\/v2\/pages\/15796\/revisions\/16237"}],"wp:attachment":[{"href":"https:\/\/archives.adc-geneve.ch\/2021\/wp-json\/wp\/v2\/media?parent=15796"}],"curies":[{"name":"wp","href":"https:\/\/api.w.org\/{rel}","templated":true}]}}