{"id":15664,"date":"2020-11-18T14:37:04","date_gmt":"2020-11-18T13:37:04","guid":{"rendered":"https:\/\/pavillon-adc.ch\/?page_id=15664"},"modified":"2021-01-22T08:37:50","modified_gmt":"2021-01-22T07:37:50","slug":"emissions-saison-19-20","status":"publish","type":"page","link":"https:\/\/archives.adc-geneve.ch\/2021\/emissions-saison-19-20\/","title":{"rendered":"\u00c9missions saison 19-20 | th\u00e9matique ACCELERATIONS"},"content":{"rendered":"\n<h2>\u00c9missions Radio STATION DEBOUT | saison 19\u201420<\/h2>\n\n\n\n<p>Sur le th\u00e8me ACCELERATIONS, la dramaturge Mich\u00e8le Pralong a accueilli deux personnes de disciplines diff\u00e9rentes pour r\u00e9fl\u00e9chir aux temporalit\u00e9s et disruptions qui s\u2019appliquent \u00e0 nos existences aujourd\u2019hui.<\/p>\n\n\n\n<div style=\"height:40px\" aria-hidden=\"true\" class=\"wp-block-spacer\"><\/div>\n\n\n\n<p class=\"has-medium-font-size\"><strong>Trois \u00e9missions en 2019<\/strong><\/p>\n\n\n\n<div class=\"wp-container-69e9c13907839 wp-block-columns\">\n<div class=\"wp-block-column\">\n<figure class=\"wp-block-image size-large is-style-default\"><img loading=\"lazy\" width=\"1024\" height=\"768\" src=\"https:\/\/archives.adc-geneve.ch\/2021\/wp-content\/uploads\/2019\/10\/station-debout-1-8-1024x768.jpg\" alt=\"STATION DEBOUT #1 7\" class=\"wp-image-7767\" srcset=\"https:\/\/archives.adc-geneve.ch\/2021\/wp-content\/uploads\/2019\/10\/station-debout-1-8-1024x768.jpg 1024w, https:\/\/archives.adc-geneve.ch\/2021\/wp-content\/uploads\/2019\/10\/station-debout-1-8-300x225.jpg 300w, https:\/\/archives.adc-geneve.ch\/2021\/wp-content\/uploads\/2019\/10\/station-debout-1-8-768x576.jpg 768w, https:\/\/archives.adc-geneve.ch\/2021\/wp-content\/uploads\/2019\/10\/station-debout-1-8-120x90.jpg 120w, https:\/\/archives.adc-geneve.ch\/2021\/wp-content\/uploads\/2019\/10\/station-debout-1-8-1320x990.jpg 1320w\" sizes=\"(max-width: 1024px) 100vw, 1024px\" \/><\/figure>\n<\/div>\n\n\n\n<div class=\"wp-block-column\">\n<figure class=\"wp-block-image size-large\"><img loading=\"lazy\" width=\"1024\" height=\"768\" src=\"https:\/\/archives.adc-geneve.ch\/2021\/wp-content\/uploads\/2019\/11\/station-debout-2-5-1024x768.jpg\" alt=\"STATION DEBOUT #2 3\" class=\"wp-image-7849\" srcset=\"https:\/\/archives.adc-geneve.ch\/2021\/wp-content\/uploads\/2019\/11\/station-debout-2-5-1024x768.jpg 1024w, https:\/\/archives.adc-geneve.ch\/2021\/wp-content\/uploads\/2019\/11\/station-debout-2-5-300x225.jpg 300w, https:\/\/archives.adc-geneve.ch\/2021\/wp-content\/uploads\/2019\/11\/station-debout-2-5-768x576.jpg 768w, https:\/\/archives.adc-geneve.ch\/2021\/wp-content\/uploads\/2019\/11\/station-debout-2-5-1536x1152.jpg 1536w, https:\/\/archives.adc-geneve.ch\/2021\/wp-content\/uploads\/2019\/11\/station-debout-2-5-2048x1536.jpg 2048w, https:\/\/archives.adc-geneve.ch\/2021\/wp-content\/uploads\/2019\/11\/station-debout-2-5-120x90.jpg 120w, https:\/\/archives.adc-geneve.ch\/2021\/wp-content\/uploads\/2019\/11\/station-debout-2-5-1320x990.jpg 1320w\" sizes=\"(max-width: 1024px) 100vw, 1024px\" \/><\/figure>\n<\/div>\n\n\n\n<div class=\"wp-block-column\">\n<figure class=\"wp-block-image size-large\"><img loading=\"lazy\" width=\"1024\" height=\"768\" src=\"https:\/\/archives.adc-geneve.ch\/2021\/wp-content\/uploads\/2019\/11\/station-debout-3-3.jpg\" alt=\"STATION DEBOUT #3 1\" class=\"wp-image-7891\" srcset=\"https:\/\/archives.adc-geneve.ch\/2021\/wp-content\/uploads\/2019\/11\/station-debout-3-3.jpg 1024w, https:\/\/archives.adc-geneve.ch\/2021\/wp-content\/uploads\/2019\/11\/station-debout-3-3-300x225.jpg 300w, https:\/\/archives.adc-geneve.ch\/2021\/wp-content\/uploads\/2019\/11\/station-debout-3-3-768x576.jpg 768w, https:\/\/archives.adc-geneve.ch\/2021\/wp-content\/uploads\/2019\/11\/station-debout-3-3-120x90.jpg 120w\" sizes=\"(max-width: 1024px) 100vw, 1024px\" \/><\/figure>\n<\/div>\n<\/div>\n\n\n\n<div class=\"wp-container-69e9c13907d5c wp-block-columns\">\n<div class=\"wp-block-column\">\n<p><strong>\u00c9mission du 11 novembre avec Laurence Wagner et St\u00e9phane Bouquet<\/strong><br>Curatrice et auteure, Laurence Wagner a notamment \u00e9t\u00e9 programmatrice du Th\u00e9\u00e2tre de l\u2019Usine \u00e0 Gen\u00e8ve : elle va programmer les trois prochaines \u00e9ditions du Festival Belluard \u00e0 Fribourg. Essentiellement po\u00e8te et traducteur, St\u00e9phane Bouquet est aussi danseur, sc\u00e9nariste, critique de cin\u00e9ma et enseignant. Il intervient r\u00e9guli\u00e8rement \u00e0 La Manufacture, Haute \u00e9cole des arts de la sc\u00e8ne \u00e0 Lausanne.<\/p>\n<\/div>\n\n\n\n<div class=\"wp-block-column\">\n<p><strong>\u00c9mission du 25 novembre avec Jeremy Narby et Barbara M\u00e9tais-Chastanier<\/strong><br>Lors de son doctorat en anthropologie \u00e0 l\u2019Universit\u00e9 de Stanford, Jeremy Narby a pass\u00e9 deux ans avec les Ash\u00e1ninka dans la for\u00eat amazonienne p\u00e9ruvienne. Depuis 1989, il travaille sur mandat pour l\u2019ONG suisse Nouvelle Plan\u00e8te, \u00e0 la d\u00e9fense des peuples indig\u00e8nes. Autrice et dramaturge, Barbara M\u00e9tais- Chastanier est aussi enseignante-chercheuse et artiste associ\u00e9e \u00e0 l\u2019empreinte \u2013 Sc\u00e8ne nationale de Brive-Tulle.<\/p>\n<\/div>\n\n\n\n<div class=\"wp-block-column\">\n<p><strong>\u00c9mission du 02 d\u00e9cembre avec avec Lo\u00efc Touz\u00e9 et Marco Motta<\/strong><br>Danseur et chor\u00e9graphe, Lo\u00efc Touz\u00e9 cr\u00e9e des pi\u00e8ces de danse, r\u00e9alise des films, invente avec d\u2019autres artistes des objets prot\u00e9iformes. Il travaille depuis 2010 avec l\u2019artiste et chercheur Mathieu Bouvier autour de la notion de Figure(s) (www.pourunatlasdes gures.net). Docteur en anthropologie, Marco Motta est actuellement postdoctorant \u00e0 l\u2019Universit\u00e9 de Johns Hopkins \u00e0 Baltimore. Il vient de publier Esprits fragiles. R\u00e9parer les liens ordinaires \u00e0 Zanzibar, sur le compagnonnage difficile entre les esprits et les habitants de quartiers d\u00e9favoris\u00e9s.<\/p>\n<\/div>\n<\/div>\n\n\n\n<div class=\"wp-container-69e9c139081c9 wp-block-columns\">\n<div class=\"wp-block-column\">\n<figure class=\"wp-block-embed is-type-rich is-provider-mixcloud wp-block-embed-mixcloud wp-embed-aspect-21-9 wp-has-aspect-ratio\"><div class=\"wp-block-embed__wrapper\">\n<iframe loading=\"lazy\" title=\"Station Debout #1 - Laurence Wagner Et St\u00e9phane Bouquet\" width=\"100%\" height=\"120\" src=\"https:\/\/www.mixcloud.com\/widget\/iframe\/?feed=https%3A%2F%2Fwww.mixcloud.com%2FRadioVostok%2Fstation-debout-1-laurence-wagner-et-st%25C3%25A9phane-bouquet%2F&amp;hide_cover=1\" frameborder=\"0\"><\/iframe>\n<\/div><\/figure>\n<\/div>\n\n\n\n<div class=\"wp-block-column\">\n<figure class=\"wp-block-embed is-type-rich is-provider-mixcloud wp-block-embed-mixcloud wp-embed-aspect-21-9 wp-has-aspect-ratio\"><div class=\"wp-block-embed__wrapper\">\n<iframe loading=\"lazy\" title=\"Station Debout #2 Avec Jeremy Narby Et Barbara M\u00e9tais-Chastanier\" width=\"100%\" height=\"120\" src=\"https:\/\/www.mixcloud.com\/widget\/iframe\/?feed=https%3A%2F%2Fwww.mixcloud.com%2FRadioVostok%2Fstation-debout-2-avec-jeremy-narby-et-barbara-m%25C3%25A9tais%2F&amp;hide_cover=1\" frameborder=\"0\"><\/iframe>\n<\/div><\/figure>\n<\/div>\n\n\n\n<div class=\"wp-block-column\">\n<figure class=\"wp-block-embed is-type-rich is-provider-mixcloud wp-block-embed-mixcloud wp-embed-aspect-21-9 wp-has-aspect-ratio\"><div class=\"wp-block-embed__wrapper\">\n<iframe loading=\"lazy\" title=\"Station Debout #3 Avec Lo\u00efc Touz\u00e9 Et Marco Motta\" width=\"100%\" height=\"120\" src=\"https:\/\/www.mixcloud.com\/widget\/iframe\/?feed=https%3A%2F%2Fwww.mixcloud.com%2FRadioVostok%2Fstation-debout-3-avec-lo%25C3%25AFc-touz%25C3%25A9-et-marco-motta%2F&amp;hide_cover=1\" frameborder=\"0\"><\/iframe>\n<\/div><\/figure>\n<\/div>\n<\/div>\n\n\n\n<p class=\"has-medium-font-size\"><strong>Trois \u00e9missions en 2020<\/strong><\/p>\n\n\n\n<div class=\"wp-container-69e9c1390871b wp-block-columns\">\n<div class=\"wp-block-column\">\n<figure class=\"wp-block-image size-large\"><img loading=\"lazy\" width=\"1024\" height=\"724\" src=\"https:\/\/archives.adc-geneve.ch\/2021\/wp-content\/uploads\/2020\/11\/LaRibot_Archambault-1024x724.jpg\" alt=\"\" class=\"wp-image-15677\" srcset=\"https:\/\/archives.adc-geneve.ch\/2021\/wp-content\/uploads\/2020\/11\/LaRibot_Archambault-1024x724.jpg 1024w, https:\/\/archives.adc-geneve.ch\/2021\/wp-content\/uploads\/2020\/11\/LaRibot_Archambault-300x212.jpg 300w, https:\/\/archives.adc-geneve.ch\/2021\/wp-content\/uploads\/2020\/11\/LaRibot_Archambault-768x543.jpg 768w, https:\/\/archives.adc-geneve.ch\/2021\/wp-content\/uploads\/2020\/11\/LaRibot_Archambault-1536x1086.jpg 1536w, https:\/\/archives.adc-geneve.ch\/2021\/wp-content\/uploads\/2020\/11\/LaRibot_Archambault-2048x1448.jpg 2048w, https:\/\/archives.adc-geneve.ch\/2021\/wp-content\/uploads\/2020\/11\/LaRibot_Archambault-1320x934.jpg 1320w\" sizes=\"(max-width: 1024px) 100vw, 1024px\" \/><\/figure>\n<\/div>\n\n\n\n<div class=\"wp-block-column\">\n<figure class=\"wp-block-image size-large\"><img loading=\"lazy\" width=\"1024\" height=\"724\" src=\"https:\/\/archives.adc-geneve.ch\/2021\/wp-content\/uploads\/2020\/11\/Gourfink_Cantarella-1024x724.jpg\" alt=\"\" class=\"wp-image-15676\" srcset=\"https:\/\/archives.adc-geneve.ch\/2021\/wp-content\/uploads\/2020\/11\/Gourfink_Cantarella-1024x724.jpg 1024w, https:\/\/archives.adc-geneve.ch\/2021\/wp-content\/uploads\/2020\/11\/Gourfink_Cantarella-300x212.jpg 300w, https:\/\/archives.adc-geneve.ch\/2021\/wp-content\/uploads\/2020\/11\/Gourfink_Cantarella-768x543.jpg 768w, https:\/\/archives.adc-geneve.ch\/2021\/wp-content\/uploads\/2020\/11\/Gourfink_Cantarella-1536x1086.jpg 1536w, https:\/\/archives.adc-geneve.ch\/2021\/wp-content\/uploads\/2020\/11\/Gourfink_Cantarella-2048x1448.jpg 2048w, https:\/\/archives.adc-geneve.ch\/2021\/wp-content\/uploads\/2020\/11\/Gourfink_Cantarella-1320x934.jpg 1320w\" sizes=\"(max-width: 1024px) 100vw, 1024px\" \/><\/figure>\n<\/div>\n\n\n\n<div class=\"wp-block-column\"><\/div>\n<\/div>\n\n\n\n<div class=\"wp-container-69e9c13908c1c wp-block-columns\">\n<div class=\"wp-block-column\">\n<p><strong>\u00c9mission du 17 f\u00e9vrier avec Hortense Archambault et La Ribot<\/strong><br>Sp\u00e9cialiste des arts de la sc\u00e8ne, Hortense Archambault a codirig\u00e9 le Festival d\u2019Avignon avec Vincent Baudriller de 2004 \u00e0 2013, avant de prendre la direction de la Maison de la Culture de Seine-Saint- Denis (MC93). Elle con\u00e7oit le th\u00e9\u00e2tre comme lieu de rencontre par excellence. Danseuse, chor\u00e9graphe, r\u00e9alisatrice et artiste visuelle, La Ribot part du corps, du mouvement, de la danse pour occuper toutes les pratiques, utiliser tous les mat\u00e9riaux, tous les formats, avec des professionnels ou des amateurs. Elle d\u00e9veloppe notamment depuis plus de vingt ans une s\u00e9rie de soli nomm\u00e9s\u00a0<em>Pi\u00e8ces distingu\u00e9es.<\/em><\/p>\n<\/div>\n\n\n\n<div class=\"wp-block-column\">\n<p><strong>\u00c9mission du 09 mars avec avec Myriam Gourfink et Robert Cantarella<\/strong><br>Tr\u00e8s engag\u00e9e dans la r\u00e9invention constante du corps et du mouvement, Myriam Gourfink est danseuse, chor\u00e9graphe, chercheuse et curatrice. Son travail, inspir\u00e9 de la pratique du yoga et du syst\u00e8me de notation du mouvement de Laban, op\u00e8re des fusions profondes entre techniques somatiques et dispositifs technologiques. P\u00e9dagogue, metteur en sc\u00e8ne et com\u00e9dien, Robert Cantarella explore le multiple des \u00e9critures sc\u00e9niques. Il a notamment dirig\u00e9 le Centre dramatique National de Dijon, fond\u00e9 le Festival\u00a0<em>Frictions en mai\u00a0<\/em>et codirig\u00e9 le CENTQUATRE \u00e0 Paris. Il est actuellement responsable de la li\u00e8re Master Th\u00e9\u00e2tre de la Manufacture \u2013 Haute Ecole des arts de la sc\u00e8ne de Suisse romande.<\/p>\n<\/div>\n\n\n\n<div class=\"wp-block-column\">\n<p><strong>\u00c9mission du 06 avril avec Anna Barseghian, Stefan Kristensen et Joanne Clavel<\/strong><br>&#8211;> <strong>annul\u00e9e en raison du covid<\/strong><br>Architecte de formation, Anna Barseghian est aussi curatrice et artiste. Stefan Kristensen est philosophe, actuellement professeur d\u2019esth\u00e9tique et th\u00e9orie de l\u2019art \u00e0 l\u2019Universit\u00e9 de Strasbourg. Ensemble, ils ont fond\u00e9 \u00e0 Gen\u00e8ve la tr\u00e8s active association Utopiana: dernier \u00e9v\u00e9nement,\u00a0<em>1000 Ecologies<\/em>, qui examinait\u00a0<em>l\u2019\u00e9largissement spectaculaire du champ d\u2019action de l\u2019\u00e9cologie.\u00a0<\/em>Docteure en sciences, form\u00e9e en danse \u00e0 Paris 8 et plus largement aux humanit\u00e9s, Joanne Clavel questionne \u00e0 travers le champ chor\u00e9graphique les pratiques artistiques d\u00e9veloppant des devenirs \u00e9cologiques.<\/p>\n<\/div>\n<\/div>\n\n\n\n<div class=\"wp-container-69e9c139090ae wp-block-columns\">\n<div class=\"wp-block-column\">\n<figure class=\"wp-block-embed is-type-rich is-provider-mixcloud wp-block-embed-mixcloud wp-embed-aspect-21-9 wp-has-aspect-ratio\"><div class=\"wp-block-embed__wrapper\">\n<iframe loading=\"lazy\" title=\"Station Debout #4  Avec Hortense Archambault Et La Ribot\" width=\"100%\" height=\"120\" src=\"https:\/\/www.mixcloud.com\/widget\/iframe\/?feed=https%3A%2F%2Fwww.mixcloud.com%2FRadioVostok%2Fstation-debout-4-avec-hortense-archambault-et-la-ribot%2F&amp;hide_cover=1\" frameborder=\"0\"><\/iframe>\n<\/div><\/figure>\n<\/div>\n\n\n\n<div class=\"wp-block-column\">\n<figure class=\"wp-block-embed is-type-rich is-provider-mixcloud wp-block-embed-mixcloud wp-embed-aspect-21-9 wp-has-aspect-ratio\"><div class=\"wp-block-embed__wrapper\">\n<iframe loading=\"lazy\" title=\"Station Debout #5 Avec Myriam Gourfink Et Robert Cantarella\" width=\"100%\" height=\"120\" src=\"https:\/\/www.mixcloud.com\/widget\/iframe\/?feed=https%3A%2F%2Fwww.mixcloud.com%2FRadioVostok%2Fstation-debout-5-avec-myriam-gourfink-et-robert-cantarella%2F&amp;hide_cover=1\" frameborder=\"0\"><\/iframe>\n<\/div><\/figure>\n<\/div>\n\n\n\n<div class=\"wp-block-column\"><\/div>\n<\/div>\n\n\n\n<p><\/p>\n","protected":false},"excerpt":{"rendered":"<p>\u00c9missions Radio STATION DEBOUT | saison 19\u201420 Sur le th\u00e8me ACCELERATIONS, la dramaturge Mich\u00e8le Pralong a accueilli deux personnes de disciplines diff\u00e9rentes pour r\u00e9fl\u00e9chir aux temporalit\u00e9s et disruptions qui s\u2019appliquent \u00e0 nos existences aujourd\u2019hui. Trois \u00e9missions en 2019 \u00c9mission du 11 novembre avec Laurence Wagner et St\u00e9phane BouquetCuratrice et auteure, Laurence Wagner a notamment \u00e9t\u00e9 &hellip; <a href=\"https:\/\/archives.adc-geneve.ch\/2021\/emissions-saison-19-20\/\">Continued<\/a><\/p>\n","protected":false},"author":3,"featured_media":0,"parent":0,"menu_order":0,"comment_status":"closed","ping_status":"closed","template":"","meta":[],"_links":{"self":[{"href":"https:\/\/archives.adc-geneve.ch\/2021\/wp-json\/wp\/v2\/pages\/15664"}],"collection":[{"href":"https:\/\/archives.adc-geneve.ch\/2021\/wp-json\/wp\/v2\/pages"}],"about":[{"href":"https:\/\/archives.adc-geneve.ch\/2021\/wp-json\/wp\/v2\/types\/page"}],"author":[{"embeddable":true,"href":"https:\/\/archives.adc-geneve.ch\/2021\/wp-json\/wp\/v2\/users\/3"}],"replies":[{"embeddable":true,"href":"https:\/\/archives.adc-geneve.ch\/2021\/wp-json\/wp\/v2\/comments?post=15664"}],"version-history":[{"count":4,"href":"https:\/\/archives.adc-geneve.ch\/2021\/wp-json\/wp\/v2\/pages\/15664\/revisions"}],"predecessor-version":[{"id":16721,"href":"https:\/\/archives.adc-geneve.ch\/2021\/wp-json\/wp\/v2\/pages\/15664\/revisions\/16721"}],"wp:attachment":[{"href":"https:\/\/archives.adc-geneve.ch\/2021\/wp-json\/wp\/v2\/media?parent=15664"}],"curies":[{"name":"wp","href":"https:\/\/api.w.org\/{rel}","templated":true}]}}