{"id":15616,"date":"2020-11-18T14:36:47","date_gmt":"2020-11-18T13:36:47","guid":{"rendered":"https:\/\/pavillon-adc.ch\/?page_id=15616"},"modified":"2021-01-22T08:36:27","modified_gmt":"2021-01-22T07:36:27","slug":"emissions-saison-18-19","status":"publish","type":"page","link":"https:\/\/archives.adc-geneve.ch\/2021\/emissions-saison-18-19\/","title":{"rendered":"\u00c9missions saison 18-19 | th\u00e9matique corps et oreille"},"content":{"rendered":"\n<h2>\u00c9missions Radio STATION DEBOUT | saison 18\u201419<\/h2>\n\n\n\n<p>Mich\u00e8le Pralong et l\u2019historien de la m\u00e9decine et performeur Vincent Barras ont invit\u00e9 un\/e chercheur\/e \u00e0 entrer en dialogue sur les th\u00e9matiques corps et oreille. Chambres d\u2019\u00e9cho de la saison, ces \u00e9missions ont ouvert un espace de r\u00e9flexion, d\u2019\u00e9mulation et de stimulation entre chercheurs, professionnels de la sc\u00e8ne et public.<\/p>\n\n\n\n<div style=\"height:40px\" aria-hidden=\"true\" class=\"wp-block-spacer\"><\/div>\n\n\n\n<p class=\"has-medium-font-size\"><strong>Trois \u00e9missions en 2018, \u00e0 l\u2019enseigne du&nbsp;<em>corps<\/em><\/strong><\/p>\n\n\n\n<div class=\"wp-container-6a05a4fd10027 wp-block-columns\">\n<div class=\"wp-block-column\">\n<figure class=\"wp-block-image size-large is-style-default\"><img loading=\"lazy\" width=\"1024\" height=\"724\" src=\"https:\/\/archives.adc-geneve.ch\/2021\/wp-content\/uploads\/2020\/11\/George_Vigarello-1024x724.jpg\" alt=\"\" class=\"wp-image-15638\" srcset=\"https:\/\/archives.adc-geneve.ch\/2021\/wp-content\/uploads\/2020\/11\/George_Vigarello-1024x724.jpg 1024w, https:\/\/archives.adc-geneve.ch\/2021\/wp-content\/uploads\/2020\/11\/George_Vigarello-300x212.jpg 300w, https:\/\/archives.adc-geneve.ch\/2021\/wp-content\/uploads\/2020\/11\/George_Vigarello-768x543.jpg 768w, https:\/\/archives.adc-geneve.ch\/2021\/wp-content\/uploads\/2020\/11\/George_Vigarello-1536x1086.jpg 1536w, https:\/\/archives.adc-geneve.ch\/2021\/wp-content\/uploads\/2020\/11\/George_Vigarello-2048x1448.jpg 2048w, https:\/\/archives.adc-geneve.ch\/2021\/wp-content\/uploads\/2020\/11\/George_Vigarello-1320x934.jpg 1320w\" sizes=\"(max-width: 1024px) 100vw, 1024px\" \/><\/figure>\n<\/div>\n\n\n\n<div class=\"wp-block-column\">\n<figure class=\"wp-block-image size-large\"><img loading=\"lazy\" width=\"1024\" height=\"724\" src=\"https:\/\/archives.adc-geneve.ch\/2021\/wp-content\/uploads\/2020\/11\/Enrico_Pitozzi-1024x724.jpg\" alt=\"\" class=\"wp-image-15636\" srcset=\"https:\/\/archives.adc-geneve.ch\/2021\/wp-content\/uploads\/2020\/11\/Enrico_Pitozzi-1024x724.jpg 1024w, https:\/\/archives.adc-geneve.ch\/2021\/wp-content\/uploads\/2020\/11\/Enrico_Pitozzi-300x212.jpg 300w, https:\/\/archives.adc-geneve.ch\/2021\/wp-content\/uploads\/2020\/11\/Enrico_Pitozzi-768x543.jpg 768w, https:\/\/archives.adc-geneve.ch\/2021\/wp-content\/uploads\/2020\/11\/Enrico_Pitozzi-1536x1086.jpg 1536w, https:\/\/archives.adc-geneve.ch\/2021\/wp-content\/uploads\/2020\/11\/Enrico_Pitozzi-2048x1448.jpg 2048w, https:\/\/archives.adc-geneve.ch\/2021\/wp-content\/uploads\/2020\/11\/Enrico_Pitozzi-1320x934.jpg 1320w\" sizes=\"(max-width: 1024px) 100vw, 1024px\" \/><\/figure>\n<\/div>\n\n\n\n<div class=\"wp-block-column\">\n<figure class=\"wp-block-image size-large\"><img loading=\"lazy\" width=\"1024\" height=\"724\" src=\"https:\/\/archives.adc-geneve.ch\/2021\/wp-content\/uploads\/2020\/11\/Christine_Roquet-1024x724.jpg\" alt=\"\" class=\"wp-image-15637\" srcset=\"https:\/\/archives.adc-geneve.ch\/2021\/wp-content\/uploads\/2020\/11\/Christine_Roquet-1024x724.jpg 1024w, https:\/\/archives.adc-geneve.ch\/2021\/wp-content\/uploads\/2020\/11\/Christine_Roquet-300x212.jpg 300w, https:\/\/archives.adc-geneve.ch\/2021\/wp-content\/uploads\/2020\/11\/Christine_Roquet-768x543.jpg 768w, https:\/\/archives.adc-geneve.ch\/2021\/wp-content\/uploads\/2020\/11\/Christine_Roquet-1536x1086.jpg 1536w, https:\/\/archives.adc-geneve.ch\/2021\/wp-content\/uploads\/2020\/11\/Christine_Roquet-2048x1448.jpg 2048w, https:\/\/archives.adc-geneve.ch\/2021\/wp-content\/uploads\/2020\/11\/Christine_Roquet-1320x934.jpg 1320w\" sizes=\"(max-width: 1024px) 100vw, 1024px\" \/><\/figure>\n<\/div>\n<\/div>\n\n\n\n<div class=\"wp-container-6a05a4fd10175 wp-block-columns\">\n<div class=\"wp-block-column\">\n<p><strong>\u00c9mission du 15 octobre avec Georges Vigarello.<\/strong><br>Philosophe et historien fran\u00e7ais, Georges Vigarello a notamment \u00e9tudi\u00e9 l\u2019histoire de la beaut\u00e9, l\u2019histoire de la virilit\u00e9, l\u2019histoire de la perception de soi, et plus r\u00e9cemment l\u2019histoire des \u00e9motions. Il a co-dirig\u00e9 avec Alain Corbin et Jean-Jacques Courtine la somme intitul\u00e9e Histoire du corps, paru en trois volumes au Seuil.<\/p>\n\n\n\n<figure class=\"wp-block-embed is-type-rich is-provider-mixcloud wp-block-embed-mixcloud wp-embed-aspect-21-9 wp-has-aspect-ratio\"><div class=\"wp-block-embed__wrapper\">\n<iframe loading=\"lazy\" title=\"Station Debout Ep 1 - Georges Vigarello - Adc - Quartier Libre\" width=\"100%\" height=\"120\" src=\"https:\/\/www.mixcloud.com\/widget\/iframe\/?feed=https%3A%2F%2Fwww.mixcloud.com%2FRadioVostok%2Fstation-debout-ep-1-georges-vigarello-adc-quartier-libre%2F&amp;hide_cover=1\" frameborder=\"0\"><\/iframe>\n<\/div><\/figure>\n<\/div>\n\n\n\n<div class=\"wp-block-column\">\n<p><strong>\u00c9mission du 12 novembre avec Enrico Pitozzi.<\/strong><br>Chercheur en \u00e9tudes th\u00e9\u00e2trales, Enrico Pitozzi est italien. Il travaille au croisement de disciplines telles que la neurophysiologie, la philosophie, la danse, les arts plastiques et la musique. En 2015, il a publi\u00e9 Magnetica. La Composition chor\u00e9graphique de Cindy Van Acker aux Editions Quodlibet.<\/p>\n\n\n\n<figure class=\"wp-block-embed is-type-rich is-provider-mixcloud wp-block-embed-mixcloud wp-embed-aspect-21-9 wp-has-aspect-ratio\"><div class=\"wp-block-embed__wrapper\">\n<iframe loading=\"lazy\" title=\"Station Debout Ep 2 -  Enrico Pitozzi - Adc - Quartier Libre\" width=\"100%\" height=\"120\" src=\"https:\/\/www.mixcloud.com\/widget\/iframe\/?feed=https%3A%2F%2Fwww.mixcloud.com%2FRadioVostok%2Fstation-debout-ep-2-adc-quartier-libre%2F&amp;hide_cover=1\" frameborder=\"0\"><\/iframe>\n<\/div><\/figure>\n<\/div>\n\n\n\n<div class=\"wp-block-column\">\n<p><strong>\u00c9mission du 10 d\u00e9cembre avec Christine Roquet.<\/strong><br>Docteure en esth\u00e9tique, sciences et technologies des arts, Christine Roquet pratique une approche syst\u00e9mique du geste expressif, et s\u2019int\u00e9resse notamment aux dimensions somatiques du mouvement. Derni\u00e8re publication\u00a0: \u201cLa lecture du geste, un outil pour la recherche en danse\u201d, dans la Revue Cena.<\/p>\n\n\n\n<figure class=\"wp-block-embed is-type-rich is-provider-mixcloud wp-block-embed-mixcloud wp-embed-aspect-21-9 wp-has-aspect-ratio\"><div class=\"wp-block-embed__wrapper\">\n<iframe loading=\"lazy\" title=\"Station Debout Ep 3 - Christine Roquet - Adc - Quartier Libre\" width=\"100%\" height=\"120\" src=\"https:\/\/www.mixcloud.com\/widget\/iframe\/?feed=https%3A%2F%2Fwww.mixcloud.com%2FRadioVostok%2Fstation-debout-ep-3-christine-roquet-adc-quartier-libre%2F&amp;hide_cover=1\" frameborder=\"0\"><\/iframe>\n<\/div><\/figure>\n<\/div>\n<\/div>\n\n\n\n<div class=\"wp-container-6a05a4fd1028c wp-block-columns\">\n<div class=\"wp-block-column\"><\/div>\n\n\n\n<div class=\"wp-block-column\"><\/div>\n\n\n\n<div class=\"wp-block-column\"><\/div>\n<\/div>\n\n\n\n<p class=\"has-medium-font-size\"><strong>Trois \u00e9missions en 2019, th\u00e9matique des&nbsp;<em>oreilles<\/em><\/strong><\/p>\n\n\n\n<div class=\"wp-container-6a05a4fd103d6 wp-block-columns\">\n<div class=\"wp-block-column\">\n<figure class=\"wp-block-image size-large\"><img loading=\"lazy\" width=\"1024\" height=\"724\" src=\"https:\/\/archives.adc-geneve.ch\/2021\/wp-content\/uploads\/2020\/11\/Matthieu_Saladin-1024x724.jpg\" alt=\"\" class=\"wp-image-15641\" srcset=\"https:\/\/archives.adc-geneve.ch\/2021\/wp-content\/uploads\/2020\/11\/Matthieu_Saladin-1024x724.jpg 1024w, https:\/\/archives.adc-geneve.ch\/2021\/wp-content\/uploads\/2020\/11\/Matthieu_Saladin-300x212.jpg 300w, https:\/\/archives.adc-geneve.ch\/2021\/wp-content\/uploads\/2020\/11\/Matthieu_Saladin-768x543.jpg 768w, https:\/\/archives.adc-geneve.ch\/2021\/wp-content\/uploads\/2020\/11\/Matthieu_Saladin-1536x1086.jpg 1536w, https:\/\/archives.adc-geneve.ch\/2021\/wp-content\/uploads\/2020\/11\/Matthieu_Saladin-2048x1448.jpg 2048w, https:\/\/archives.adc-geneve.ch\/2021\/wp-content\/uploads\/2020\/11\/Matthieu_Saladin-1320x934.jpg 1320w\" sizes=\"(max-width: 1024px) 100vw, 1024px\" \/><\/figure>\n<\/div>\n\n\n\n<div class=\"wp-block-column\">\n<figure class=\"wp-block-image size-large\"><img loading=\"lazy\" width=\"1024\" height=\"724\" src=\"https:\/\/archives.adc-geneve.ch\/2021\/wp-content\/uploads\/2020\/11\/Sophie_Klimis-1024x724.jpg\" alt=\"\" class=\"wp-image-15642\" srcset=\"https:\/\/archives.adc-geneve.ch\/2021\/wp-content\/uploads\/2020\/11\/Sophie_Klimis-1024x724.jpg 1024w, https:\/\/archives.adc-geneve.ch\/2021\/wp-content\/uploads\/2020\/11\/Sophie_Klimis-300x212.jpg 300w, https:\/\/archives.adc-geneve.ch\/2021\/wp-content\/uploads\/2020\/11\/Sophie_Klimis-768x543.jpg 768w, https:\/\/archives.adc-geneve.ch\/2021\/wp-content\/uploads\/2020\/11\/Sophie_Klimis-1536x1086.jpg 1536w, https:\/\/archives.adc-geneve.ch\/2021\/wp-content\/uploads\/2020\/11\/Sophie_Klimis-2048x1448.jpg 2048w, https:\/\/archives.adc-geneve.ch\/2021\/wp-content\/uploads\/2020\/11\/Sophie_Klimis-1320x934.jpg 1320w\" sizes=\"(max-width: 1024px) 100vw, 1024px\" \/><\/figure>\n<\/div>\n\n\n\n<div class=\"wp-block-column\">\n<figure class=\"wp-block-image size-large\"><img loading=\"lazy\" width=\"1024\" height=\"724\" src=\"https:\/\/archives.adc-geneve.ch\/2021\/wp-content\/uploads\/2020\/11\/Elena_Biserna-1024x724.jpg\" alt=\"\" class=\"wp-image-15643\" srcset=\"https:\/\/archives.adc-geneve.ch\/2021\/wp-content\/uploads\/2020\/11\/Elena_Biserna-1024x724.jpg 1024w, https:\/\/archives.adc-geneve.ch\/2021\/wp-content\/uploads\/2020\/11\/Elena_Biserna-300x212.jpg 300w, https:\/\/archives.adc-geneve.ch\/2021\/wp-content\/uploads\/2020\/11\/Elena_Biserna-768x543.jpg 768w, https:\/\/archives.adc-geneve.ch\/2021\/wp-content\/uploads\/2020\/11\/Elena_Biserna-1536x1086.jpg 1536w, https:\/\/archives.adc-geneve.ch\/2021\/wp-content\/uploads\/2020\/11\/Elena_Biserna-2048x1448.jpg 2048w, https:\/\/archives.adc-geneve.ch\/2021\/wp-content\/uploads\/2020\/11\/Elena_Biserna-1320x934.jpg 1320w\" sizes=\"(max-width: 1024px) 100vw, 1024px\" \/><\/figure>\n<\/div>\n<\/div>\n\n\n\n<div class=\"wp-container-6a05a4fd104ed wp-block-columns\">\n<div class=\"wp-block-column\">\n<p><strong>\u00c9mission du 14 janvier avec Matthieu Saladin<\/strong>.<br>Artiste et th\u00e9oricien du son, il est ma\u00eetre de conf\u00e9rences en arts plastiques \u00e0 l\u2019universit\u00e9 Paris 8. Il est notamment directeur de r\u00e9daction de la revue de recherche TACET, Sound in the Arts.<\/p>\n<\/div>\n\n\n\n<div class=\"wp-block-column\">\n<p><strong>\u00c9mission du 4 mars avec Sophie Klimis.<\/strong><br>Professeure de philosophie aux Facult\u00e9s Universitaires Saint-Louis de Bruxelles, elle coordonne les activit\u00e9s d\u2019une plateforme interdisciplinaire de recherche sur les arts du spectacle vivant en interaction avec les praticiens du th\u00e9\u00e2tre et de la danse.<\/p>\n<\/div>\n\n\n\n<div class=\"wp-block-column\">\n<p><strong>\u00c9mission du 1er avril avec Elena Biserna<\/strong>.<br>Chercheuse et curatrice ind\u00e9pendante, sa recherche porte sur l\u2019\u00e9coute, les arts sonores et les pratiques contextuelles li\u00e9es aux dynamiques urbaines.<\/p>\n<\/div>\n<\/div>\n\n\n\n<div class=\"wp-container-6a05a4fd10600 wp-block-columns\">\n<div class=\"wp-block-column\">\n<figure class=\"wp-block-embed is-type-rich is-provider-mixcloud wp-block-embed-mixcloud wp-embed-aspect-21-9 wp-has-aspect-ratio\"><div class=\"wp-block-embed__wrapper\">\n<iframe loading=\"lazy\" title=\"Station Debout Episode 4 \u2013 Matthieu Saladin \u2013 Adc \u2013 Quartier Libre\" width=\"100%\" height=\"120\" src=\"https:\/\/www.mixcloud.com\/widget\/iframe\/?feed=https%3A%2F%2Fwww.mixcloud.com%2FRadioVostok%2Fstation-debout-episode-4-matthieu-saladin-adc-quartier-libre%2F&amp;hide_cover=1\" frameborder=\"0\"><\/iframe>\n<\/div><\/figure>\n<\/div>\n\n\n\n<div class=\"wp-block-column\">\n<figure class=\"wp-block-embed is-type-rich is-provider-mixcloud wp-block-embed-mixcloud wp-embed-aspect-21-9 wp-has-aspect-ratio\"><div class=\"wp-block-embed__wrapper\">\n<iframe loading=\"lazy\" title=\"Station Debout Episode 5 \u2013 Sophie Klimis \u2013 Adc \u2013 Quartier Libre\" width=\"100%\" height=\"120\" src=\"https:\/\/www.mixcloud.com\/widget\/iframe\/?feed=https%3A%2F%2Fwww.mixcloud.com%2FRadioVostok%2Fstation-debout-episode-5-sophie-klimis-adc-quartier-libre%2F&amp;hide_cover=1\" frameborder=\"0\"><\/iframe>\n<\/div><\/figure>\n<\/div>\n\n\n\n<div class=\"wp-block-column\">\n<figure class=\"wp-block-embed is-type-rich is-provider-mixcloud wp-block-embed-mixcloud wp-embed-aspect-21-9 wp-has-aspect-ratio\"><div class=\"wp-block-embed__wrapper\">\n<iframe loading=\"lazy\" title=\"Station Debout Episode 6 - Elena Biserna - Adc - Quartier Libre\" width=\"100%\" height=\"120\" src=\"https:\/\/www.mixcloud.com\/widget\/iframe\/?feed=https%3A%2F%2Fwww.mixcloud.com%2FRadioVostok%2Fstation-debout-episode-6-elena-biserna-adc-quartier-libre%2F&amp;hide_cover=1\" frameborder=\"0\"><\/iframe>\n<\/div><\/figure>\n<\/div>\n<\/div>\n\n\n\n<p><\/p>\n","protected":false},"excerpt":{"rendered":"<p>\u00c9missions Radio STATION DEBOUT | saison 18\u201419 Mich\u00e8le Pralong et l\u2019historien de la m\u00e9decine et performeur Vincent Barras ont invit\u00e9 un\/e chercheur\/e \u00e0 entrer en dialogue sur les th\u00e9matiques corps et oreille. Chambres d\u2019\u00e9cho de la saison, ces \u00e9missions ont ouvert un espace de r\u00e9flexion, d\u2019\u00e9mulation et de stimulation entre chercheurs, professionnels de la sc\u00e8ne &hellip; <a href=\"https:\/\/archives.adc-geneve.ch\/2021\/emissions-saison-18-19\/\">Continued<\/a><\/p>\n","protected":false},"author":3,"featured_media":0,"parent":0,"menu_order":0,"comment_status":"closed","ping_status":"closed","template":"","meta":[],"_links":{"self":[{"href":"https:\/\/archives.adc-geneve.ch\/2021\/wp-json\/wp\/v2\/pages\/15616"}],"collection":[{"href":"https:\/\/archives.adc-geneve.ch\/2021\/wp-json\/wp\/v2\/pages"}],"about":[{"href":"https:\/\/archives.adc-geneve.ch\/2021\/wp-json\/wp\/v2\/types\/page"}],"author":[{"embeddable":true,"href":"https:\/\/archives.adc-geneve.ch\/2021\/wp-json\/wp\/v2\/users\/3"}],"replies":[{"embeddable":true,"href":"https:\/\/archives.adc-geneve.ch\/2021\/wp-json\/wp\/v2\/comments?post=15616"}],"version-history":[{"count":4,"href":"https:\/\/archives.adc-geneve.ch\/2021\/wp-json\/wp\/v2\/pages\/15616\/revisions"}],"predecessor-version":[{"id":16720,"href":"https:\/\/archives.adc-geneve.ch\/2021\/wp-json\/wp\/v2\/pages\/15616\/revisions\/16720"}],"wp:attachment":[{"href":"https:\/\/archives.adc-geneve.ch\/2021\/wp-json\/wp\/v2\/media?parent=15616"}],"curies":[{"name":"wp","href":"https:\/\/api.w.org\/{rel}","templated":true}]}}