{"id":130,"date":"2017-07-14T09:48:03","date_gmt":"2017-07-14T07:48:03","guid":{"rendered":"http:\/\/adc-geneve.ch\/v2\/?page_id=130"},"modified":"2021-04-13T17:13:07","modified_gmt":"2021-04-13T15:13:07","slug":"technique","status":"publish","type":"page","link":"https:\/\/archives.adc-geneve.ch\/2021\/technique\/","title":{"rendered":"Technique"},"content":{"rendered":"\n<div class=\"wp-container-69d6581bedf07 wp-block-group\"><div class=\"wp-block-group__inner-container\">\n<div class=\"wp-container-69d6581bec5c8 wp-block-columns\">\n<div class=\"wp-block-column\">\n<h2>Technique<\/h2>\n\n\n\n<h4><strong>Contact<\/strong><\/h4>\n\n\n\n<p>Jos\u00e9 Manuel Rodriguez<br>Christophe Bollondi<br><a href=\"mailto:technique@adc-geneve.ch\">technique@adc-geneve.ch<\/a><br>+41 (0)22 329 44 27<\/p>\n\n\n\n<div style=\"height:25px\" aria-hidden=\"true\" class=\"wp-block-spacer\"><\/div>\n\n\n\n<p><strong>Document utile<\/strong><br><a href=\"https:\/\/archives.adc-geneve.ch\/2021\/wp-content\/uploads\/2021\/04\/Fiche-technique_-Pavillon_2021.pdf\" target=\"_blank\" rel=\"noreferrer noopener\">Fiche technique du Pavillon<\/a><\/p>\n\n\n\n<div style=\"height:25px\" aria-hidden=\"true\" class=\"wp-block-spacer\"><\/div>\n\n\n\n<p><strong>Description de la salle<\/strong><br><\/p>\n\n\n\n<p>&#8211; Dimensions salle vide (sans gradins)<br>Longueur de mur \u00e0 mur : 23.50 m<br>Largueur de mur \u00e0 mur : 16.50 m<br><br>&#8211; Dimensions du plateau avec gradin frontal<br>Profondeur : 12 m<br>Largueur de mur \u00e0 mur : 16.50 m<br><br>&#8211; Jauge de la salle en frontale : 193 places<br><br><\/p>\n<\/div>\n\n\n\n<div class=\"wp-block-column\">\n<figure class=\"wp-block-image size-large\"><img loading=\"lazy\" width=\"1024\" height=\"683\" src=\"https:\/\/archives.adc-geneve.ch\/2021\/wp-content\/uploads\/2021\/04\/adc_suite_07-1024x683.jpg\" alt=\"\" class=\"wp-image-17256\" srcset=\"https:\/\/archives.adc-geneve.ch\/2021\/wp-content\/uploads\/2021\/04\/adc_suite_07-1024x683.jpg 1024w, https:\/\/archives.adc-geneve.ch\/2021\/wp-content\/uploads\/2021\/04\/adc_suite_07-300x200.jpg 300w, https:\/\/archives.adc-geneve.ch\/2021\/wp-content\/uploads\/2021\/04\/adc_suite_07-768x512.jpg 768w, https:\/\/archives.adc-geneve.ch\/2021\/wp-content\/uploads\/2021\/04\/adc_suite_07-1536x1024.jpg 1536w, https:\/\/archives.adc-geneve.ch\/2021\/wp-content\/uploads\/2021\/04\/adc_suite_07-2048x1365.jpg 2048w, https:\/\/archives.adc-geneve.ch\/2021\/wp-content\/uploads\/2021\/04\/adc_suite_07-1320x880.jpg 1320w\" sizes=\"(max-width: 1024px) 100vw, 1024px\" \/><figcaption>\u00a9 Georges Cabrera<\/figcaption><\/figure>\n\n\n\n<figure class=\"wp-block-image size-large\"><img loading=\"lazy\" width=\"1024\" height=\"683\" src=\"https:\/\/archives.adc-geneve.ch\/2021\/wp-content\/uploads\/2021\/03\/adc_suite_14-1-1024x683.jpg\" alt=\"\" class=\"wp-image-17059\" srcset=\"https:\/\/archives.adc-geneve.ch\/2021\/wp-content\/uploads\/2021\/03\/adc_suite_14-1-1024x683.jpg 1024w, https:\/\/archives.adc-geneve.ch\/2021\/wp-content\/uploads\/2021\/03\/adc_suite_14-1-300x200.jpg 300w, https:\/\/archives.adc-geneve.ch\/2021\/wp-content\/uploads\/2021\/03\/adc_suite_14-1-768x512.jpg 768w, https:\/\/archives.adc-geneve.ch\/2021\/wp-content\/uploads\/2021\/03\/adc_suite_14-1-1536x1024.jpg 1536w, https:\/\/archives.adc-geneve.ch\/2021\/wp-content\/uploads\/2021\/03\/adc_suite_14-1-2048x1365.jpg 2048w, https:\/\/archives.adc-geneve.ch\/2021\/wp-content\/uploads\/2021\/03\/adc_suite_14-1-1320x880.jpg 1320w\" sizes=\"(max-width: 1024px) 100vw, 1024px\" \/><figcaption>\u00a9 Georges Cabrera<\/figcaption><\/figure>\n<\/div>\n<\/div>\n<\/div><\/div>\n","protected":false},"excerpt":{"rendered":"","protected":false},"author":2,"featured_media":0,"parent":0,"menu_order":0,"comment_status":"closed","ping_status":"closed","template":"","meta":[],"_links":{"self":[{"href":"https:\/\/archives.adc-geneve.ch\/2021\/wp-json\/wp\/v2\/pages\/130"}],"collection":[{"href":"https:\/\/archives.adc-geneve.ch\/2021\/wp-json\/wp\/v2\/pages"}],"about":[{"href":"https:\/\/archives.adc-geneve.ch\/2021\/wp-json\/wp\/v2\/types\/page"}],"author":[{"embeddable":true,"href":"https:\/\/archives.adc-geneve.ch\/2021\/wp-json\/wp\/v2\/users\/2"}],"replies":[{"embeddable":true,"href":"https:\/\/archives.adc-geneve.ch\/2021\/wp-json\/wp\/v2\/comments?post=130"}],"version-history":[{"count":10,"href":"https:\/\/archives.adc-geneve.ch\/2021\/wp-json\/wp\/v2\/pages\/130\/revisions"}],"predecessor-version":[{"id":17259,"href":"https:\/\/archives.adc-geneve.ch\/2021\/wp-json\/wp\/v2\/pages\/130\/revisions\/17259"}],"wp:attachment":[{"href":"https:\/\/archives.adc-geneve.ch\/2021\/wp-json\/wp\/v2\/media?parent=130"}],"curies":[{"name":"wp","href":"https:\/\/api.w.org\/{rel}","templated":true}]}}