{"id":1137,"date":"2017-09-21T15:37:41","date_gmt":"2017-09-21T13:37:41","guid":{"rendered":"https:\/\/pavillon-adc.ch\/wp\/?page_id=1137"},"modified":"2020-06-16T12:40:09","modified_gmt":"2020-06-16T10:40:09","slug":"formulaire-utilisation-studios","status":"publish","type":"page","link":"https:\/\/archives.adc-geneve.ch\/2021\/espace-pro\/studios\/formulaire-utilisation-studios\/","title":{"rendered":"Utilisation des studios"},"content":{"rendered":"\n<h2>Principe fondateur<\/h2>\n\n\n\n<p>Mettre \u00e0 la disposition des professionnels de la danse contemporaine des espaces de cr\u00e9ation et de travail.<\/p>\n\n\n\n<h2>Attributions<\/h2>\n\n\n\n<p><strong>Les attributions suivent des crit\u00e8res de priorit\u00e9 : <\/strong>est prioritaire le travail de cr\u00e9ation d\u2019une compagnie de danse contemporaine programm\u00e9e par l\u2019adc, par un partenaire du passedanse,<br>puis par une autre infrastructure, et\/ou subventionn\u00e9e par la Ville de Gen\u00e8ve.<\/p>\n\n\n\n<h2>R\u00e8glement<\/h2>\n\n\n\n<p><a href=\"https:\/\/archives.adc-geneve.ch\/2021\/wp-content\/uploads\/2019\/09\/Reglement_aout2019.pdf\">R\u00e8glement int\u00e9rieur d&#8217;utilisation des studios<\/a>.<\/p>\n\n\n\n<h2>Demande d&#8217;informations<\/h2>\n\n\n\n<p><a rel=\"noopener noreferrer\" href=\"mailto:studios@adc-geneve.ch\" target=\"_blank\">studios@adc-geneve.ch<\/a><\/p>\n\n\n\n<h2>Formulaire d&#8217;inscription<\/h2>\n\n\n<div class=\"frm_forms  with_frm_style frm_style_formidable-style\" id=\"frm_form_16_container\" >\n<form enctype=\"multipart\/form-data\" method=\"post\" class=\"frm-show-form  frm_js_validate  frm_pro_form  frm_ajax_submit \" id=\"form_contact32\"  >\n<div class=\"frm_form_fields \">\n<fieldset>\n<legend class=\"frm_hidden\">Demande d'espace - Studios de l'ADC<\/legend>\r\n\r\n<div class=\"frm_fields_container\">\n<input type=\"hidden\" name=\"frm_action\" value=\"create\" \/>\n<input type=\"hidden\" name=\"form_id\" value=\"16\" \/>\n<input type=\"hidden\" name=\"frm_hide_fields_16\" id=\"frm_hide_fields_16\" value=\"\" \/>\n<input type=\"hidden\" name=\"form_key\" value=\"contact32\" \/>\n<input type=\"hidden\" name=\"item_meta[0]\" value=\"\" \/>\n<input type=\"hidden\" id=\"frm_submit_entry_16\" name=\"frm_submit_entry_16\" value=\"ea5911efa1\" \/><input type=\"hidden\" name=\"_wp_http_referer\" value=\"\/2021\/wp-json\/wp\/v2\/pages\/1137\" \/><div id=\"frm_field_172_container\" class=\"frm_form_field form-field  frm_required_field frm_top_container frm_first frm_half\">\r\n    <label for=\"field_lbeie\" class=\"frm_primary_label\">Nom de la compagnie \/ Association\r\n        <span class=\"frm_required\">*<\/span>\r\n    <\/label>\r\n    <input type=\"text\" id=\"field_lbeie\" name=\"item_meta[172]\" value=\"\"  data-reqmsg=\"Ce champ ne peut pas \u00eatre vide\" aria-required=\"true\" data-invmsg=\"Nom de la compagnie \/ Association est non valide\" aria-invalid=\"false\"  \/>\r\n    \r\n    \r\n<\/div>\n<div id=\"frm_field_163_container\" class=\"frm_form_field form-field  frm_required_field frm_top_container frm_first frm_half\">\r\n    <label for=\"field_v78cu2\" class=\"frm_primary_label\">Pr\u00e9nom\r\n        <span class=\"frm_required\">*<\/span>\r\n    <\/label>\r\n    <input type=\"text\" id=\"field_v78cu2\" name=\"item_meta[163]\" value=\"\"  data-reqmsg=\"Ce champ ne peut pas \u00eatre vide\" aria-required=\"true\" data-invmsg=\"Pr\u00e9nom est non valide\" aria-invalid=\"false\"  \/>\r\n    \r\n    \r\n<\/div>\n<div id=\"frm_field_162_container\" class=\"frm_form_field form-field  frm_required_field frm_top_container frm_half\">\r\n    <label for=\"field_qh4icy32\" class=\"frm_primary_label\">Nom\r\n        <span class=\"frm_required\">*<\/span>\r\n    <\/label>\r\n    <input type=\"text\" id=\"field_qh4icy32\" name=\"item_meta[162]\" value=\"\"  data-reqmsg=\"Ce champ ne peut pas \u00eatre vide\" aria-required=\"true\" data-invmsg=\"Nom est non valide\" aria-invalid=\"false\"  \/>\r\n    \r\n    \r\n<\/div>\n<div id=\"frm_field_164_container\" class=\"frm_form_field form-field  frm_required_field frm_top_container frm_first frm_half\">\r\n    <label for=\"field_29yf4d32\" class=\"frm_primary_label\">Email\r\n        <span class=\"frm_required\">*<\/span>\r\n    <\/label>\r\n    <input type=\"email\" id=\"field_29yf4d32\" name=\"item_meta[164]\" value=\"\"  data-reqmsg=\"Ce champ ne peut pas \u00eatre vide\" aria-required=\"true\" data-invmsg=\"Please enter a valid email address\" aria-invalid=\"false\"  \/>\r\n    \r\n    \r\n<\/div>\n<div id=\"frm_field_165_container\" class=\"frm_form_field form-field  frm_required_field frm_top_container frm_half\">\r\n    <label for=\"field_kuam32\" class=\"frm_primary_label\">T\u00e9l\u00e9phone\r\n        <span class=\"frm_required\">*<\/span>\r\n    <\/label>\r\n    <input type=\"tel\" id=\"field_kuam32\" name=\"item_meta[165]\" value=\"\"  data-reqmsg=\"Ce champ ne peut pas \u00eatre vide\" aria-required=\"true\" data-invmsg=\"T\u00e9l\u00e9phone est non valide\" aria-invalid=\"false\" pattern=\"((\\+\\d{1,3}(-|.| )?\\(?\\d\\)?(-| |.)?\\d{1,5})|(\\(?\\d{2,6}\\)?))(-|.| )?(\\d{3,4})(-|.| )?(\\d{4})(( x| ext)\\d{1,5}){0,1}$\"  \/>\r\n    \r\n    \r\n<\/div>\n<div id=\"frm_field_388_container\" class=\"frm_form_field form-field  frm_top_container\">\r\n    <label for=\"field_w6j7f\" class=\"frm_primary_label\">Site Web\r\n        <span class=\"frm_required\"><\/span>\r\n    <\/label>\r\n    <input type=\"url\" id=\"field_w6j7f\" name=\"item_meta[388]\" value=\"\"  data-invmsg=\"Site Web\/URL est non valide\" aria-invalid=\"false\"  \/>\r\n    \r\n    \r\n<\/div>\n<div id=\"frm_field_160_container\" class=\"frm_form_field form-field  frm_required_field frm_top_container vertical_radio\">\r\n    <label for=\"field_nkdrb2\" class=\"frm_primary_label\">Je souhaite disposer d'un studio pour\r\n        <span class=\"frm_required\">*<\/span>\r\n    <\/label>\r\n    \t\t<div class=\"frm_radio\" id=\"frm_radio_160-0\"><label for=\"field_nkdrb2-0\">\t\t<input type=\"radio\" name=\"item_meta[160]\" id=\"field_nkdrb2-0\" value=\"un travail de cr\u00e9ation\"\n\t\t   data-reqmsg=\"Ce champ ne peut pas \u00eatre vide\" data-invmsg=\"Je souhaite disposer d&#039;un studio pour est non valide\" aria-invalid=\"false\"  \/> un travail de cr\u00e9ation<\/label><\/div>\n\t\t<div class=\"frm_radio\" id=\"frm_radio_160-1\"><label for=\"field_nkdrb2-1\">\t\t<input type=\"radio\" name=\"item_meta[160]\" id=\"field_nkdrb2-1\" value=\"organiser un stage\"\n\t\t   data-reqmsg=\"Ce champ ne peut pas \u00eatre vide\" data-invmsg=\"Je souhaite disposer d&#039;un studio pour est non valide\" aria-invalid=\"false\"  \/> organiser un stage<\/label><\/div>\n\t\t<div class=\"frm_radio\" id=\"frm_radio_160-2\"><label for=\"field_nkdrb2-2\">\t\t<input type=\"radio\" name=\"item_meta[160]\" id=\"field_nkdrb2-2\" value=\"Autre\"\n\t\t   data-reqmsg=\"Ce champ ne peut pas \u00eatre vide\" data-invmsg=\"Je souhaite disposer d&#039;un studio pour est non valide\" aria-invalid=\"false\"  \/> Autre<\/label><\/div>\n\r\n    \r\n    \r\n<\/div>\n<div id=\"frm_field_182_container\" class=\"frm_form_field form-field  frm_required_field frm_top_container\">\r\n    <label for=\"field_n97np\" class=\"frm_primary_label\">Date(s) et cr\u00e9neau(x) horaire(s) souhait\u00e9(s)\r\n        <span class=\"frm_required\">*<\/span>\r\n    <\/label>\r\n    <textarea name=\"item_meta[182]\" id=\"field_n97np\" rows=\"5\"  data-reqmsg=\"Ce champ ne peut pas \u00eatre vide\" aria-required=\"true\" data-invmsg=\"Date(s) et cr\u00e9neau(x) horaire(s) souhait\u00e9(s) est non valide\" aria-invalid=\"false\"  ><\/textarea>\r\n    \r\n    \r\n<\/div>\n<div id=\"frm_field_170_container\" class=\"frm_form_field form-field  frm_required_field frm_top_container\">\r\n    <label for=\"field_z45m4\" class=\"frm_primary_label\">Description du stage\r\n        <span class=\"frm_required\">*<\/span>\r\n    <\/label>\r\n    <textarea name=\"item_meta[170]\" id=\"field_z45m4\" rows=\"5\"  data-reqmsg=\"Ce champ ne peut pas \u00eatre vide\" aria-required=\"true\" data-invmsg=\"Description du stage est non valide\" aria-invalid=\"false\"   aria-describedby=\"frm_desc_field_z45m4\"><\/textarea>\r\n    <div id=\"frm_desc_field_z45m4\" class=\"frm_description\">(maximum 10 lignes)<\/div>\r\n    \r\n<\/div>\n<div id=\"frm_field_171_container\" class=\"frm_form_field form-field  frm_required_field frm_top_container\">\r\n    <label for=\"field_yz3eh\" class=\"frm_primary_label\">Conditions de participation\r\n        <span class=\"frm_required\">*<\/span>\r\n    <\/label>\r\n    <textarea name=\"item_meta[171]\" id=\"field_yz3eh\" rows=\"5\"  data-reqmsg=\"Ce champ ne peut pas \u00eatre vide\" aria-required=\"true\" data-invmsg=\"Conditions de participation est non valide\" aria-invalid=\"false\"   aria-describedby=\"frm_desc_field_yz3eh\"><\/textarea>\r\n    <div id=\"frm_desc_field_yz3eh\" class=\"frm_description\">(A qui est destin\u00e9 le stage, pour combien de personnes, tarifs)<\/div>\r\n    \r\n<\/div>\n<div id=\"frm_field_181_container\" class=\"frm_form_field form-field  frm_required_field frm_top_container\">\r\n    <label for=\"field_xqb4r\" class=\"frm_primary_label\">Date(s) et cr\u00e9neau(x) horaire(s) souhait\u00e9(s)\r\n        <span class=\"frm_required\">*<\/span>\r\n    <\/label>\r\n    <textarea name=\"item_meta[181]\" id=\"field_xqb4r\" rows=\"5\"  data-reqmsg=\"Ce champ ne peut pas \u00eatre vide\" aria-required=\"true\" data-invmsg=\"Date(s) et cr\u00e9neau(x) horaire(s) souhait\u00e9(s) est non valide\" aria-invalid=\"false\"  ><\/textarea>\r\n    \r\n    \r\n<\/div>\n<div id=\"frm_field_175_container\" class=\"frm_form_field form-field  frm_required_field frm_top_container\">\r\n    <label for=\"field_kjhia\" class=\"frm_primary_label\">Description du projet\r\n        <span class=\"frm_required\">*<\/span>\r\n    <\/label>\r\n    <textarea name=\"item_meta[175]\" id=\"field_kjhia\" rows=\"5\"  data-reqmsg=\"Ce champ ne peut pas \u00eatre vide\" aria-required=\"true\" data-invmsg=\"Description du projet est non valide\" aria-invalid=\"false\"   aria-describedby=\"frm_desc_field_kjhia\"><\/textarea>\r\n    <div id=\"frm_desc_field_kjhia\" class=\"frm_description\">(maximum 10 lignes)<\/div>\r\n    \r\n<\/div>\n<div id=\"frm_field_176_container\" class=\"frm_form_field form-field  frm_required_field frm_top_container\">\r\n    <label for=\"field_gg8w0\" class=\"frm_primary_label\">Pr\u00e9ciser les dates et lieux de repr\u00e9sentations\r\n        <span class=\"frm_required\">*<\/span>\r\n    <\/label>\r\n    <textarea name=\"item_meta[176]\" id=\"field_gg8w0\" rows=\"5\"  data-reqmsg=\"Ce champ ne peut pas \u00eatre vide\" aria-required=\"true\" data-invmsg=\"Pr\u00e9ciser les dates et lieux de repr\u00e9sentations est non valide\" aria-invalid=\"false\"  ><\/textarea>\r\n    \r\n    \r\n<\/div>\n<div id=\"frm_field_177_container\" class=\"frm_form_field form-field  frm_required_field frm_top_container vertical_radio frm_other_container\">\r\n    <label for=\"field_z19uq\" class=\"frm_primary_label\">Subventions accord\u00e9es par la Ville de Gen\u00e8ve\r\n        <span class=\"frm_required\">*<\/span>\r\n    <\/label>\r\n    \t\t<div class=\"frm_checkbox\" id=\"frm_checkbox_177-0\"><label for=\"field_z19uq-0\"><input type=\"checkbox\" name=\"item_meta[177][]\" id=\"field_z19uq-0\" value=\"oui\"  data-reqmsg=\"Ce champ ne peut pas \u00eatre vide\" data-invmsg=\"Subventions accord\u00e9es par la Ville de Gen\u00e8ve est non valide\" aria-invalid=\"false\"   \/> oui<\/label><\/div>\n\t\t<div class=\"frm_checkbox\" id=\"frm_checkbox_177-1\"><label for=\"field_z19uq-1\"><input type=\"checkbox\" name=\"item_meta[177][]\" id=\"field_z19uq-1\" value=\"non\"  data-reqmsg=\"Ce champ ne peut pas \u00eatre vide\" data-invmsg=\"Subventions accord\u00e9es par la Ville de Gen\u00e8ve est non valide\" aria-invalid=\"false\"   \/> non<\/label><\/div>\n\t\t<div class=\"frm_checkbox\" id=\"frm_checkbox_177-other_2\"><label for=\"field_z19uq-other_2\"><input type=\"checkbox\" name=\"item_meta[177][other_2]\" id=\"field_z19uq-other_2\" value=\"Autre\"  data-reqmsg=\"Ce champ ne peut pas \u00eatre vide\" data-invmsg=\"Subventions accord\u00e9es par la Ville de Gen\u00e8ve est non valide\" aria-invalid=\"false\"   \/> Autre<\/label><label for=\"field_z19uq-other_2-otext\" class=\"frm_screen_reader frm_hidden\">Autre<\/label><input type=\"text\" id=\"field_z19uq-other_2-otext\" class=\"frm_other_input frm_pos_none\"  name=\"item_meta[other][177][other_2]\" value=\"\" \/><\/div>\n\r\n    \r\n    \r\n<\/div>\n<div id=\"frm_field_166_container\" class=\"frm_form_field form-field  frm_required_field frm_top_container\">\r\n    <label for=\"field_wchye2\" class=\"frm_primary_label\">Adresse de facturation\r\n        <span class=\"frm_required\">*<\/span>\r\n    <\/label>\r\n    <input type=\"text\" id=\"field_wchye2\" name=\"item_meta[166]\" value=\"\"  data-reqmsg=\"Ce champ ne peut pas \u00eatre vide\" aria-required=\"true\" data-invmsg=\"Adresse de facturation est non valide\" aria-invalid=\"false\"  \/>\r\n    \r\n    \r\n<\/div>\n<div id=\"frm_field_167_container\" class=\"frm_form_field form-field  frm_required_field frm_top_container frm_first frm_half\">\r\n    <label for=\"field_1bpnt2\" class=\"frm_primary_label\">Code postal\r\n        <span class=\"frm_required\">*<\/span>\r\n    <\/label>\r\n    <input type=\"text\" id=\"field_1bpnt2\" name=\"item_meta[167]\" value=\"\"  data-reqmsg=\"Ce champ ne peut pas \u00eatre vide\" aria-required=\"true\" data-invmsg=\"Code postal est non valide\" aria-invalid=\"false\"  \/>\r\n    \r\n    \r\n<\/div>\n<div id=\"frm_field_168_container\" class=\"frm_form_field form-field  frm_required_field frm_top_container frm_half\">\r\n    <label for=\"field_zr31l2\" class=\"frm_primary_label\">Ville\r\n        <span class=\"frm_required\">*<\/span>\r\n    <\/label>\r\n    <input type=\"text\" id=\"field_zr31l2\" name=\"item_meta[168]\" value=\"\"  data-reqmsg=\"Ce champ ne peut pas \u00eatre vide\" aria-required=\"true\" data-invmsg=\"Ville est non valide\" aria-invalid=\"false\"  \/>\r\n    \r\n    \r\n<\/div>\n<div id=\"frm_field_183_container\" class=\"frm_form_field form-field  frm_required_field frm_top_container\">\r\n    <label for=\"field_etdvl\" class=\"frm_primary_label\">Description\r\n        <span class=\"frm_required\">*<\/span>\r\n    <\/label>\r\n    <textarea name=\"item_meta[183]\" id=\"field_etdvl\" rows=\"5\"  data-reqmsg=\"Ce champ ne peut pas \u00eatre vide\" aria-required=\"true\" data-invmsg=\"Description est non valide\" aria-invalid=\"false\"  ><\/textarea>\r\n    \r\n    \r\n<\/div>\n\t<input type=\"hidden\" name=\"item_key\" value=\"\" \/>\n\t<div class=\"frm_submit\">\r\n\r\n<button class=\"frm_button_submit frm_final_submit\" type=\"submit\"   formnovalidate=\"formnovalidate\">Envoyer<\/button>\r\n\r\n<\/div><\/div>\n<\/fieldset>\n<\/div>\n<\/form>\n<\/div>\n\n\n\n\n<h2>Horaires<\/h2>\n\n\n\n<p><strong>Les trois studios disposent de tranches horaires pr\u00e9d\u00e9finies<\/strong><br>&#8211; Grand studio&nbsp;: 9h-14h \/ 14h-18h \/ 18h-20h \/ 20h-24h<br>&#8211; Studio du fond&nbsp;: 9h-13h \/ 13h-18h \/ 18h-24h<br>&#8211; Studio du haut&nbsp;: 9h-15h \/ 15h-20h \/ 20h-24h<\/p>\n\n\n\n<p><strong>Capacit\u00e9 d\u2019accueil<br><\/strong>\u2013 50 personnes : aile ADC 2\u00e8me \u00e9tage (grand studio + studio du fond compris)<br>\u2013 50 personnes : studio du haut (3\u00e8me \u00e9tage)<\/p>\n","protected":false},"excerpt":{"rendered":"<p>Principe fondateur Mettre \u00e0 la disposition des professionnels de la danse contemporaine des espaces de cr\u00e9ation et de travail. Attributions Les attributions suivent des crit\u00e8res de priorit\u00e9 : est prioritaire le travail de cr\u00e9ation d\u2019une compagnie de danse contemporaine programm\u00e9e par l\u2019adc, par un partenaire du passedanse,puis par une autre infrastructure, et\/ou subventionn\u00e9e par la &hellip; <a href=\"https:\/\/archives.adc-geneve.ch\/2021\/espace-pro\/studios\/formulaire-utilisation-studios\/\">Continued<\/a><\/p>\n","protected":false},"author":3,"featured_media":0,"parent":230,"menu_order":0,"comment_status":"closed","ping_status":"closed","template":"","meta":[],"_links":{"self":[{"href":"https:\/\/archives.adc-geneve.ch\/2021\/wp-json\/wp\/v2\/pages\/1137"}],"collection":[{"href":"https:\/\/archives.adc-geneve.ch\/2021\/wp-json\/wp\/v2\/pages"}],"about":[{"href":"https:\/\/archives.adc-geneve.ch\/2021\/wp-json\/wp\/v2\/types\/page"}],"author":[{"embeddable":true,"href":"https:\/\/archives.adc-geneve.ch\/2021\/wp-json\/wp\/v2\/users\/3"}],"replies":[{"embeddable":true,"href":"https:\/\/archives.adc-geneve.ch\/2021\/wp-json\/wp\/v2\/comments?post=1137"}],"version-history":[{"count":0,"href":"https:\/\/archives.adc-geneve.ch\/2021\/wp-json\/wp\/v2\/pages\/1137\/revisions"}],"up":[{"embeddable":true,"href":"https:\/\/archives.adc-geneve.ch\/2021\/wp-json\/wp\/v2\/pages\/230"}],"wp:attachment":[{"href":"https:\/\/archives.adc-geneve.ch\/2021\/wp-json\/wp\/v2\/media?parent=1137"}],"curies":[{"name":"wp","href":"https:\/\/api.w.org\/{rel}","templated":true}]}}