{"id":1052,"date":"2017-09-21T15:46:47","date_gmt":"2017-09-21T13:46:47","guid":{"rendered":"https:\/\/pavillon-adc.ch\/wp\/?page_id=1052"},"modified":"2020-09-16T09:28:41","modified_gmt":"2020-09-16T07:28:41","slug":"cours","status":"publish","type":"page","link":"https:\/\/archives.adc-geneve.ch\/2021\/espace-pro\/studios\/cours\/","title":{"rendered":"Cours hebdomadaires"},"content":{"rendered":"\n<h2>Cours hebdomadaires<\/h2>\n\n\n\n<div style=\"height:20px\" aria-hidden=\"true\" class=\"wp-block-spacer\"><\/div>\n\n\n\n<div class=\"wp-container-6a05b0827f957 wp-block-columns\">\n<div class=\"wp-block-column\">\n<p><strong>Tous les lundis de 18h30 \u00e0 20h<\/strong><br><strong>Cours de danse contemporaine &#8211; travail au sol avec Laura Tanner<\/strong><\/p>\n\n\n\n<p class=\"has-normal-font-size\">Le cours d\u00e9bute par une&nbsp;prise de conscience du poids du corps dans le sol, de la d\u00e9tente musculaire et une observation de sa respiration, tout en&nbsp;\u00e9tirant son corps.<br>Ensuite, nous travaillons sur l\u2019\u00e9quilibre, la coordination et le tonus musculaire pour terminer avec une exploration du d\u00e9placement du poids du corps dans l&#8217;espace en utilisant les&nbsp;diff\u00e9rentes dynamiques et qualit\u00e9s de mouvement.<\/p>\n\n\n\n<p class=\"has-normal-font-size\">Niveaux : d\u00e9butant et\u00a0interm\u00e9diaire<br>Infos et inscriptions : <a href=\"mailto:laura@cieltanner.ch\">laura@cieltanner.ch<\/a> | +41(0)22 320 93 90<br><\/p>\n\n\n\n<div style=\"height:20px\" aria-hidden=\"true\" class=\"wp-block-spacer\"><\/div>\n\n\n\n<p><strong>Tous les mardis de 18h30 \u00e0 20h<\/strong><br><strong>Cours\/atelier de danse contemporaine avec Catherine Egger<br><\/strong>P\u00e9dagogue, Catherine Egger oriente son travail vers l\u2019ouverture aux arts avec le corps et les sens comme m\u00e9diums artistiques.<br>Le cours ouvre un espace o\u00f9 exp\u00e9rimenter le vocabulaire gestuel de la danse contemporaine \u00e0 travers des suites d&#8217;exercices (s\u00e9ries courtes et longues, au sol et dans l&#8217;espace) et explorer, ressentir le mouvement.<\/p>\n\n\n\n<p>Infos et inscriptions : <a href=\"mailto:danse.et.dansez@gmail.com\">danse.et.dansez@gmail.com<\/a> | +41 (0)79 426 68 36<br><a href=\"http:\/\/www.danseetdansez.com\" target=\"_blank\" rel=\"noreferrer noopener\">www.danseetdansez.com<\/a><\/p>\n<\/div>\n\n\n\n<div class=\"wp-block-column\">\n<p><strong>Tous les mercredis de 18h30 \u00e0 20h<\/strong><br><strong>Danse inclusive pour adultes &#8211; <a href=\"https:\/\/www.danse-habile.ch\/index.php\">association dansehabile<\/a><\/strong><br>Ces ateliers visent \u00e0 donner des outils cr\u00e9atifs et corporels aux participants en privil\u00e9giant, \u00e0 travers le mouvement et les interactions, l\u2019\u00e9coute, l\u2019exploration et l\u2019improvisation, sans se focaliser sur un apprentissage technique. El\u00e9ments moteurs de la d\u00e9marche p\u00e9dagogique, ces ateliers sont repens\u00e9s en fonction des besoins des participants et de l\u2019\u00e9volution du groupe.<\/p>\n\n\n\n<p>Infos et inscriptions : <a href=\"mailto:info@dansehabile.ch\">info@dansehabile.ch<\/a> | +41 (0)22 800 16 15<br><a href=\"https:\/\/www.danse-habile.ch\/index.php\" target=\"_blank\" rel=\"noreferrer noopener\">www.danse-habile.ch<\/a><br><br><\/p>\n\n\n\n<div style=\"height:20px\" aria-hidden=\"true\" class=\"wp-block-spacer\"><\/div>\n\n\n\n<p><strong>Tous les samedis de 17h30 \u00e0 19h (avant la jam)<\/strong><br><strong><a href=\"http:\/\/www.contactimprogeneve.ch\/contact_improvisation_fr.htm\">Cours de danse contact improvisation<\/a> &#8211; tous niveaux<\/strong><br>Le cours est donn\u00e9 par\u00a0diff\u00e9rents enseignants de la place<\/p>\n\n\n\n<p>Infos et inscriptions : <a href=\"mailto:contact@contactimprogeneve.ch\">contact@contactimprogeneve.ch<\/a> | +41 (0)78 640 55 60<br><a href=\"http:\/\/contactimprogeneve.ch\/contact_improvisation_fr.htm\" target=\"_blank\" rel=\"noreferrer noopener\">www.contactimprogeneve.ch<\/a><\/p>\n<\/div>\n<\/div>\n","protected":false},"excerpt":{"rendered":"<p>Cours hebdomadaires Tous les lundis de 18h30 \u00e0 20hCours de danse contemporaine &#8211; travail au sol avec Laura Tanner Le cours d\u00e9bute par une&nbsp;prise de conscience du poids du corps dans le sol, de la d\u00e9tente musculaire et une observation de sa respiration, tout en&nbsp;\u00e9tirant son corps.Ensuite, nous travaillons sur l\u2019\u00e9quilibre, la coordination et le &hellip; <a href=\"https:\/\/archives.adc-geneve.ch\/2021\/espace-pro\/studios\/cours\/\">Continued<\/a><\/p>\n","protected":false},"author":3,"featured_media":0,"parent":230,"menu_order":0,"comment_status":"closed","ping_status":"closed","template":"","meta":[],"_links":{"self":[{"href":"https:\/\/archives.adc-geneve.ch\/2021\/wp-json\/wp\/v2\/pages\/1052"}],"collection":[{"href":"https:\/\/archives.adc-geneve.ch\/2021\/wp-json\/wp\/v2\/pages"}],"about":[{"href":"https:\/\/archives.adc-geneve.ch\/2021\/wp-json\/wp\/v2\/types\/page"}],"author":[{"embeddable":true,"href":"https:\/\/archives.adc-geneve.ch\/2021\/wp-json\/wp\/v2\/users\/3"}],"replies":[{"embeddable":true,"href":"https:\/\/archives.adc-geneve.ch\/2021\/wp-json\/wp\/v2\/comments?post=1052"}],"version-history":[{"count":3,"href":"https:\/\/archives.adc-geneve.ch\/2021\/wp-json\/wp\/v2\/pages\/1052\/revisions"}],"predecessor-version":[{"id":14833,"href":"https:\/\/archives.adc-geneve.ch\/2021\/wp-json\/wp\/v2\/pages\/1052\/revisions\/14833"}],"up":[{"embeddable":true,"href":"https:\/\/archives.adc-geneve.ch\/2021\/wp-json\/wp\/v2\/pages\/230"}],"wp:attachment":[{"href":"https:\/\/archives.adc-geneve.ch\/2021\/wp-json\/wp\/v2\/media?parent=1052"}],"curies":[{"name":"wp","href":"https:\/\/api.w.org\/{rel}","templated":true}]}}